{"id":2628,"date":"2020-08-27T00:18:47","date_gmt":"2020-08-27T05:18:47","guid":{"rendered":"https:\/\/www.afi.pe\/?page_id=2628"},"modified":"2025-12-18T20:13:29","modified_gmt":"2025-12-19T01:13:29","slug":"servicios-de-auditoria-financiera","status":"publish","type":"page","link":"https:\/\/www.afi.pe\/en\/servicios-de-auditoria-financiera\/","title":{"rendered":"Servicios de Auditor\u00eda Financiera"},"content":{"rendered":"<p>[et_pb_section fb_built=\u00bb1&#8243; admin_label=\u00bbHeader\u00bb _builder_version=\u00bb4.16&#8243; use_background_color_gradient=\u00bbon\u00bb background_color_gradient_stops=\u00bbrgba(0,19,46,0.81) 0%|#00132e 100%\u00bb background_color_gradient_overlays_image=\u00bbon\u00bb background_color_gradient_start=\u00bbrgba(0,19,46,0.81)\u00bb background_color_gradient_end=\u00bb#00132e\u00bb background_image=\u00bbhttps:\/\/www.afi.pe\/wp-content\/uploads\/2020\/08\/servicios-afi.jpg\u00bb custom_padding=\u00bb||||false|false\u00bb global_colors_info=\u00bb{}\u00bb][et_pb_row _builder_version=\u00bb4.16&#8243; global_colors_info=\u00bb{}\u00bb][et_pb_column type=\u00bb4_4&#8243; _builder_version=\u00bb4.16&#8243; global_colors_info=\u00bb{}\u00bb][et_pb_text _builder_version=\u00bb4.16&#8243; _module_preset=\u00bbdefault\u00bb text_font=\u00bbDidact Gothic|700|||||||\u00bb text_text_color=\u00bb#ffffff\u00bb text_font_size=\u00bb40px\u00bb text_orientation=\u00bbcenter\u00bb global_colors_info=\u00bb{}\u00bb]<\/p>\n<p style=\"text-align: left;\">| Auditor\u00eda Financiera<\/p>\n<p>[\/et_pb_text][\/et_pb_column][\/et_pb_row][\/et_pb_section][et_pb_section fb_built=\u00bb1&#8243; _builder_version=\u00bb4.16&#8243; _module_preset=\u00bbdefault\u00bb custom_padding=\u00bb||0px|||\u00bb global_colors_info=\u00bb{}\u00bb][et_pb_row column_structure=\u00bb1_3,2_3&#8243; _builder_version=\u00bb4.16&#8243; _module_preset=\u00bbdefault\u00bb global_colors_info=\u00bb{}\u00bb][et_pb_column type=\u00bb1_3&#8243; _builder_version=\u00bb4.16&#8243; _module_preset=\u00bbdefault\u00bb global_colors_info=\u00bb{}\u00bb][et_pb_blurb title=\u00bbAuditor\u00eda Financiera\u00bb image=\u00bbhttps:\/\/www.afi.pe\/wp-content\/uploads\/2020\/08\/auditoriax2.png\u00bb _builder_version=\u00bb4.16&#8243; header_level=\u00bbh1&#8243; header_font=\u00bbDidact Gothic|900|||||||\u00bb header_text_align=\u00bbcenter\u00bb header_text_color=\u00bb#171932&#8243; header_font_size=\u00bb36px\u00bb body_font=\u00bbDidact Gothic|600|||||||\u00bb body_text_color=\u00bb#0c71c3&#8243; body_font_size=\u00bb28px\u00bb body_line_height=\u00bb1.4em\u00bb text_orientation=\u00bbcenter\u00bb animation=\u00bboff\u00bb header_font_size_tablet=\u00bb30px\u00bb header_font_size_phone=\u00bb24px\u00bb header_font_size_last_edited=\u00bbon|phone\u00bb inline_fonts=\u00bbABeeZee\u00bb global_colors_info=\u00bb{}\u00bb]\u00bfEn que consiste?[\/et_pb_blurb][\/et_pb_column][et_pb_column type=\u00bb2_3&#8243; _builder_version=\u00bb4.16&#8243; _module_preset=\u00bbdefault\u00bb global_colors_info=\u00bb{}\u00bb][et_pb_text _builder_version=\u00bb4.27.4&#8243; _module_preset=\u00bbdefault\u00bb text_font=\u00bbDidact Gothic||||||||\u00bb text_font_size=\u00bb18px\u00bb hover_enabled=\u00bb0&#8243; inline_fonts=\u00bbABeeZee\u00bb global_colors_info=\u00bb{}\u00bb custom_padding=\u00bb||0px|||\u00bb sticky_enabled=\u00bb0&#8243;]<\/p>\n<p>En AFI Consultores de Empresas, entendemos la auditor\u00eda financiera como una herramienta estrat\u00e9gica que va m\u00e1s all\u00e1 de la simple revisi\u00f3n de estados financieros. Nuestro compromiso es garantizar que la informaci\u00f3n contable refleje de manera fiel y razonable la situaci\u00f3n econ\u00f3mica y financiera, asegurando el cumplimiento riguroso de las normativas contables y legales vigentes. As\u00ed, brindamos seguridad y confianza a todos los usuarios de su informaci\u00f3n financiera, incluyendo inversores, clientes, proveedores y autoridades regulatorias.<\/p>\n<p>&nbsp;<\/p>\n<p>[\/et_pb_text][\/et_pb_column][\/et_pb_row][\/et_pb_section][et_pb_section fb_built=\u00bb1&#8243; _builder_version=\u00bb4.16&#8243; _module_preset=\u00bbdefault\u00bb background_color=\u00bbrgba(224,224,224,0.78)\u00bb use_background_color_gradient=\u00bbon\u00bb background_color_gradient_direction=\u00bb107deg\u00bb background_color_gradient_stops=\u00bbrgba(255,255,255,0.88) 0%|#ffffff 100%\u00bb background_color_gradient_overlays_image=\u00bbon\u00bb background_color_gradient_start=\u00bbrgba(255,255,255,0.88)\u00bb background_color_gradient_end=\u00bb#ffffff\u00bb background_image=\u00bbhttps:\/\/www.afi.pe\/wp-content\/uploads\/2020\/11\/contabilidad-consultoria-en-lima.jpg\u00bb custom_padding=\u00bb30px|||||\u00bb global_colors_info=\u00bb{}\u00bb][et_pb_row _builder_version=\u00bb4.16&#8243; _module_preset=\u00bbdefault\u00bb custom_padding=\u00bb||4px|||\u00bb global_colors_info=\u00bb{}\u00bb][et_pb_column type=\u00bb4_4&#8243; _builder_version=\u00bb4.16&#8243; _module_preset=\u00bbdefault\u00bb global_colors_info=\u00bb{}\u00bb][et_pb_text _builder_version=\u00bb4.27.4&#8243; _module_preset=\u00bbdefault\u00bb text_font=\u00bbDidact Gothic||||||||\u00bb text_text_color=\u00bb#545454&#8243; text_font_size=\u00bb20px\u00bb custom_padding=\u00bb||0px|||\u00bb hover_enabled=\u00bb0&#8243; global_colors_info=\u00bb{}\u00bb sticky_enabled=\u00bb0&#8243;]<\/p>\n<p>Nuestra auditor\u00eda independiente y profesional aporta una visi\u00f3n imparcial, libre de influencias operativas, que fortalece la confianza y la credibilidad frente a terceros, generado un valor real a nuestros clientes, que respalda y facilita la toma de decisiones de los diferentes usuarios debidamente informados.<\/p>\n<p>El servicio que ofrecemos brinda herramientas confiables, objetivas y fundamentadas para evaluar la capacidad de la empresa de generar rentabilidad y flujo de efectivo, as\u00ed como para garantizar el cumplimiento oportuno de sus compromisos financieros.<\/p>\n<p>Adem\u00e1s de validar la informaci\u00f3n financiera, fomentamos la mejora continua en los procesos y controles contables, administrativos y financieros, impulsando la optimizaci\u00f3n de la gesti\u00f3n interna, la transparencia y la sostenibilidad a largo plazo. En AFI Consultores de Empresas, acompa\u00f1amos a nuestros clientes en su crecimiento y consolidaci\u00f3n, asegurando que cada paso est\u00e9 respaldado por est\u00e1ndares s\u00f3lidos y pr\u00e1cticas de excelencia.<\/p>\n<p>Aqu\u00ed detallamos nuestros servicios de auditoria:<\/p>\n<p>[\/et_pb_text][\/et_pb_column][\/et_pb_row][et_pb_row column_structure=\u00bb1_3,1_3,1_3&#8243; _builder_version=\u00bb4.16&#8243; _module_preset=\u00bbdefault\u00bb global_colors_info=\u00bb{}\u00bb][et_pb_column type=\u00bb1_3&#8243; _builder_version=\u00bb4.16&#8243; _module_preset=\u00bbdefault\u00bb global_colors_info=\u00bb{}\u00bb][et_pb_blurb use_icon=\u00bbon\u00bb font_icon=\u00bb&#x68;||divi||400&#8243; icon_color=\u00bb#ffffff\u00bb image_icon_background_color=\u00bb#0E122F\u00bb image_icon_width=\u00bb30px\u00bb _builder_version=\u00bb4.16&#8243; header_level=\u00bbh1&#8243; header_font=\u00bbDidact Gothic|900||on|||||\u00bb header_text_color=\u00bb#0c71c3&#8243; header_font_size=\u00bb25px\u00bb body_font=\u00bbDidact Gothic|600|||||||\u00bb body_text_color=\u00bbrgba(14,18,47,0.77)\u00bb body_font_size=\u00bb17px\u00bb body_line_height=\u00bb1.4em\u00bb image_icon_custom_padding=\u00bb25px|25px|25px|25px|false|false\u00bb custom_padding=\u00bb||0px|||\u00bb animation=\u00bboff\u00bb header_font_size_tablet=\u00bb30px\u00bb header_font_size_phone=\u00bb24px\u00bb header_font_size_last_edited=\u00bbon|phone\u00bb border_radii_image=\u00bbon|100%|100%|100%|100%\u00bb icon_font_size=\u00bb30px\u00bb use_circle=\u00bbon\u00bb circle_color=\u00bb#0E122F\u00bb inline_fonts=\u00bbABeeZee\u00bb global_colors_info=\u00bb{}\u00bb image_icon_background_color__sticky_enabled=\u00bb#000133&#8243; image_icon_background_color__sticky=\u00bb#000133&#8243;]<\/p>\n<h2 style=\"text-align: center;\">Auditor\u00eda Financiera<\/h2>\n<p>La auditor\u00eda financiera es un proceso integral que consiste en el examen detallado de los estados financieros de una organizaci\u00f3n para emitir una opini\u00f3n profesional sobre su razonabilidad y transparencia. Nuestra labor se rige por los m\u00e1s altos est\u00e1ndares internacionales que brindan las Normas Intrenaciones de\u00a0 aAuditor\u00eda (NIA), garantizando confianza y credibilidad a nuestros clientes y sus partes interesadas.<\/p>\n<p>Adem\u00e1s de validar la informaci\u00f3n financiera, complementamos el an\u00e1lisis con un estudio contable, financiero y tributario, identificando oportunidades de mejora, riesgos potenciales y asegurando el cumplimiento normativo. Nuestro enfoque multidisciplinario permite brindar un valor agregado estrat\u00e9gico que contribuye a la toma de decisiones informadas y al fortalecimiento de la salud econ\u00f3mica de su empresa.<\/p>\n<p>[\/et_pb_blurb][\/et_pb_column][et_pb_column type=\u00bb1_3&#8243; _builder_version=\u00bb4.16&#8243; _module_preset=\u00bbdefault\u00bb global_colors_info=\u00bb{}\u00bb][et_pb_blurb use_icon=\u00bbon\u00bb font_icon=\u00bb&#xe0ec;||divi||400&#8243; icon_color=\u00bb#ffffff\u00bb image_icon_background_color=\u00bb#0E122F\u00bb image_icon_width=\u00bb30px\u00bb _builder_version=\u00bb4.16&#8243; header_font=\u00bbDidact Gothic|900|||||||\u00bb header_text_color=\u00bb#0c71c3&#8243; header_font_size=\u00bb25px\u00bb body_font=\u00bbDidact Gothic|600|||||||\u00bb body_text_color=\u00bbrgba(14,18,47,0.77)\u00bb body_font_size=\u00bb17px\u00bb body_line_height=\u00bb1.4em\u00bb image_icon_custom_padding=\u00bb25px|25px|25px|25px|false|false\u00bb animation=\u00bboff\u00bb header_font_size_tablet=\u00bb30px\u00bb header_font_size_phone=\u00bb24px\u00bb header_font_size_last_edited=\u00bbon|phone\u00bb border_radii_image=\u00bbon|100%|100%|100%|100%\u00bb icon_font_size=\u00bb30px\u00bb use_circle=\u00bbon\u00bb circle_color=\u00bb#0E122F\u00bb inline_fonts=\u00bbABeeZee\u00bb global_colors_info=\u00bb{}\u00bb image_icon_background_color__sticky_enabled=\u00bb#000133&#8243; image_icon_background_color__sticky=\u00bb#000133&#8243;]<\/p>\n<h2 style=\"text-align: center;\">Due dilligence<\/h2>\n<p>El servicio especializado de Debida Diligencia es un proceso integral de investigaci\u00f3n y an\u00e1lisis que permite conocer en profundidad la situaci\u00f3n real de una empresa o proyecto antes de llevar a cabo una operaci\u00f3n de compra, fusi\u00f3n, inversi\u00f3n o alianza estrat\u00e9gica.<\/p>\n<p>Nuestro enfoque integral cubre todas las \u00e1reas clave: an\u00e1lisis financiero detallado, evaluaci\u00f3n de riesgos, revisi\u00f3n legal, estudio de la competencia y validaci\u00f3n de informaci\u00f3n estrat\u00e9gica. De esta forma, ayudamos a minimizar riesgos, identificar oportunidades y garantizar transparencia y seguridad en la transacci\u00f3n.<\/p>\n<p>Con un equipo multidisciplinario y metodolog\u00edas rigurosas, aseguramos la calidad de nuestro servicio, as\u00ed como, la m\u00e1xima confidencialidad.<\/p>\n<p>[\/et_pb_blurb][\/et_pb_column][et_pb_column type=\u00bb1_3&#8243; _builder_version=\u00bb4.16&#8243; _module_preset=\u00bbdefault\u00bb global_colors_info=\u00bb{}\u00bb][et_pb_blurb use_icon=\u00bbon\u00bb font_icon=\u00bb&#xe0e9;||divi||400&#8243; icon_color=\u00bb#ffffff\u00bb image_icon_background_color=\u00bb#0E122F\u00bb image_icon_width=\u00bb30px\u00bb _builder_version=\u00bb4.27.4&#8243; header_font=\u00bbDidact Gothic|900|||||||\u00bb header_text_color=\u00bb#0c71c3&#8243; header_font_size=\u00bb25px\u00bb body_font=\u00bbDidact Gothic|600|||||||\u00bb body_text_color=\u00bbrgba(14,18,47,0.77)\u00bb body_font_size=\u00bb17px\u00bb body_line_height=\u00bb1.4em\u00bb image_icon_custom_padding=\u00bb25px|25px|25px|25px|false|false\u00bb custom_padding=\u00bb||1px|||\u00bb animation=\u00bboff\u00bb header_font_size_tablet=\u00bb30px\u00bb header_font_size_phone=\u00bb24px\u00bb header_font_size_last_edited=\u00bbon|phone\u00bb border_radii_image=\u00bbon|100%|100%|100%|100%\u00bb icon_font_size=\u00bb30px\u00bb use_circle=\u00bbon\u00bb circle_color=\u00bb#0E122F\u00bb inline_fonts=\u00bbABeeZee\u00bb global_colors_info=\u00bb{}\u00bb image_icon_background_color__sticky_enabled=\u00bb#000133&#8243; image_icon_background_color__sticky=\u00bb#000133&#8243;]<\/p>\n<h2 style=\"text-align: center;\"><strong>Auditor\u00eda de Cumplimiento<\/strong><\/h2>\n<p>La auditor\u00eda de cumplimiento es un proceso sistem\u00e1tico y riguroso que eval\u00faa si una organizaci\u00f3n cumple con las normativas, leyes, pol\u00edticas internas y est\u00e1ndares aplicables a su sector. Nuestro servicio consiste en revisar detalladamente sus operaciones, documentaci\u00f3n y controles internos para asegurar que se ajustan a los requisitos legales establecidos.<\/p>\n<p>Mediante entrevistas, an\u00e1lisis de documentaci\u00f3n y evaluaci\u00f3n in situ, identificamos posibles desviaciones y \u00e1reas de mejora para minimizar riesgos legales y reputacionales. Al finalizar, entregaremos un informe con hallazgos y recomendaciones para optimizar el cumplimiento normativo, fortalecer la gobernanza y garantizar la integridad operativa de su empresa.<\/p>\n<p>[\/et_pb_blurb][\/et_pb_column][\/et_pb_row][\/et_pb_section][et_pb_section fb_built=\u00bb1&#8243; _builder_version=\u00bb4.16&#8243; _module_preset=\u00bbdefault\u00bb background_color=\u00bb#0c71c3&#8243; use_background_color_gradient=\u00bbon\u00bb background_color_gradient_type=\u00bbcircular\u00bb background_color_gradient_stops=\u00bbrgba(43,135,218,0.66) 0%| #0E122F 100%\u00bb background_color_gradient_overlays_image=\u00bbon\u00bb background_color_gradient_start=\u00bbrgba(43,135,218,0.66)\u00bb background_color_gradient_end=\u00bb #0E122F\u00bb background_image=\u00bbhttps:\/\/www.afi.pe\/wp-content\/uploads\/2020\/11\/tech-19.jpg\u00bb custom_padding=\u00bb80px||81px|||\u00bb global_colors_info=\u00bb{}\u00bb][et_pb_row _builder_version=\u00bb4.16&#8243; _module_preset=\u00bbdefault\u00bb background_enable_color=\u00bboff\u00bb custom_margin=\u00bb|auto|-3px|auto||\u00bb custom_padding=\u00bb1px||60px|||\u00bb global_colors_info=\u00bb{}\u00bb][et_pb_column type=\u00bb4_4&#8243; _builder_version=\u00bb4.16&#8243; _module_preset=\u00bbdefault\u00bb background_enable_color=\u00bboff\u00bb global_colors_info=\u00bb{}\u00bb][et_pb_cta title=\u00bbAgenda un cita virtual\u00bb button_text=\u00bbAgendar mi cita\u00bb _builder_version=\u00bb4.16&#8243; _module_preset=\u00bbdefault\u00bb header_font_size=\u00bb35px\u00bb body_font=\u00bb|300|||||||\u00bb body_font_size=\u00bb17px\u00bb body_line_height=\u00bb2.2em\u00bb background_enable_color=\u00bboff\u00bb custom_button=\u00bbon\u00bb button_text_size=\u00bb31px\u00bb button_text_color=\u00bb#ffffff\u00bb button_border_width=\u00bb0px\u00bb button_border_color=\u00bb#ffffff\u00bb button_border_radius=\u00bb0px\u00bb custom_padding=\u00bb63px||4px|||\u00bb global_colors_info=\u00bb{}\u00bb]<\/p>\n<p style=\"text-align: center;\">Nos gustar\u00eda conocer m\u00e1s de su empresa, es por ello que sugerimos reunirnos de manera virtual.<\/p>\n<p>[\/et_pb_cta][et_pb_button button_url=\u00bbhttp:\/\/wa.link\/60jlz7&#8243; button_text=\u00bbAgendar mi cita\u00bb button_alignment=\u00bbcenter\u00bb _builder_version=\u00bb4.23.4&#8243; _module_preset=\u00bbdefault\u00bb custom_button=\u00bbon\u00bb button_text_size=\u00bb20px\u00bb button_text_color=\u00bb#0c71c3&#8243; button_bg_color=\u00bb#ffffff\u00bb button_border_width=\u00bb0px\u00bb button_border_radius=\u00bb33px\u00bb global_colors_info=\u00bb{}\u00bb][\/et_pb_button][\/et_pb_column][\/et_pb_row][\/et_pb_section]<\/p>","protected":false},"excerpt":{"rendered":"<p>| Auditor\u00eda Financiera\u00bfEn que consiste?En AFI Consultores de Empresas, entendemos la auditor\u00eda financiera como una herramienta estrat\u00e9gica que va m\u00e1s all\u00e1 de la simple revisi\u00f3n de estados financieros. Nuestro compromiso es garantizar que la informaci\u00f3n contable refleje de manera fiel y razonable la situaci\u00f3n econ\u00f3mica y financiera, asegurando el cumplimiento riguroso de las normativas contables [&hellip;]<\/p>","protected":false},"author":5,"featured_media":0,"parent":0,"menu_order":6,"comment_status":"closed","ping_status":"closed","template":"","meta":{"_et_pb_use_builder":"on","_et_pb_old_content":"","_et_gb_content_width":"","footnotes":""},"class_list":["post-2628","page","type-page","status-publish","hentry"],"jetpack_sharing_enabled":true,"_links":{"self":[{"href":"https:\/\/www.afi.pe\/en\/wp-json\/wp\/v2\/pages\/2628","targetHints":{"allow":["GET"]}}],"collection":[{"href":"https:\/\/www.afi.pe\/en\/wp-json\/wp\/v2\/pages"}],"about":[{"href":"https:\/\/www.afi.pe\/en\/wp-json\/wp\/v2\/types\/page"}],"author":[{"embeddable":true,"href":"https:\/\/www.afi.pe\/en\/wp-json\/wp\/v2\/users\/5"}],"replies":[{"embeddable":true,"href":"https:\/\/www.afi.pe\/en\/wp-json\/wp\/v2\/comments?post=2628"}],"version-history":[{"count":5,"href":"https:\/\/www.afi.pe\/en\/wp-json\/wp\/v2\/pages\/2628\/revisions"}],"predecessor-version":[{"id":3834,"href":"https:\/\/www.afi.pe\/en\/wp-json\/wp\/v2\/pages\/2628\/revisions\/3834"}],"wp:attachment":[{"href":"https:\/\/www.afi.pe\/en\/wp-json\/wp\/v2\/media?parent=2628"}],"curies":[{"name":"wp","href":"https:\/\/api.w.org\/{rel}","templated":true}]}}