{"id":2622,"date":"2020-08-27T00:17:04","date_gmt":"2020-08-27T05:17:04","guid":{"rendered":"https:\/\/www.afi.pe\/?page_id=2622"},"modified":"2025-12-18T19:51:43","modified_gmt":"2025-12-19T00:51:43","slug":"servicios-de-diseno-organizacional-y-de-procesos","status":"publish","type":"page","link":"https:\/\/www.afi.pe\/en\/servicios-de-diseno-organizacional-y-de-procesos\/","title":{"rendered":"Servicios de Dise\u00f1o Organizacional y de Procesos"},"content":{"rendered":"<p>[et_pb_section fb_built=\u00bb1&#8243; admin_label=\u00bbHeader\u00bb _builder_version=\u00bb4.16&#8243; use_background_color_gradient=\u00bbon\u00bb background_color_gradient_stops=\u00bbrgba(0,19,46,0.32) 0%|#00132e 100%\u00bb background_color_gradient_overlays_image=\u00bbon\u00bb background_color_gradient_start=\u00bbrgba(0,19,46,0.32)\u00bb background_color_gradient_end=\u00bb#00132e\u00bb background_image=\u00bbhttps:\/\/www.afi.pe\/wp-content\/uploads\/2020\/08\/organizacion.jpg\u00bb background_position=\u00bbtop_left\u00bb custom_padding=\u00bb||||false|false\u00bb global_colors_info=\u00bb{}\u00bb][et_pb_row _builder_version=\u00bb4.16&#8243; global_colors_info=\u00bb{}\u00bb][et_pb_column type=\u00bb4_4&#8243; _builder_version=\u00bb4.16&#8243; global_colors_info=\u00bb{}\u00bb][et_pb_text _builder_version=\u00bb4.16&#8243; _module_preset=\u00bbdefault\u00bb text_font=\u00bbDidact Gothic|700|||||||\u00bb text_text_color=\u00bb#ffffff\u00bb text_font_size=\u00bb40px\u00bb text_orientation=\u00bbcenter\u00bb global_colors_info=\u00bb{}\u00bb]<\/p>\n<p style=\"text-align: left;\">| Dise\u00f1o organizacional y de procesos<\/p>\n<p>[\/et_pb_text][\/et_pb_column][\/et_pb_row][\/et_pb_section][et_pb_section fb_built=\u00bb1&#8243; _builder_version=\u00bb4.16&#8243; _module_preset=\u00bbdefault\u00bb custom_padding=\u00bb||0px|||\u00bb global_colors_info=\u00bb{}\u00bb][et_pb_row _builder_version=\u00bb4.16&#8243; _module_preset=\u00bbdefault\u00bb custom_padding=\u00bb||1px|||\u00bb global_colors_info=\u00bb{}\u00bb][et_pb_column type=\u00bb4_4&#8243; _builder_version=\u00bb4.16&#8243; _module_preset=\u00bbdefault\u00bb global_colors_info=\u00bb{}\u00bb][et_pb_text _builder_version=\u00bb4.27.4&#8243; _module_preset=\u00bbdefault\u00bb text_font=\u00bbDidact Gothic||||||||\u00bb text_font_size=\u00bb18px\u00bb custom_padding=\u00bb||0px|||\u00bb inline_fonts=\u00bbABeeZee\u00bb global_colors_info=\u00bb{}\u00bb]<\/p>\n<p>En AFI Consultores de Empresas, nos especializamos en evaluar, dise\u00f1ar y desarrollar la estructura organizativa m\u00e1s eficiente y alineada con los objetivos estrat\u00e9gicos de su empresa. Esto implica definir claramente las tareas, responsabilidades, relaciones de autoridad y procesos que optimizan el funcionamiento interno y potencian el desempe\u00f1o de su organizaci\u00f3n.<\/p>\n<p>Desarrollamos el organigrama que representa la arquitectura interna de su organizaci\u00f3n, visualizando c\u00f3mo se interrelacionan las distintas funciones y equipos para garantizar una coordinaci\u00f3n fluida y un flujo de trabajo efectivo.<\/p>\n<p>Para ofrecer una soluci\u00f3n integral, analizamos m\u00faltiples factores claves, como la cultura organizacional, el modelo de negocio, el sector en el que opera la empresa y la interacci\u00f3n con sus diferentes stakeholders. Esta visi\u00f3n hol\u00edstica nos permite dise\u00f1ar estructuras personalizadas que impulsen tanto la eficiencia operativa como la innovaci\u00f3n.<\/p>\n<p>Adem\u00e1s, ofrecemos servicios de consultor\u00eda organizacional y de procesos, que incluyen:<\/p>\n<ul>\n<li>Elaboraci\u00f3n de manuales de funciones detalladas.<\/li>\n<li>Dise\u00f1o de perfiles y descripciones de puestos.<\/li>\n<li>Optimizaci\u00f3n y control de procesos operativos.<\/li>\n<li>Implementaci\u00f3n de sistemas de gesti\u00f3n que facilitan la mejora continua.<\/li>\n<\/ul>\n<p>Nuestro enfoque est\u00e1 orientado a generar valor sostenible, permitiendo a su organizaci\u00f3n adaptarse con agilidad a los cambios del mercado y maximizar su competitividad.<\/p>\n<p>[\/et_pb_text][et_pb_text _builder_version=\u00bb4.16&#8243; _module_preset=\u00bbdefault\u00bb text_font=\u00bbDidact Gothic||||||||\u00bb text_font_size=\u00bb18px\u00bb inline_fonts=\u00bbABeeZee\u00bb global_colors_info=\u00bb{}\u00bb][\/et_pb_text][\/et_pb_column][\/et_pb_row][et_pb_row column_structure=\u00bb1_3,2_3&#8243; _builder_version=\u00bb4.16&#8243; _module_preset=\u00bbdefault\u00bb custom_padding=\u00bb||1px|||\u00bb global_colors_info=\u00bb{}\u00bb][et_pb_column type=\u00bb1_3&#8243; _builder_version=\u00bb4.16&#8243; _module_preset=\u00bbdefault\u00bb global_colors_info=\u00bb{}\u00bb][et_pb_blurb title=\u00bbDise\u00f1o de la Estructura Organizacional\u00bb image=\u00bbhttps:\/\/www.afi.pe\/wp-content\/uploads\/2020\/08\/organizacionalx2.png\u00bb _builder_version=\u00bb4.16&#8243; header_level=\u00bbh1&#8243; header_font=\u00bbDidact Gothic|900|||||||\u00bb header_text_align=\u00bbcenter\u00bb header_text_color=\u00bb#171932&#8243; header_font_size=\u00bb36px\u00bb body_font=\u00bbDidact Gothic|600|||||||\u00bb body_text_color=\u00bb#0c71c3&#8243; body_font_size=\u00bb28px\u00bb body_line_height=\u00bb1.4em\u00bb text_orientation=\u00bbcenter\u00bb animation=\u00bboff\u00bb header_font_size_tablet=\u00bb30px\u00bb header_font_size_phone=\u00bb24px\u00bb header_font_size_last_edited=\u00bbon|phone\u00bb inline_fonts=\u00bbABeeZee\u00bb global_colors_info=\u00bb{}\u00bb][\/et_pb_blurb][\/et_pb_column][et_pb_column type=\u00bb2_3&#8243; _builder_version=\u00bb4.16&#8243; _module_preset=\u00bbdefault\u00bb global_colors_info=\u00bb{}\u00bb][et_pb_text _builder_version=\u00bb4.16&#8243; _module_preset=\u00bbdefault\u00bb text_font=\u00bbDidact Gothic|700|||||||\u00bb text_text_color=\u00bb#0c71c3&#8243; text_font_size=\u00bb25px\u00bb global_colors_info=\u00bb{}\u00bb]<\/p>\n<p><span>\u00bfQu\u00e9 hacemos?<\/span><\/p>\n<p>[\/et_pb_text][et_pb_text _builder_version=\u00bb4.27.4&#8243; _module_preset=\u00bbdefault\u00bb text_font=\u00bbDidact Gothic||||||||\u00bb text_font_size=\u00bb18px\u00bb custom_padding=\u00bb||0px|||\u00bb inline_fonts=\u00bbABeeZee\u00bb global_colors_info=\u00bb{}\u00bb]<\/p>\n<p>En nuestra consultor\u00eda, dise\u00f1amos estructuras organizacionales eficientes y alineadas con los objetivos estrat\u00e9gicos de su empresa para impulsar su crecimiento sostenible. Nuestro enfoque integral incluye:<\/p>\n<ul>\n<li>Definir y precisar el objetivo del servicio en colaboraci\u00f3n directa con la Gerencia de la Compa\u00f1\u00eda, asegurando una comprensi\u00f3n clara de sus necesidades y expectativas.<\/li>\n<li>Analizar y comprender en profundidad la estrategia de desarrollo y crecimiento del negocio para asegurar que la estructura organizacional soporte de manera \u00f3ptima sus metas a corto y largo plazo.<\/li>\n<li>Realizar un diagn\u00f3stico completo de la estructura organizacional actual, identificando fortalezas, debilidades y \u00e1reas cr\u00edticas de mejora.<\/li>\n<li>Redise\u00f1ar la estructura organizacional con un enfoque estrat\u00e9gico, garantizando que cada \u00e1rea y nivel jer\u00e1rquico contribuyan eficazmente al crecimiento y la competitividad de la compa\u00f1\u00eda.<\/li>\n<li>Elaborar un Manual de Organizaci\u00f3n y Funciones detallado que refleja responsabilidades, procesos y canales de comunicaci\u00f3n claros.<\/li>\n<li>Identificar oportunidades de mejora para maximizar la eficiencia operativa y la productividad organizacional.<\/li>\n<li>Evaluar niveles gerenciales y \u00e1mbitos de control para optimizar la toma de decisiones y la supervisi\u00f3n operativa.<\/li>\n<li>Detectar \u00e1reas o puestos que no aportan valor, proponiendo soluciones para su reestructuraci\u00f3n o eliminaci\u00f3n.<\/li>\n<li>Definir la nomenclatura adecuada para \u00e1reas y cargos, promoviendo coherencia y claridad interna.<\/li>\n<\/ul>\n<p>Nuestro compromiso es entregar soluciones personalizadas que fortalezcan la estructura organizacional, potencien el talento humano y respalden el crecimiento sostenible de su empresa.<\/p>\n<p>[\/et_pb_text][et_pb_text _builder_version=\u00bb4.16&#8243; _module_preset=\u00bbdefault\u00bb text_font=\u00bbDidact Gothic||||||||\u00bb text_font_size=\u00bb18px\u00bb inline_fonts=\u00bbABeeZee\u00bb global_colors_info=\u00bb{}\u00bb][\/et_pb_text][\/et_pb_column][\/et_pb_row][\/et_pb_section][et_pb_section fb_built=\u00bb1&#8243; _builder_version=\u00bb4.16&#8243; _module_preset=\u00bbdefault\u00bb background_color=\u00bbrgba(224,224,224,0.78)\u00bb use_background_color_gradient=\u00bbon\u00bb background_color_gradient_direction=\u00bb221deg\u00bb background_color_gradient_stops=\u00bb#ffffff 0%|rgba(255,255,255,0.16) 100%\u00bb background_color_gradient_overlays_image=\u00bbon\u00bb background_color_gradient_start=\u00bb#ffffff\u00bb background_color_gradient_end=\u00bbrgba(255,255,255,0.16)\u00bb background_image=\u00bbhttps:\/\/www.afi.pe\/wp-content\/uploads\/2020\/08\/organizacion.jpg\u00bb custom_padding=\u00bb30px|||||\u00bb global_colors_info=\u00bb{}\u00bb][et_pb_row column_structure=\u00bb1_3,2_3&#8243; _builder_version=\u00bb4.16&#8243; _module_preset=\u00bbdefault\u00bb global_colors_info=\u00bb{}\u00bb][et_pb_column type=\u00bb1_3&#8243; _builder_version=\u00bb4.16&#8243; _module_preset=\u00bbdefault\u00bb global_colors_info=\u00bb{}\u00bb][et_pb_blurb title=\u00bbDise\u00f1o de procesos\u00bb image=\u00bbhttps:\/\/www.afi.pe\/wp-content\/uploads\/2020\/08\/organizacionalx2.png\u00bb _builder_version=\u00bb4.16&#8243; header_level=\u00bbh1&#8243; header_font=\u00bbDidact Gothic|900|||||||\u00bb header_text_align=\u00bbcenter\u00bb header_text_color=\u00bb#171932&#8243; header_font_size=\u00bb36px\u00bb body_font=\u00bbDidact Gothic|600|||||||\u00bb body_text_color=\u00bb#0c71c3&#8243; body_font_size=\u00bb28px\u00bb body_line_height=\u00bb1.4em\u00bb text_orientation=\u00bbcenter\u00bb animation=\u00bboff\u00bb header_font_size_tablet=\u00bb30px\u00bb header_font_size_phone=\u00bb24px\u00bb header_font_size_last_edited=\u00bbon|phone\u00bb inline_fonts=\u00bbABeeZee\u00bb global_colors_info=\u00bb{}\u00bb][\/et_pb_blurb][\/et_pb_column][et_pb_column type=\u00bb2_3&#8243; _builder_version=\u00bb4.16&#8243; _module_preset=\u00bbdefault\u00bb global_colors_info=\u00bb{}\u00bb][et_pb_text _builder_version=\u00bb4.16&#8243; _module_preset=\u00bbdefault\u00bb text_font=\u00bbDidact Gothic|700|||||||\u00bb text_text_color=\u00bb#0c71c3&#8243; text_font_size=\u00bb25px\u00bb global_colors_info=\u00bb{}\u00bb]<\/p>\n<p><span>\u00bfQu\u00e9 hacemos?<\/span><\/p>\n<p>[\/et_pb_text][et_pb_text _builder_version=\u00bb4.16&#8243; _module_preset=\u00bbdefault\u00bb text_font=\u00bbDidact Gothic||||||||\u00bb text_font_size=\u00bb18px\u00bb custom_padding=\u00bb||0px|||\u00bb inline_fonts=\u00bbABeeZee\u00bb global_colors_info=\u00bb{}\u00bb]<\/p>\n<ul>\n<li>En colaboraci\u00f3n con la Gerencia de la Compa\u00f1\u00eda, definimos y delimitamos de manera precisa el objetivo y alcance de cada servicio, asegurando que nuestras soluciones se ajusten perfectamente a sus necesidades.<\/li>\n<li>Analizamos en profundidad el modelo de negocio para entender los procesos clave y su impacto en la operaci\u00f3n general.<\/li>\n<li>Realizamos un relevamiento detallado del mapa de procesos y la descripci\u00f3n actual de los subprocesos para identificar c\u00f3mo se ejecutan las actividades en la realidad.<\/li>\n<li>Detectamos oportunidades concretas de mejora para optimizar recursos y potenciar el rendimiento de la empresa.<\/li>\n<li>Eliminamos actividades y tareas redundantes que generan ineficiencias y afectan la productividad.<\/li>\n<li>Implementamos la automatizaci\u00f3n de procesos manuales para reducir errores y acelerar los tiempos de ejecuci\u00f3n.<\/li>\n<li>Identificamos y solucionamos cuellos de botella que limitan el flujo operativo, garantizando una operaci\u00f3n m\u00e1s fluida y eficiente.<\/li>\n<li>Promovemos la digitalizaci\u00f3n de formularios, minimizando el uso de papel y contribuyendo a la sostenibilidad ambiental.<\/li>\n<li>Redise\u00f1amos los subprocesos con un enfoque innovador y orientado a optimizar las operaciones, aportando mayor agilidad y calidad en los resultados.<\/li>\n<li>Desarrollamos el manual de procesos y subprocesos, ofreciendo una gu\u00eda clara y estructurada que facilita la capacitaci\u00f3n y seguimiento continuo.<\/li>\n<\/ul>\n<p>[\/et_pb_text][\/et_pb_column][\/et_pb_row][\/et_pb_section][et_pb_section fb_built=\u00bb1&#8243; _builder_version=\u00bb4.16&#8243; _module_preset=\u00bbdefault\u00bb background_color=\u00bb#0c71c3&#8243; use_background_color_gradient=\u00bbon\u00bb background_color_gradient_type=\u00bbcircular\u00bb background_color_gradient_stops=\u00bbrgba(43,135,218,0.66) 0%| #0E122F 100%\u00bb background_color_gradient_overlays_image=\u00bbon\u00bb background_color_gradient_start=\u00bbrgba(43,135,218,0.66)\u00bb background_color_gradient_end=\u00bb #0E122F\u00bb background_image=\u00bbhttps:\/\/www.afi.pe\/wp-content\/uploads\/2020\/11\/tech-19.jpg\u00bb custom_padding=\u00bb80px||81px|||\u00bb global_colors_info=\u00bb{}\u00bb][et_pb_row _builder_version=\u00bb4.16&#8243; _module_preset=\u00bbdefault\u00bb background_enable_color=\u00bboff\u00bb custom_margin=\u00bb|auto|-3px|auto||\u00bb custom_padding=\u00bb1px||60px|||\u00bb global_colors_info=\u00bb{}\u00bb][et_pb_column type=\u00bb4_4&#8243; _builder_version=\u00bb4.16&#8243; _module_preset=\u00bbdefault\u00bb background_enable_color=\u00bboff\u00bb global_colors_info=\u00bb{}\u00bb][et_pb_cta title=\u00bbAgenda un cita virtual\u00bb button_text=\u00bbAgendar mi cita\u00bb _builder_version=\u00bb4.16&#8243; _module_preset=\u00bbdefault\u00bb header_font_size=\u00bb35px\u00bb body_font=\u00bb|300|||||||\u00bb body_font_size=\u00bb17px\u00bb body_line_height=\u00bb2.2em\u00bb background_enable_color=\u00bboff\u00bb custom_button=\u00bbon\u00bb button_text_size=\u00bb31px\u00bb button_text_color=\u00bb#ffffff\u00bb button_border_width=\u00bb0px\u00bb button_border_color=\u00bb#ffffff\u00bb button_border_radius=\u00bb0px\u00bb custom_padding=\u00bb63px||4px|||\u00bb global_colors_info=\u00bb{}\u00bb]<\/p>\n<p style=\"text-align: center;\">Nos gustar\u00eda conocer m\u00e1s de su empresa, es por ello que sugerimos reunirnos de manera virtual.<\/p>\n<p>[\/et_pb_cta][et_pb_button button_url=\u00bbhttp:\/\/wa.link\/60jlz7&#8243; url_new_window=\u00bbon\u00bb button_text=\u00bbAgendar mi cita\u00bb button_alignment=\u00bbcenter\u00bb _builder_version=\u00bb4.23.4&#8243; _module_preset=\u00bbdefault\u00bb custom_button=\u00bbon\u00bb button_text_size=\u00bb20px\u00bb button_text_color=\u00bb#0c71c3&#8243; button_bg_color=\u00bb#ffffff\u00bb button_border_width=\u00bb0px\u00bb button_border_radius=\u00bb33px\u00bb global_colors_info=\u00bb{}\u00bb][\/et_pb_button][\/et_pb_column][\/et_pb_row][\/et_pb_section]<\/p>","protected":false},"excerpt":{"rendered":"<p>| Dise\u00f1o organizacional y de procesosEn AFI Consultores de Empresas, nos especializamos en evaluar, dise\u00f1ar y desarrollar la estructura organizativa m\u00e1s eficiente y alineada con los objetivos estrat\u00e9gicos de su empresa. Esto implica definir claramente las tareas, responsabilidades, relaciones de autoridad y procesos que optimizan el funcionamiento interno y potencian el desempe\u00f1o de su organizaci\u00f3n. [&hellip;]<\/p>","protected":false},"author":5,"featured_media":0,"parent":0,"menu_order":5,"comment_status":"closed","ping_status":"closed","template":"","meta":{"_et_pb_use_builder":"on","_et_pb_old_content":"","_et_gb_content_width":"","footnotes":""},"class_list":["post-2622","page","type-page","status-publish","hentry"],"jetpack_sharing_enabled":true,"_links":{"self":[{"href":"https:\/\/www.afi.pe\/en\/wp-json\/wp\/v2\/pages\/2622","targetHints":{"allow":["GET"]}}],"collection":[{"href":"https:\/\/www.afi.pe\/en\/wp-json\/wp\/v2\/pages"}],"about":[{"href":"https:\/\/www.afi.pe\/en\/wp-json\/wp\/v2\/types\/page"}],"author":[{"embeddable":true,"href":"https:\/\/www.afi.pe\/en\/wp-json\/wp\/v2\/users\/5"}],"replies":[{"embeddable":true,"href":"https:\/\/www.afi.pe\/en\/wp-json\/wp\/v2\/comments?post=2622"}],"version-history":[{"count":5,"href":"https:\/\/www.afi.pe\/en\/wp-json\/wp\/v2\/pages\/2622\/revisions"}],"predecessor-version":[{"id":3829,"href":"https:\/\/www.afi.pe\/en\/wp-json\/wp\/v2\/pages\/2622\/revisions\/3829"}],"wp:attachment":[{"href":"https:\/\/www.afi.pe\/en\/wp-json\/wp\/v2\/media?parent=2622"}],"curies":[{"name":"wp","href":"https:\/\/api.w.org\/{rel}","templated":true}]}}