{"id":2603,"date":"2020-08-26T23:19:24","date_gmt":"2020-08-27T04:19:24","guid":{"rendered":"https:\/\/www.afi.pe\/?page_id=2603"},"modified":"2025-12-18T19:53:44","modified_gmt":"2025-12-19T00:53:44","slug":"servicios-de-direccion-y-gestion-contable-societaria","status":"publish","type":"page","link":"https:\/\/www.afi.pe\/en\/servicios-de-direccion-y-gestion-contable-societaria\/","title":{"rendered":"Servicios de Consultor\u00eda Contable y societaria"},"content":{"rendered":"<p>[et_pb_section fb_built=\u00bb1&#8243; admin_label=\u00bbHeader\u00bb _builder_version=\u00bb4.16&#8243; use_background_color_gradient=\u00bbon\u00bb background_color_gradient_stops=\u00bbrgba(0,19,46,0.54) 0%|#00132e 100%\u00bb background_color_gradient_overlays_image=\u00bbon\u00bb background_color_gradient_start=\u00bbrgba(0,19,46,0.54)\u00bb background_color_gradient_end=\u00bb#00132e\u00bb background_image=\u00bbhttps:\/\/www.afi.pe\/wp-content\/uploads\/2020\/11\/contabilidad-consultoria-en-lima-2.jpg\u00bb custom_padding=\u00bb||||false|false\u00bb global_colors_info=\u00bb{}\u00bb][et_pb_row _builder_version=\u00bb4.16&#8243; global_colors_info=\u00bb{}\u00bb][et_pb_column type=\u00bb4_4&#8243; _builder_version=\u00bb4.16&#8243; global_colors_info=\u00bb{}\u00bb][et_pb_text _builder_version=\u00bb4.16&#8243; _module_preset=\u00bbdefault\u00bb text_font=\u00bbDidact Gothic|700|||||||\u00bb text_text_color=\u00bb#ffffff\u00bb text_font_size=\u00bb40px\u00bb text_orientation=\u00bbcenter\u00bb global_colors_info=\u00bb{}\u00bb]<\/p>\n<p style=\"text-align: left;\">| Direcci\u00f3n y Gesti\u00f3n Contable\u00a0<\/p>\n<p>[\/et_pb_text][\/et_pb_column][\/et_pb_row][\/et_pb_section][et_pb_section fb_built=\u00bb1&#8243; _builder_version=\u00bb4.16&#8243; _module_preset=\u00bbdefault\u00bb custom_padding=\u00bb||0px|||\u00bb global_colors_info=\u00bb{}\u00bb][et_pb_row column_structure=\u00bb2_5,3_5&#8243; _builder_version=\u00bb4.16&#8243; _module_preset=\u00bbdefault\u00bb global_colors_info=\u00bb{}\u00bb][et_pb_column type=\u00bb2_5&#8243; _builder_version=\u00bb4.16&#8243; _module_preset=\u00bbdefault\u00bb global_colors_info=\u00bb{}\u00bb][et_pb_blurb title=\u00bbDirecci\u00f3n y Gesti\u00f3n Contable\u00bb image=\u00bbhttps:\/\/www.afi.pe\/wp-content\/uploads\/2020\/08\/contabilidadx2.png\u00bb _builder_version=\u00bb4.16&#8243; header_level=\u00bbh1&#8243; header_font=\u00bbDidact Gothic|900|||||||\u00bb header_text_align=\u00bbcenter\u00bb header_text_color=\u00bb#171932&#8243; header_font_size=\u00bb36px\u00bb body_font=\u00bbDidact Gothic|600|||||||\u00bb body_text_color=\u00bb#0c71c3&#8243; body_font_size=\u00bb28px\u00bb body_line_height=\u00bb1.4em\u00bb text_orientation=\u00bbcenter\u00bb animation=\u00bboff\u00bb header_font_size_tablet=\u00bb30px\u00bb header_font_size_phone=\u00bb24px\u00bb header_font_size_last_edited=\u00bbon|phone\u00bb inline_fonts=\u00bbABeeZee\u00bb global_colors_info=\u00bb{}\u00bb][\/et_pb_blurb][\/et_pb_column][et_pb_column type=\u00bb3_5&#8243; _builder_version=\u00bb4.16&#8243; _module_preset=\u00bbdefault\u00bb global_colors_info=\u00bb{}\u00bb][et_pb_text _builder_version=\u00bb4.16&#8243; _module_preset=\u00bbdefault\u00bb text_font=\u00bbDidact Gothic||||||||\u00bb text_font_size=\u00bb18px\u00bb inline_fonts=\u00bbABeeZee\u00bb global_colors_info=\u00bb{}\u00bb]<\/p>\n<p>Nuestro servicio abarca desde el dise\u00f1o y puesta en marcha del sistema contable personalizado hasta la supervisi\u00f3n, actualizaci\u00f3n y mantenimiento continuo, garantizando la correcta elaboraci\u00f3n de estados financieros e informes gerenciales que facilitan una correcta toma de decisiones necesaria para una gesti\u00f3n empresarial eficiente.<\/p>\n<p>Desarrollamos una labor directa, permanente y coordinada que integra los procesos contables, financieros y administrativos. Esto asegura que nuestros clientes cuenten con informaci\u00f3n contable actualizada, cumpliendo de forma oportuna con sus obligaciones tributarias mediante la elaboraci\u00f3n y presentaci\u00f3n correcta de declaraciones juradas mensuales, y logrando que la gerencia tenga acceso a informaci\u00f3n financiera clara y detallada. Nuestros informes gerenciales est\u00e1n dise\u00f1ados para proporcionar indicadores clave que potencian la planificaci\u00f3n estrat\u00e9gica y el control eficiente de sus operaciones.<\/p>\n<p>&nbsp;<\/p>\n<p>[\/et_pb_text][\/et_pb_column][\/et_pb_row][\/et_pb_section][et_pb_section fb_built=\u00bb1&#8243; _builder_version=\u00bb4.16&#8243; _module_preset=\u00bbdefault\u00bb background_color=\u00bbrgba(224,224,224,0.78)\u00bb use_background_color_gradient=\u00bbon\u00bb background_color_gradient_direction=\u00bb221deg\u00bb background_color_gradient_stops=\u00bbrgba(255,255,255,0.65) 0%|#ffffff 100%\u00bb background_color_gradient_overlays_image=\u00bbon\u00bb background_color_gradient_start=\u00bbrgba(255,255,255,0.65)\u00bb background_color_gradient_end=\u00bb#ffffff\u00bb background_image=\u00bbhttps:\/\/www.afi.pe\/wp-content\/uploads\/2020\/08\/Untitled-1.jpg\u00bb custom_padding=\u00bb30px|||||\u00bb global_colors_info=\u00bb{}\u00bb][et_pb_row _builder_version=\u00bb4.16&#8243; _module_preset=\u00bbdefault\u00bb custom_padding=\u00bb||4px|||\u00bb global_colors_info=\u00bb{}\u00bb][et_pb_column type=\u00bb4_4&#8243; _builder_version=\u00bb4.16&#8243; _module_preset=\u00bbdefault\u00bb global_colors_info=\u00bb{}\u00bb][et_pb_text _builder_version=\u00bb4.16&#8243; _module_preset=\u00bbdefault\u00bb text_font=\u00bb|700|||||||\u00bb text_text_color=\u00bb#0E122F\u00bb text_font_size=\u00bb35px\u00bb global_colors_info=\u00bb{}\u00bb]<\/p>\n<p style=\"text-align: center;\">Nuestros Servicios Contables<\/p>\n<p>[\/et_pb_text][et_pb_text _builder_version=\u00bb4.16&#8243; _module_preset=\u00bbdefault\u00bb text_font=\u00bbDidact Gothic||||||||\u00bb text_text_color=\u00bb#545454&#8243; text_font_size=\u00bb20px\u00bb global_colors_info=\u00bb{}\u00bb]<\/p>\n<p style=\"text-align: center;\">Abarcan<\/p>\n<p>[\/et_pb_text][\/et_pb_column][\/et_pb_row][et_pb_row _builder_version=\u00bb4.16&#8243; _module_preset=\u00bbdefault\u00bb global_colors_info=\u00bb{}\u00bb][et_pb_column type=\u00bb4_4&#8243; _builder_version=\u00bb4.16&#8243; _module_preset=\u00bbdefault\u00bb global_colors_info=\u00bb{}\u00bb][et_pb_blurb _builder_version=\u00bb4.16&#8243; header_level=\u00bbh1&#8243; header_font=\u00bbDidact Gothic|900||on|||||\u00bb header_text_color=\u00bb#0c71c3&#8243; header_font_size=\u00bb25px\u00bb body_font=\u00bbDidact Gothic|600|||||||\u00bb body_text_color=\u00bbrgba(14,18,47,0.77)\u00bb body_font_size=\u00bb17px\u00bb body_line_height=\u00bb1.4em\u00bb animation=\u00bboff\u00bb header_font_size_tablet=\u00bb30px\u00bb header_font_size_phone=\u00bb24px\u00bb header_font_size_last_edited=\u00bbon|phone\u00bb inline_fonts=\u00bbABeeZee\u00bb global_colors_info=\u00bb{}\u00bb]<\/p>\n<h2 style=\"text-align: left;\"><strong>Consultor\u00eda Contable Externa<\/strong><\/h2>\n<ul>\n<li>\n<p>Ofrecemos un servicio integral de consultor\u00eda contable externa, dise\u00f1ado para garantizar la precisi\u00f3n, transparencia y cumplimiento normativo de la informaci\u00f3n financiera de su empresa. Nuestro servicio consiste en:<\/p>\n<ul>\n<li>Revisi\u00f3n de la informaci\u00f3n contable de la empresa.<\/li>\n<li>Validaci\u00f3n del correcto registro de las operaciones y provisiones del mes.<\/li>\n<li>Validaci\u00f3n de la consistencia y razonabilidad de los reportes contables.<\/li>\n<li>Emisi\u00f3n de los Estados Financieros de acuerdo a las normas vigentes.<\/li>\n<li>Capacitaci\u00f3n al personal del \u00e1rea contable.<\/li>\n<li>Absoluci\u00f3n de consultas sobre temas relacionados al servicio.<\/li>\n<\/ul>\n<p>El servicio se realiza en coordinaci\u00f3n con el personal contable del cliente.<\/p>\n<p>El servicio se desarrolla en estrecha coordinaci\u00f3n con el equipo contable de su empresa, asegurando un trabajo colaborativo, eficiente y alineado con sus objetivos.<\/li>\n<\/ul>\n<p>[\/et_pb_blurb][\/et_pb_column][\/et_pb_row][\/et_pb_section][et_pb_section fb_built=\u00bb1&#8243; _builder_version=\u00bb4.16&#8243; _module_preset=\u00bbdefault\u00bb background_color=\u00bb#f7f7f7&#8243; global_colors_info=\u00bb{}\u00bb][et_pb_row _builder_version=\u00bb4.16&#8243; _module_preset=\u00bbdefault\u00bb custom_padding=\u00bb1px||0px|||\u00bb global_colors_info=\u00bb{}\u00bb][et_pb_column type=\u00bb4_4&#8243; _builder_version=\u00bb4.16&#8243; _module_preset=\u00bbdefault\u00bb global_colors_info=\u00bb{}\u00bb][et_pb_blurb _builder_version=\u00bb4.16&#8243; header_font=\u00bbDidact Gothic|900|||||||\u00bb header_text_color=\u00bb#0c71c3&#8243; header_font_size=\u00bb25px\u00bb body_font=\u00bbDidact Gothic|600|||||||\u00bb body_text_color=\u00bbrgba(14,18,47,0.77)\u00bb body_font_size=\u00bb17px\u00bb body_line_height=\u00bb1.4em\u00bb custom_padding=\u00bb||0px|||\u00bb animation=\u00bboff\u00bb header_font_size_tablet=\u00bb30px\u00bb header_font_size_phone=\u00bb24px\u00bb header_font_size_last_edited=\u00bbon|phone\u00bb inline_fonts=\u00bbABeeZee\u00bb global_colors_info=\u00bb{}\u00bb]<\/p>\n<h2><strong><span>Outsourcing de Gesti\u00f3n y Proceso Contable<\/span><\/strong><\/h2>\n<ul><\/ul>\n<p>[\/et_pb_blurb][\/et_pb_column][\/et_pb_row][et_pb_row column_structure=\u00bb2_5,3_5&#8243; _builder_version=\u00bb4.16&#8243; _module_preset=\u00bbdefault\u00bb custom_padding=\u00bb3px||1px|||\u00bb global_colors_info=\u00bb{}\u00bb][et_pb_column type=\u00bb2_5&#8243; _builder_version=\u00bb4.16&#8243; _module_preset=\u00bbdefault\u00bb global_colors_info=\u00bb{}\u00bb][et_pb_blurb _builder_version=\u00bb4.27.4&#8243; header_font=\u00bbDidact Gothic|900|||||||\u00bb header_text_color=\u00bb#0c71c3&#8243; header_font_size=\u00bb25px\u00bb body_font=\u00bbDidact Gothic|600|||||||\u00bb body_text_color=\u00bbrgba(14,18,47,0.77)\u00bb body_font_size=\u00bb17px\u00bb body_line_height=\u00bb1.4em\u00bb animation=\u00bboff\u00bb header_font_size_tablet=\u00bb30px\u00bb header_font_size_phone=\u00bb24px\u00bb header_font_size_last_edited=\u00bbon|phone\u00bb inline_fonts=\u00bbABeeZee\u00bb global_colors_info=\u00bb{}\u00bb]<\/p>\n<p>Nuestro servicio est\u00e1 dise\u00f1ado para satisfacer las necesidades espec\u00edficas de:<\/p>\n<ul>\n<li>Empresas extranjeras que est\u00e1n iniciando operaciones en Per\u00fa y requieren una gesti\u00f3n contable local eficiente.<\/li>\n<li>Empresas en crecimiento que necesitan optimizar su gesti\u00f3n financiera.<\/li>\n<li>Empresas en proceso de disoluci\u00f3n o liquidaci\u00f3n que necesitan apoyo especializado para el cierre contable.<\/li>\n<li>Empresas que desean mantener su gesti\u00f3n contable independiente del holding al cual pertenecen, garantizando transparencia y control.<\/li>\n<\/ul>\n<ul><\/ul>\n<p>[\/et_pb_blurb][\/et_pb_column][et_pb_column type=\u00bb3_5&#8243; _builder_version=\u00bb4.16&#8243; _module_preset=\u00bbdefault\u00bb global_colors_info=\u00bb{}\u00bb][et_pb_blurb _builder_version=\u00bb4.16&#8243; header_font=\u00bbDidact Gothic|900|||||||\u00bb header_text_color=\u00bb#0c71c3&#8243; header_font_size=\u00bb25px\u00bb body_font=\u00bbDidact Gothic|600|||||||\u00bb body_text_color=\u00bbrgba(14,18,47,0.77)\u00bb body_font_size=\u00bb17px\u00bb body_line_height=\u00bb1.4em\u00bb animation=\u00bboff\u00bb header_font_size_tablet=\u00bb30px\u00bb header_font_size_phone=\u00bb24px\u00bb header_font_size_last_edited=\u00bbon|phone\u00bb inline_fonts=\u00bbABeeZee\u00bb global_colors_info=\u00bb{}\u00bb]<\/p>\n<h2>\u00bfEn qu\u00e9 consiste nuestro servicio?<\/h2>\n<ul>\n<li>Actuamos como su \u00e1rea contable externa, integr\u00e1ndonos de manera eficiente a sus operaciones.<\/li>\n<li>Gestionamos la organizaci\u00f3n, clasificaci\u00f3n y registro de toda la informaci\u00f3n contable derivada de sus transacciones.<\/li>\n<li>Elaboramos y emitimos estados financieros confiables y actualizados, conforme a las normativas vigentes en Per\u00fa.<\/li>\n<li>Desarrollamos informes econ\u00f3micos y financieros personalizados, ajustados a las necesidades particulares de cada cliente, para facilitar la toma de decisiones.<\/li>\n<\/ul>\n<p>Conf\u00ede en nosotros para optimizar la gesti\u00f3n contable de su empresa, con un servicio profesional, seguro y alineado a los objetivos de su negocio.<\/p>\n<ul><\/ul>\n<p>[\/et_pb_blurb][\/et_pb_column][\/et_pb_row][\/et_pb_section][et_pb_section fb_built=\u00bb1&#8243; _builder_version=\u00bb4.16&#8243; _module_preset=\u00bbdefault\u00bb global_colors_info=\u00bb{}\u00bb][et_pb_row column_structure=\u00bb1_4,3_4&#8243; _builder_version=\u00bb4.16&#8243; _module_preset=\u00bbdefault\u00bb custom_padding=\u00bb4px||2px|||\u00bb global_colors_info=\u00bb{}\u00bb][et_pb_column type=\u00bb1_4&#8243; _builder_version=\u00bb4.16&#8243; _module_preset=\u00bbdefault\u00bb global_colors_info=\u00bb{}\u00bb][et_pb_text _builder_version=\u00bb4.16&#8243; _module_preset=\u00bbdefault\u00bb quote_font=\u00bb|300|||||||\u00bb quote_font_size=\u00bb25px\u00bb quote_line_height=\u00bb1.4em\u00bb global_colors_info=\u00bb{}\u00bb]<\/p>\n<blockquote>\n<p>Especialistas en transformaci\u00f3n, fusi\u00f3n, escisi\u00f3n y liquidaci\u00f3n de empresas<\/p>\n<\/blockquote>\n<p>[\/et_pb_text][\/et_pb_column][et_pb_column type=\u00bb3_4&#8243; _builder_version=\u00bb4.16&#8243; _module_preset=\u00bbdefault\u00bb global_colors_info=\u00bb{}\u00bb][et_pb_blurb _builder_version=\u00bb4.16&#8243; header_level=\u00bbh1&#8243; header_font=\u00bbDidact Gothic|900||on|||||\u00bb header_text_color=\u00bb#0c71c3&#8243; header_font_size=\u00bb25px\u00bb body_font=\u00bbDidact Gothic|600|||||||\u00bb body_text_color=\u00bbrgba(14,18,47,0.77)\u00bb body_font_size=\u00bb17px\u00bb body_line_height=\u00bb1.4em\u00bb animation=\u00bboff\u00bb header_font_size_tablet=\u00bb30px\u00bb header_font_size_phone=\u00bb24px\u00bb header_font_size_last_edited=\u00bbon|phone\u00bb inline_fonts=\u00bbABeeZee\u00bb global_colors_info=\u00bb{}\u00bb]<\/p>\n<h2 style=\"text-align: left;\"><strong>Servicios Especiales de Consultor\u00eda Contable<\/strong><\/h2>\n<p><strong><\/strong><\/p>\n<p>En nuestra firma ofrecemos servicios especializados de consultor\u00eda contable, dise\u00f1ados para apoyar a su empresa en procesos complejos y asegurar la precisi\u00f3n y transparencia de la informaci\u00f3n financiera. Nuestros servicios incluyen:<\/p>\n<ul>\n<li>Consultor\u00eda en gesti\u00f3n contable para procesos de reorganizaci\u00f3n societaria, incluyendo transformaci\u00f3n, fusi\u00f3n, escisi\u00f3n y liquidaci\u00f3n de empresas.<\/li>\n<li>Elaboraci\u00f3n y revisi\u00f3n de estados financieros consolidados y flujos de efectivo.<\/li>\n<li>An\u00e1lisis de consistencia y razonabilidad de la informaci\u00f3n contable.<\/li>\n<li>Toma de Inventarios de Existencias.<\/li>\n<li>Toma de Inventarios de Activo Fijo.<\/li>\n<li>An\u00e1lisis de operaciones contingentes en casos de desbalance patrimonial (incremento patrimonial no justificado), para mitigar riesgos y mejorar la transparencia financiera.<\/li>\n<\/ul>\n<p>Nuestro enfoque est\u00e1 orientado a ofrecer soluciones efectivas y personalizadas que fortalecen la gesti\u00f3n financiera de su organizaci\u00f3n.<\/p>\n<p>[\/et_pb_blurb][\/et_pb_column][\/et_pb_row][\/et_pb_section][et_pb_section fb_built=\u00bb1&#8243; _builder_version=\u00bb4.16&#8243; _module_preset=\u00bbdefault\u00bb background_color=\u00bb#0c71c3&#8243; use_background_color_gradient=\u00bbon\u00bb background_color_gradient_type=\u00bbcircular\u00bb background_color_gradient_stops=\u00bbrgba(43,135,218,0.66) 0%| #0E122F 100%\u00bb background_color_gradient_overlays_image=\u00bbon\u00bb background_color_gradient_start=\u00bbrgba(43,135,218,0.66)\u00bb background_color_gradient_end=\u00bb #0E122F\u00bb background_image=\u00bbhttps:\/\/www.afi.pe\/wp-content\/uploads\/2020\/11\/tech-19.jpg\u00bb custom_padding=\u00bb80px||81px|||\u00bb global_colors_info=\u00bb{}\u00bb][et_pb_row _builder_version=\u00bb4.16&#8243; _module_preset=\u00bbdefault\u00bb background_enable_color=\u00bboff\u00bb custom_margin=\u00bb|auto|-3px|auto||\u00bb custom_padding=\u00bb1px||60px|||\u00bb global_colors_info=\u00bb{}\u00bb][et_pb_column type=\u00bb4_4&#8243; _builder_version=\u00bb4.16&#8243; _module_preset=\u00bbdefault\u00bb background_enable_color=\u00bboff\u00bb global_colors_info=\u00bb{}\u00bb][et_pb_cta title=\u00bbAgenda un cita virtual\u00bb button_text=\u00bbAgendar mi cita\u00bb _builder_version=\u00bb4.16&#8243; _module_preset=\u00bbdefault\u00bb header_font_size=\u00bb35px\u00bb body_font=\u00bb|300|||||||\u00bb body_font_size=\u00bb17px\u00bb body_line_height=\u00bb2.2em\u00bb background_enable_color=\u00bboff\u00bb custom_button=\u00bbon\u00bb button_text_size=\u00bb31px\u00bb button_text_color=\u00bb#ffffff\u00bb button_border_width=\u00bb0px\u00bb button_border_color=\u00bb#ffffff\u00bb button_border_radius=\u00bb0px\u00bb custom_padding=\u00bb63px||4px|||\u00bb global_colors_info=\u00bb{}\u00bb]<\/p>\n<p style=\"text-align: center;\">Nos gustar\u00eda conocer m\u00e1s de su empresa, es por ello que sugerimos reunirnos de manera virtual.<\/p>\n<p>[\/et_pb_cta][et_pb_button button_url=\u00bbhttp:\/\/wa.link\/60jlz7&#8243; url_new_window=\u00bbon\u00bb button_text=\u00bbAgendar mi cita\u00bb button_alignment=\u00bbcenter\u00bb _builder_version=\u00bb4.23.4&#8243; _module_preset=\u00bbdefault\u00bb custom_button=\u00bbon\u00bb button_text_size=\u00bb20px\u00bb button_text_color=\u00bb#0c71c3&#8243; button_bg_color=\u00bb#ffffff\u00bb button_border_width=\u00bb0px\u00bb button_border_radius=\u00bb33px\u00bb global_colors_info=\u00bb{}\u00bb][\/et_pb_button][\/et_pb_column][\/et_pb_row][\/et_pb_section]<\/p>","protected":false},"excerpt":{"rendered":"<p>| Direcci\u00f3n y Gesti\u00f3n Contable\u00a0Nuestro servicio abarca desde el dise\u00f1o y puesta en marcha del sistema contable personalizado hasta la supervisi\u00f3n, actualizaci\u00f3n y mantenimiento continuo, garantizando la correcta elaboraci\u00f3n de estados financieros e informes gerenciales que facilitan una correcta toma de decisiones necesaria para una gesti\u00f3n empresarial eficiente. Desarrollamos una labor directa, permanente y coordinada [&hellip;]<\/p>","protected":false},"author":5,"featured_media":0,"parent":0,"menu_order":4,"comment_status":"closed","ping_status":"closed","template":"","meta":{"_et_pb_use_builder":"on","_et_pb_old_content":"","_et_gb_content_width":"","footnotes":""},"class_list":["post-2603","page","type-page","status-publish","hentry"],"jetpack_sharing_enabled":true,"_links":{"self":[{"href":"https:\/\/www.afi.pe\/en\/wp-json\/wp\/v2\/pages\/2603","targetHints":{"allow":["GET"]}}],"collection":[{"href":"https:\/\/www.afi.pe\/en\/wp-json\/wp\/v2\/pages"}],"about":[{"href":"https:\/\/www.afi.pe\/en\/wp-json\/wp\/v2\/types\/page"}],"author":[{"embeddable":true,"href":"https:\/\/www.afi.pe\/en\/wp-json\/wp\/v2\/users\/5"}],"replies":[{"embeddable":true,"href":"https:\/\/www.afi.pe\/en\/wp-json\/wp\/v2\/comments?post=2603"}],"version-history":[{"count":5,"href":"https:\/\/www.afi.pe\/en\/wp-json\/wp\/v2\/pages\/2603\/revisions"}],"predecessor-version":[{"id":3830,"href":"https:\/\/www.afi.pe\/en\/wp-json\/wp\/v2\/pages\/2603\/revisions\/3830"}],"wp:attachment":[{"href":"https:\/\/www.afi.pe\/en\/wp-json\/wp\/v2\/media?parent=2603"}],"curies":[{"name":"wp","href":"https:\/\/api.w.org\/{rel}","templated":true}]}}