{"id":2597,"date":"2020-08-26T22:24:38","date_gmt":"2020-08-27T03:24:38","guid":{"rendered":"https:\/\/www.afi.pe\/?page_id=2597"},"modified":"2025-12-18T18:49:10","modified_gmt":"2025-12-18T23:49:10","slug":"servicios-de-consultoria-laboral","status":"publish","type":"page","link":"https:\/\/www.afi.pe\/en\/servicios-de-consultoria-laboral\/","title":{"rendered":"Servicios de Consultor\u00eda Laboral"},"content":{"rendered":"<p>[et_pb_section fb_built=\u00bb1&#8243; admin_label=\u00bbHeader\u00bb _builder_version=\u00bb4.16&#8243; background_image=\u00bbhttps:\/\/www.afi.pe\/wp-content\/uploads\/2020\/11\/equipo-afi.jpg\u00bb custom_padding=\u00bb||||false|false\u00bb global_colors_info=\u00bb{}\u00bb][et_pb_row _builder_version=\u00bb4.16&#8243; global_colors_info=\u00bb{}\u00bb][et_pb_column type=\u00bb4_4&#8243; _builder_version=\u00bb4.16&#8243; global_colors_info=\u00bb{}\u00bb][et_pb_text _builder_version=\u00bb4.16&#8243; _module_preset=\u00bbdefault\u00bb text_font=\u00bbDidact Gothic|700|||||||\u00bb text_text_color=\u00bb#ffffff\u00bb text_font_size=\u00bb40px\u00bb text_orientation=\u00bbcenter\u00bb global_colors_info=\u00bb{}\u00bb]<\/p>\n<p style=\"text-align: left;\">| Direcci\u00f3n Laboral<\/p>\n<p>[\/et_pb_text][\/et_pb_column][\/et_pb_row][\/et_pb_section][et_pb_section fb_built=\u00bb1&#8243; _builder_version=\u00bb4.16&#8243; _module_preset=\u00bbdefault\u00bb custom_padding=\u00bb||0px|||\u00bb global_colors_info=\u00bb{}\u00bb][et_pb_row column_structure=\u00bb2_5,3_5&#8243; _builder_version=\u00bb4.16&#8243; _module_preset=\u00bbdefault\u00bb global_colors_info=\u00bb{}\u00bb][et_pb_column type=\u00bb2_5&#8243; _builder_version=\u00bb4.16&#8243; _module_preset=\u00bbdefault\u00bb global_colors_info=\u00bb{}\u00bb][et_pb_blurb title=\u00bbDirecci\u00f3n Laboral\u00bb image=\u00bbhttps:\/\/www.afi.pe\/wp-content\/uploads\/2020\/08\/laboralx2.png\u00bb _builder_version=\u00bb4.16&#8243; header_level=\u00bbh1&#8243; header_font=\u00bbDidact Gothic|900|||||||\u00bb header_text_align=\u00bbcenter\u00bb header_text_color=\u00bb#171932&#8243; header_font_size=\u00bb36px\u00bb body_font=\u00bbDidact Gothic|600|||||||\u00bb body_text_color=\u00bb#0c71c3&#8243; body_font_size=\u00bb28px\u00bb body_line_height=\u00bb1.4em\u00bb text_orientation=\u00bbcenter\u00bb animation=\u00bboff\u00bb header_font_size_tablet=\u00bb30px\u00bb header_font_size_phone=\u00bb24px\u00bb header_font_size_last_edited=\u00bbon|phone\u00bb inline_fonts=\u00bbABeeZee\u00bb global_colors_info=\u00bb{}\u00bb][\/et_pb_blurb][\/et_pb_column][et_pb_column type=\u00bb3_5&#8243; _builder_version=\u00bb4.16&#8243; _module_preset=\u00bbdefault\u00bb global_colors_info=\u00bb{}\u00bb][et_pb_text _builder_version=\u00bb4.16&#8243; _module_preset=\u00bbdefault\u00bb text_font=\u00bbDidact Gothic||||||||\u00bb text_font_size=\u00bb18px\u00bb custom_padding=\u00bb||21px|||\u00bb inline_fonts=\u00bbABeeZee\u00bb global_colors_info=\u00bb{}\u00bb]<\/p>\n<p>En AFI Consultores de Empresas brindamos servicios especializados de asesor\u00eda y consultor\u00eda laboral, dise\u00f1ados para acompa\u00f1ar a su organizaci\u00f3n en el cumplimiento y aplicaci\u00f3n eficiente y estrat\u00e9gica de la normativa vigente. Nuestro objetivo es fortalecer las relaciones laborales entre empresa y colaboradores, promoviendo un ambiente de trabajo armonioso que potencia el valor organizacional y maximiza la rentabilidad empresarial.<\/p>\n<p>Contamos con un equipo de profesionales altamente capacitados que trabaja de la mano con los responsables de la gesti\u00f3n de personal, ofreciendo soluciones personalizadas y adaptadas a las necesidades espec\u00edficas de su empresa. Nos enfocamos en la adecuada administraci\u00f3n de n\u00f3minas, gesti\u00f3n de contratos y aplicaci\u00f3n efectiva de la legislaci\u00f3n laboral, previniendo riesgos y controversias que puedan derivar en intervenciones por parte de autoridades administrativas como el Ministerio de Trabajo o SUNAFIL.<\/p>\n<p>Con AFI Consultores, su empresa accede a un acompa\u00f1amiento integral para optimizar recursos, mantener la conformidad legal y asegurar un clima laboral estable y productivo.<\/p>\n<p>[\/et_pb_text][\/et_pb_column][\/et_pb_row][\/et_pb_section][et_pb_section fb_built=\u00bb1&#8243; _builder_version=\u00bb4.16&#8243; _module_preset=\u00bbdefault\u00bb background_color=\u00bbrgba(224,224,224,0.78)\u00bb use_background_color_gradient=\u00bbon\u00bb background_color_gradient_direction=\u00bb221deg\u00bb background_color_gradient_stops=\u00bb#ffffff 0%|rgba(255,255,255,0.88) 100%\u00bb background_color_gradient_overlays_image=\u00bbon\u00bb background_color_gradient_start=\u00bb#ffffff\u00bb background_color_gradient_end=\u00bbrgba(255,255,255,0.88)\u00bb background_image=\u00bbhttps:\/\/www.afi.pe\/wp-content\/uploads\/2020\/08\/servicios-afi.jpg\u00bb custom_padding=\u00bb30px||2px|||\u00bb global_colors_info=\u00bb{}\u00bb][et_pb_row _builder_version=\u00bb4.16&#8243; _module_preset=\u00bbdefault\u00bb custom_padding=\u00bb||4px|||\u00bb global_colors_info=\u00bb{}\u00bb][et_pb_column type=\u00bb4_4&#8243; _builder_version=\u00bb4.16&#8243; _module_preset=\u00bbdefault\u00bb global_colors_info=\u00bb{}\u00bb][et_pb_text _builder_version=\u00bb4.27.4&#8243; _module_preset=\u00bbdefault\u00bb text_font=\u00bb|700|||||||\u00bb text_text_color=\u00bb#0E122F\u00bb text_font_size=\u00bb35px\u00bb hover_enabled=\u00bb0&#8243; global_colors_info=\u00bb{}\u00bb sticky_enabled=\u00bb0&#8243;]<\/p>\n<p><strong>Servicio de Administraci\u00f3n de N\u00f3minas<\/strong><\/p>\n<p>[\/et_pb_text][et_pb_text _builder_version=\u00bb4.16&#8243; _module_preset=\u00bbdefault\u00bb text_font=\u00bbDidact Gothic||||||||\u00bb text_text_color=\u00bb#545454&#8243; text_font_size=\u00bb20px\u00bb global_colors_info=\u00bb{}\u00bb]<\/p>\n<p>Ofrecemos un servicio integral de administraci\u00f3n de n\u00f3minas dise\u00f1ado para optimizar la gesti\u00f3n de remuneraciones y beneficios de los colaboradores de su empresa. Nuestro servicio realiza un correcto c\u00e1lculo de remuneraciones, deducciones, impuestos y bonificaciones, asegurando el cumplimiento normativo y reduciendo el riesgo de error.<\/p>\n<p>Nuestro servicio incluye la gesti\u00f3n completa de los procesos relacionados con la n\u00f3mina, tales como:<\/p>\n<ul>\n<li>C\u00e1lculo de remuneraci\u00f3n, descuentos, impuestos y contribuciones.<\/li>\n<li>Emisi\u00f3n de boleta de pago de remuneraciones.<\/li>\n<li>Gesti\u00f3n de dep\u00f3sitos directos y pagos electr\u00f3nicos.<\/li>\n<li>Control de Contratos<\/li>\n<li>Soporte dedicado para resolver cualquier incidencia o consulta.<\/li>\n<\/ul>\n<p>Con nuestra administraci\u00f3n de n\u00f3minas, su empresa ganar\u00e1 eficiencia operativa, mantendr\u00e1 la satisfacci\u00f3n del talento humano y cumplir\u00e1 con todas las obligaciones legales de manera oportuna y confiable.<\/p>\n<p>[\/et_pb_text][\/et_pb_column][\/et_pb_row][et_pb_row column_structure=\u00bb1_2,1_2&#8243; _builder_version=\u00bb4.16&#8243; _module_preset=\u00bbdefault\u00bb global_colors_info=\u00bb{}\u00bb][et_pb_column type=\u00bb1_2&#8243; _builder_version=\u00bb4.16&#8243; _module_preset=\u00bbdefault\u00bb global_colors_info=\u00bb{}\u00bb][et_pb_blurb use_icon=\u00bbon\u00bb font_icon=\u00bb&#xe102;||divi||400&#8243; icon_color=\u00bb#ffffff\u00bb image_icon_background_color=\u00bb#0E122F\u00bb image_icon_width=\u00bb30px\u00bb _builder_version=\u00bb4.27.4&#8243; header_level=\u00bbh1&#8243; header_font=\u00bbDidact Gothic|900||on|||||\u00bb header_text_color=\u00bb#0c71c3&#8243; header_font_size=\u00bb25px\u00bb body_font=\u00bbDidact Gothic|600|||||||\u00bb body_text_color=\u00bbrgba(14,18,47,0.77)\u00bb body_font_size=\u00bb17px\u00bb body_line_height=\u00bb1.4em\u00bb image_icon_custom_padding=\u00bb25px|25px|25px|25px|false|false\u00bb animation=\u00bboff\u00bb hover_enabled=\u00bb0&#8243; header_font_size_tablet=\u00bb30px\u00bb header_font_size_phone=\u00bb24px\u00bb header_font_size_last_edited=\u00bbon|phone\u00bb border_radii_image=\u00bbon|100%|100%|100%|100%\u00bb icon_font_size=\u00bb30px\u00bb use_circle=\u00bbon\u00bb circle_color=\u00bb#0E122F\u00bb inline_fonts=\u00bbABeeZee\u00bb global_colors_info=\u00bb{}\u00bb image_icon_background_color__sticky_enabled=\u00bb#000133&#8243; image_icon_background_color__sticky=\u00bb#000133&#8243; sticky_enabled=\u00bb0&#8243;]<\/p>\n<h2><strong><span>Planeamiento Laboral<\/span><\/strong><\/h2>\n<p>En nuestra firma, nuestros profesionales especializados realizan un an\u00e1lisis exhaustivo de la estructura actual de su planilla de sueldos, identificando tanto las contingencias laborales presentes como aquellas que hayan podido surgir en el pasado. Este diagn\u00f3stico detallado nos permite dise\u00f1ar un plan estrat\u00e9gico personalizado que minimice los riesgos y los impactos econ\u00f3micos y legales asociados.<\/p>\n<p>Adem\u00e1s, desarrollamos una estructura laboral optimizada y eficiente, dise\u00f1ada para mejorar la gesti\u00f3n del capital humano y asegurar el cumplimiento normativo, contribuyendo a la sostenibilidad y crecimiento de su organizaci\u00f3n.<\/p>\n<p>[\/et_pb_blurb][\/et_pb_column][et_pb_column type=\u00bb1_2&#8243; _builder_version=\u00bb4.16&#8243; _module_preset=\u00bbdefault\u00bb global_colors_info=\u00bb{}\u00bb][et_pb_blurb use_icon=\u00bbon\u00bb font_icon=\u00bb&#x54;||divi||400&#8243; icon_color=\u00bb#ffffff\u00bb image_icon_background_color=\u00bb#0E122F\u00bb image_icon_width=\u00bb30px\u00bb _builder_version=\u00bb4.27.4&#8243; header_font=\u00bbDidact Gothic|900|||||||\u00bb header_text_color=\u00bb#0c71c3&#8243; header_font_size=\u00bb25px\u00bb body_font=\u00bbDidact Gothic|600|||||||\u00bb body_text_color=\u00bbrgba(14,18,47,0.77)\u00bb body_font_size=\u00bb17px\u00bb body_line_height=\u00bb1.4em\u00bb image_icon_custom_padding=\u00bb25px|25px|25px|25px|false|false\u00bb animation=\u00bboff\u00bb hover_enabled=\u00bb0&#8243; header_font_size_tablet=\u00bb30px\u00bb header_font_size_phone=\u00bb24px\u00bb header_font_size_last_edited=\u00bbon|phone\u00bb border_radii_image=\u00bbon|100%|100%|100%|100%\u00bb icon_font_size=\u00bb30px\u00bb use_circle=\u00bbon\u00bb circle_color=\u00bb#0E122F\u00bb inline_fonts=\u00bbABeeZee\u00bb global_colors_info=\u00bb{}\u00bb image_icon_background_color__sticky_enabled=\u00bb#000133&#8243; image_icon_background_color__sticky=\u00bb#000133&#8243; sticky_enabled=\u00bb0&#8243;]<\/p>\n<h2><strong><span>Consultor\u00eda Laboral <\/span><\/strong><\/h2>\n<p>Ofrecemos servicios especializados para la gesti\u00f3n eficiente y segura de tus procesos laborales, garantizando el cumplimiento normativo y optimizando recursos.<\/p>\n<p>Revisi\u00f3n detallada y c\u00e1lculo preciso de planillas mensuales, asegurando exactitud en remuneraciones y descuentos.<\/p>\n<p>Elaboraci\u00f3n, declaraci\u00f3n y pago oportuno de impuestos mediante PDT PLAME, facilitando el cumplimiento tributario.<\/p>\n<p>Gesti\u00f3n integral de aportes a las AFP a trav\u00e9s de AFPnet, asegurando pagos correctos y puntuales.<\/p>\n<p>C\u00e1lculo exacto de liquidaciones y beneficios sociales, incluyendo CTS, vacaciones, gratificaciones y otros derechos laborales.<\/p>\n<p>Determinaci\u00f3n y c\u00e1lculo del Impuesto a la Renta de 5ta categor\u00eda, cumpliendo con las obligaciones fiscales correspondientes.<\/p>\n<p>Elaboraci\u00f3n y revisi\u00f3n de contratos laborales, adaptados a la normativa vigente.<\/p>\n<p>Auditor\u00eda y evaluaci\u00f3n de planillas de periodos anteriores para detectar inconsistencias o mejoras en la gesti\u00f3n.<\/p>\n<p>Realizaci\u00f3n de tr\u00e1mites laborales ante entidades oficiales: SUNAT (T-Registro), SUNAFIL, ESSALUD y AFP, asegurando la correcta presentaci\u00f3n y seguimiento.<\/p>\n<p>Asesor\u00eda y absoluci\u00f3n de consultas laborales.<\/p>\n<ul>\n<li style=\"list-style-type: none;\"><\/li>\n<\/ul>\n<p>[\/et_pb_blurb][\/et_pb_column][\/et_pb_row][\/et_pb_section][et_pb_section fb_built=\u00bb1&#8243; _builder_version=\u00bb4.16&#8243; _module_preset=\u00bbdefault\u00bb background_color=\u00bb#0c71c3&#8243; use_background_color_gradient=\u00bbon\u00bb background_color_gradient_type=\u00bbcircular\u00bb background_color_gradient_stops=\u00bbrgba(43,135,218,0.66) 0%| #0E122F 100%\u00bb background_color_gradient_overlays_image=\u00bbon\u00bb background_color_gradient_start=\u00bbrgba(43,135,218,0.66)\u00bb background_color_gradient_end=\u00bb #0E122F\u00bb background_image=\u00bbhttps:\/\/www.afi.pe\/wp-content\/uploads\/2020\/11\/tech-19.jpg\u00bb custom_padding=\u00bb80px||81px|||\u00bb global_colors_info=\u00bb{}\u00bb][et_pb_row _builder_version=\u00bb4.16&#8243; _module_preset=\u00bbdefault\u00bb background_enable_color=\u00bboff\u00bb custom_margin=\u00bb|auto|-3px|auto||\u00bb custom_padding=\u00bb1px||60px|||\u00bb global_colors_info=\u00bb{}\u00bb][et_pb_column type=\u00bb4_4&#8243; _builder_version=\u00bb4.16&#8243; _module_preset=\u00bbdefault\u00bb background_enable_color=\u00bboff\u00bb global_colors_info=\u00bb{}\u00bb][et_pb_cta title=\u00bbAgenda un cita virtual\u00bb button_text=\u00bbAgendar mi cita\u00bb _builder_version=\u00bb4.16&#8243; _module_preset=\u00bbdefault\u00bb header_font_size=\u00bb35px\u00bb body_font=\u00bb|300|||||||\u00bb body_font_size=\u00bb17px\u00bb body_line_height=\u00bb2.2em\u00bb background_enable_color=\u00bboff\u00bb custom_button=\u00bbon\u00bb button_text_size=\u00bb31px\u00bb button_text_color=\u00bb#ffffff\u00bb button_border_width=\u00bb0px\u00bb button_border_color=\u00bb#ffffff\u00bb button_border_radius=\u00bb0px\u00bb custom_padding=\u00bb63px||4px|||\u00bb global_colors_info=\u00bb{}\u00bb]<\/p>\n<p style=\"text-align: center;\">Nos gustar\u00eda conocer m\u00e1s de su empresa, es por ello que sugerimos reunirnos de manera virtual.<\/p>\n<p>[\/et_pb_cta][et_pb_button button_url=\u00bbhttp:\/\/wa.link\/60jlz7&#8243; url_new_window=\u00bbon\u00bb button_text=\u00bbAgendar mi cita\u00bb button_alignment=\u00bbcenter\u00bb _builder_version=\u00bb4.23.4&#8243; _module_preset=\u00bbdefault\u00bb custom_button=\u00bbon\u00bb button_text_size=\u00bb20px\u00bb button_text_color=\u00bb#0c71c3&#8243; button_bg_color=\u00bb#ffffff\u00bb button_border_width=\u00bb0px\u00bb button_border_radius=\u00bb33px\u00bb global_colors_info=\u00bb{}\u00bb][\/et_pb_button][\/et_pb_column][\/et_pb_row][\/et_pb_section]<\/p>","protected":false},"excerpt":{"rendered":"<p>| Direcci\u00f3n LaboralEn AFI Consultores de Empresas brindamos servicios especializados de asesor\u00eda y consultor\u00eda laboral, dise\u00f1ados para acompa\u00f1ar a su organizaci\u00f3n en el cumplimiento y aplicaci\u00f3n eficiente y estrat\u00e9gica de la normativa vigente. Nuestro objetivo es fortalecer las relaciones laborales entre empresa y colaboradores, promoviendo un ambiente de trabajo armonioso que potencia el valor organizacional [&hellip;]<\/p>","protected":false},"author":5,"featured_media":0,"parent":0,"menu_order":3,"comment_status":"closed","ping_status":"closed","template":"","meta":{"_et_pb_use_builder":"on","_et_pb_old_content":"","_et_gb_content_width":"","footnotes":""},"class_list":["post-2597","page","type-page","status-publish","hentry"],"jetpack_sharing_enabled":true,"_links":{"self":[{"href":"https:\/\/www.afi.pe\/en\/wp-json\/wp\/v2\/pages\/2597","targetHints":{"allow":["GET"]}}],"collection":[{"href":"https:\/\/www.afi.pe\/en\/wp-json\/wp\/v2\/pages"}],"about":[{"href":"https:\/\/www.afi.pe\/en\/wp-json\/wp\/v2\/types\/page"}],"author":[{"embeddable":true,"href":"https:\/\/www.afi.pe\/en\/wp-json\/wp\/v2\/users\/5"}],"replies":[{"embeddable":true,"href":"https:\/\/www.afi.pe\/en\/wp-json\/wp\/v2\/comments?post=2597"}],"version-history":[{"count":4,"href":"https:\/\/www.afi.pe\/en\/wp-json\/wp\/v2\/pages\/2597\/revisions"}],"predecessor-version":[{"id":3814,"href":"https:\/\/www.afi.pe\/en\/wp-json\/wp\/v2\/pages\/2597\/revisions\/3814"}],"wp:attachment":[{"href":"https:\/\/www.afi.pe\/en\/wp-json\/wp\/v2\/media?parent=2597"}],"curies":[{"name":"wp","href":"https:\/\/api.w.org\/{rel}","templated":true}]}}