{"id":2576,"date":"2020-08-26T17:56:23","date_gmt":"2020-08-26T22:56:23","guid":{"rendered":"https:\/\/www.afi.pe\/?page_id=2576"},"modified":"2025-12-18T19:37:39","modified_gmt":"2025-12-19T00:37:39","slug":"servicios-de-consultoria-tributaria","status":"publish","type":"page","link":"https:\/\/www.afi.pe\/en\/servicios-de-consultoria-tributaria\/","title":{"rendered":"Servicios de consultoria Tributaria"},"content":{"rendered":"<p>[et_pb_section fb_built=\u00bb1&#8243; admin_label=\u00bbHeader\u00bb _builder_version=\u00bb4.16&#8243; use_background_color_gradient=\u00bbon\u00bb background_color_gradient_stops=\u00bbrgba(0,19,46,0.63) 0%|#00132e 100%\u00bb background_color_gradient_overlays_image=\u00bbon\u00bb background_color_gradient_start=\u00bbrgba(0,19,46,0.63)\u00bb background_color_gradient_end=\u00bb#00132e\u00bb background_image=\u00bbhttps:\/\/www.afi.pe\/wp-content\/uploads\/2020\/08\/servicios-afi.jpg\u00bb custom_padding=\u00bb||||false|false\u00bb global_colors_info=\u00bb{}\u00bb][et_pb_row _builder_version=\u00bb4.16&#8243; global_colors_info=\u00bb{}\u00bb][et_pb_column type=\u00bb4_4&#8243; _builder_version=\u00bb4.16&#8243; global_colors_info=\u00bb{}\u00bb][et_pb_text _builder_version=\u00bb4.16&#8243; _module_preset=\u00bbdefault\u00bb text_font=\u00bbDidact Gothic|700|||||||\u00bb text_text_color=\u00bb#ffffff\u00bb text_font_size=\u00bb40px\u00bb text_orientation=\u00bbcenter\u00bb global_colors_info=\u00bb{}\u00bb]<\/p>\n<p style=\"text-align: left;\">| Direcci\u00f3n y Gesti\u00f3n Tributaria<\/p>\n<p>[\/et_pb_text][\/et_pb_column][\/et_pb_row][\/et_pb_section][et_pb_section fb_built=\u00bb1&#8243; _builder_version=\u00bb4.16&#8243; _module_preset=\u00bbdefault\u00bb custom_padding=\u00bb||0px|||\u00bb global_colors_info=\u00bb{}\u00bb][et_pb_row column_structure=\u00bb1_4,1_4,1_2&#8243; _builder_version=\u00bb4.16&#8243; _module_preset=\u00bbdefault\u00bb global_colors_info=\u00bb{}\u00bb][et_pb_column type=\u00bb1_4&#8243; _builder_version=\u00bb4.16&#8243; _module_preset=\u00bbdefault\u00bb global_colors_info=\u00bb{}\u00bb][et_pb_blurb image=\u00bbhttps:\/\/www.afi.pe\/wp-content\/uploads\/2020\/08\/Tributariox2.png\u00bb _builder_version=\u00bb4.16&#8243; header_level=\u00bbh1&#8243; header_font=\u00bbDidact Gothic|900|||||||\u00bb header_text_align=\u00bbcenter\u00bb header_text_color=\u00bb#171932&#8243; header_font_size=\u00bb36px\u00bb body_font=\u00bbDidact Gothic|600|||||||\u00bb body_text_color=\u00bb#0c71c3&#8243; body_font_size=\u00bb28px\u00bb body_line_height=\u00bb1.4em\u00bb text_orientation=\u00bbcenter\u00bb animation=\u00bboff\u00bb header_font_size_tablet=\u00bb30px\u00bb header_font_size_phone=\u00bb24px\u00bb header_font_size_last_edited=\u00bbon|phone\u00bb inline_fonts=\u00bbABeeZee\u00bb global_colors_info=\u00bb{}\u00bb][\/et_pb_blurb][\/et_pb_column][et_pb_column type=\u00bb1_4&#8243; _builder_version=\u00bb4.16&#8243; _module_preset=\u00bbdefault\u00bb global_colors_info=\u00bb{}\u00bb][et_pb_blurb title=\u00bbDirecci\u00f3n y Gesti\u00f3n Tributaria\u00bb _builder_version=\u00bb4.16&#8243; header_level=\u00bbh1&#8243; header_font=\u00bbDidact Gothic|900|||||||\u00bb header_text_align=\u00bbcenter\u00bb header_text_color=\u00bb#171932&#8243; header_font_size=\u00bb36px\u00bb body_font=\u00bbDidact Gothic|600|||||||\u00bb body_text_color=\u00bb#0c71c3&#8243; body_font_size=\u00bb28px\u00bb body_line_height=\u00bb1.4em\u00bb text_orientation=\u00bbcenter\u00bb animation=\u00bboff\u00bb header_font_size_tablet=\u00bb30px\u00bb header_font_size_phone=\u00bb24px\u00bb header_font_size_last_edited=\u00bbon|phone\u00bb inline_fonts=\u00bbABeeZee\u00bb global_colors_info=\u00bb{}\u00bb][\/et_pb_blurb][\/et_pb_column][et_pb_column type=\u00bb1_2&#8243; _builder_version=\u00bb4.16&#8243; _module_preset=\u00bbdefault\u00bb global_colors_info=\u00bb{}\u00bb][et_pb_text _builder_version=\u00bb4.27.4&#8243; _module_preset=\u00bbdefault\u00bb text_font=\u00bbDidact Gothic||||||||\u00bb text_font_size=\u00bb18px\u00bb custom_margin=\u00bb5px|||||\u00bb custom_padding=\u00bb||1px|||\u00bb inline_fonts=\u00bbABeeZee\u00bb global_colors_info=\u00bb{}\u00bb]<\/p>\n<p>En AFI Consultores de Empresas, ofrecemos un servicio integral y especializado que garantiza un an\u00e1lisis preciso y oportuno de las implicancias tributarias derivadas de las operaciones econ\u00f3micas de nuestros clientes. Nuestro enfoque permite identificar riesgos tributarios, para dise\u00f1ar e implementar estrategias, procesos y controles personalizados que previenen contingencias tributarias.<\/p>\n<p>Nos comprometemos a asegurar el cumplimiento normativo vigente y optimizar la carga fiscal de su empresa, fomentando la eficiencia financiera y legal. As\u00ed, contribuimos a maximizar el valor de tu negocio, aportando tranquilidad y seguridad en la gesti\u00f3n tributaria, para que puedas tomar decisiones con confianza y enfoque estrat\u00e9gico.<\/p>\n<p>[\/et_pb_text][\/et_pb_column][\/et_pb_row][\/et_pb_section][et_pb_section fb_built=\u00bb1&#8243; _builder_version=\u00bb4.16&#8243; _module_preset=\u00bbdefault\u00bb background_color=\u00bbrgba(224,224,224,0.78)\u00bb use_background_color_gradient=\u00bbon\u00bb background_color_gradient_direction=\u00bb221deg\u00bb background_color_gradient_stops=\u00bb#ffffff 0%|rgba(132,132,132,0.05) 100%\u00bb background_color_gradient_overlays_image=\u00bbon\u00bb background_color_gradient_start=\u00bb#ffffff\u00bb background_color_gradient_end=\u00bbrgba(132,132,132,0.05)\u00bb background_enable_image=\u00bboff\u00bb custom_padding=\u00bb30px|||||\u00bb global_colors_info=\u00bb{}\u00bb][et_pb_row _builder_version=\u00bb4.16&#8243; _module_preset=\u00bbdefault\u00bb custom_padding=\u00bb||4px|||\u00bb global_colors_info=\u00bb{}\u00bb][et_pb_column type=\u00bb4_4&#8243; _builder_version=\u00bb4.16&#8243; _module_preset=\u00bbdefault\u00bb global_colors_info=\u00bb{}\u00bb][et_pb_text _builder_version=\u00bb4.16&#8243; _module_preset=\u00bbdefault\u00bb text_font=\u00bb|700|||||||\u00bb text_text_color=\u00bb#0E122F\u00bb text_font_size=\u00bb35px\u00bb global_colors_info=\u00bb{}\u00bb]<\/p>\n<p style=\"text-align: center;\">Nuestros Servicios Tributarios<\/p>\n<p>[\/et_pb_text][et_pb_text _builder_version=\u00bb4.16&#8243; _module_preset=\u00bbdefault\u00bb text_font=\u00bbDidact Gothic||||||||\u00bb text_text_color=\u00bb#545454&#8243; text_font_size=\u00bb20px\u00bb global_colors_info=\u00bb{}\u00bb]<\/p>\n<p style=\"text-align: center;\">Incluyen:<\/p>\n<p>[\/et_pb_text][\/et_pb_column][\/et_pb_row][et_pb_row column_structure=\u00bb1_3,1_3,1_3&#8243; _builder_version=\u00bb4.16&#8243; _module_preset=\u00bbdefault\u00bb custom_padding=\u00bb||1px|||\u00bb global_colors_info=\u00bb{}\u00bb][et_pb_column type=\u00bb1_3&#8243; _builder_version=\u00bb4.16&#8243; _module_preset=\u00bbdefault\u00bb global_colors_info=\u00bb{}\u00bb][et_pb_blurb use_icon=\u00bbon\u00bb font_icon=\u00bb&#x69;||divi||400&#8243; icon_color=\u00bb#ffffff\u00bb image_icon_background_color=\u00bb#0E122F\u00bb image_icon_width=\u00bb30px\u00bb _builder_version=\u00bb4.16&#8243; header_level=\u00bbh1&#8243; header_font=\u00bbDidact Gothic|900||on|||||\u00bb header_text_color=\u00bb#0c71c3&#8243; header_font_size=\u00bb25px\u00bb body_font=\u00bbDidact Gothic|600|||||||\u00bb body_text_color=\u00bbrgba(14,18,47,0.77)\u00bb body_font_size=\u00bb17px\u00bb body_line_height=\u00bb1.4em\u00bb image_icon_custom_padding=\u00bb25px|25px|25px|25px|false|false\u00bb animation=\u00bboff\u00bb header_font_size_tablet=\u00bb30px\u00bb header_font_size_phone=\u00bb24px\u00bb header_font_size_last_edited=\u00bbon|phone\u00bb border_radii_image=\u00bbon|100%|100%|100%|100%\u00bb icon_font_size=\u00bb30px\u00bb use_circle=\u00bbon\u00bb circle_color=\u00bb#0E122F\u00bb inline_fonts=\u00bbABeeZee\u00bb global_colors_info=\u00bb{}\u00bb image_icon_background_color__sticky_enabled=\u00bb#000133&#8243; image_icon_background_color__sticky=\u00bb#000133&#8243;]<\/p>\n<h2 style=\"text-align: left;\"><strong>Planeamiento Tributario<\/strong><\/h2>\n<p>Contamos con un equipo de profesionales altamente especializados que, mediante un an\u00e1lisis profundo de la informaci\u00f3n financiera hist\u00f3rica y presupuestada, desarrolla proyecciones financieras con incidencia tributaria, ajustadas a su perfil fiscal. Nuestra prioridad es evaluar y optimizar el costo tributario asociado a sus operaciones, con el fin de minimizar riesgos, prevenir contingencias y reducir la carga tributaria.<\/p>\n<p>Nuestro enfoque estrat\u00e9gico asegura una gesti\u00f3n eficiente de los recursos, alineada con las normas tributarias vigentes. As\u00ed, contribuimos al crecimiento sostenido y la estabilidad de su empresa, fortaleciendo su posici\u00f3n en el mercado y garantizando una planificaci\u00f3n tributaria responsable y eficaz.<\/p>\n<p>[\/et_pb_blurb][\/et_pb_column][et_pb_column type=\u00bb1_3&#8243; _builder_version=\u00bb4.16&#8243; _module_preset=\u00bbdefault\u00bb global_colors_info=\u00bb{}\u00bb][et_pb_blurb use_icon=\u00bbon\u00bb font_icon=\u00bb&#xe023;||divi||400&#8243; icon_color=\u00bb#ffffff\u00bb image_icon_background_color=\u00bb#0E122F\u00bb image_icon_width=\u00bb30px\u00bb _builder_version=\u00bb4.27.4&#8243; header_font=\u00bbDidact Gothic|900|||||||\u00bb header_text_color=\u00bb#0c71c3&#8243; header_font_size=\u00bb25px\u00bb body_font=\u00bbDidact Gothic|600|||||||\u00bb body_text_color=\u00bbrgba(14,18,47,0.77)\u00bb body_font_size=\u00bb17px\u00bb body_line_height=\u00bb1.4em\u00bb image_icon_custom_padding=\u00bb25px|25px|25px|25px|false|false\u00bb animation=\u00bboff\u00bb header_font_size_tablet=\u00bb30px\u00bb header_font_size_phone=\u00bb24px\u00bb header_font_size_last_edited=\u00bbon|phone\u00bb border_radii_image=\u00bbon|100%|100%|100%|100%\u00bb icon_font_size=\u00bb30px\u00bb use_circle=\u00bbon\u00bb circle_color=\u00bb#0E122F\u00bb inline_fonts=\u00bbABeeZee\u00bb global_colors_info=\u00bb{}\u00bb image_icon_background_color__sticky_enabled=\u00bb#000133&#8243; image_icon_background_color__sticky=\u00bb#000133&#8243;]<\/p>\n<h2>Consultor\u00eda tributaria mensual<\/h2>\n<p>Nuestro servicio de consultor\u00eda tributaria abarca la revisi\u00f3n detallada de sus operaciones con impacto tributario, con el objetivo de elaborar de manera correcta la liquidaci\u00f3n mensual de impuestos, poniendo especial cuidado en el cumplimiento de las normas relacionadas con el Impuesto General a las Ventas (IGV) y el Impuesto a la Renta (IR). Adem\u00e1s, gestionamos la presentaci\u00f3n oportuna de las declaraciones juradas a trav\u00e9s del PDT, as\u00ed como la generaci\u00f3n y env\u00edo de los Libros Electr\u00f3nicos de Ventas y Compras, entre otras obligaciones tributarias.<\/p>\n<p>Nos comprometemos a garantizar que su empresa cumpla estrictamente con la normativa tributaria vigente. Para ello, identificamos y corregimos cualquier inconsistencia u omisi\u00f3n en la informaci\u00f3n presentada y declarada, asegurando una presentaci\u00f3n correcta y oportuna de sus declaraciones tributarias, lo que contribuye a minimizar riesgos y evitar sanciones.<\/p>\n<p>Adem\u00e1s, proporcionamos asesoramiento tributario personalizado, adaptado a las necesidades espec\u00edficas de cada cliente. Facilitamos reuniones tanto virtuales como presenciales, para resolver inquietudes, aclarar dudas y brindar soluciones pr\u00e1cticas y oportunas que permitan una gesti\u00f3n tributaria eficiente.<\/p>\n<p>[\/et_pb_blurb][\/et_pb_column][et_pb_column type=\u00bb1_3&#8243; _builder_version=\u00bb4.16&#8243; _module_preset=\u00bbdefault\u00bb global_colors_info=\u00bb{}\u00bb][et_pb_blurb use_icon=\u00bbon\u00bb font_icon=\u00bb&#xe011;||divi||400&#8243; icon_color=\u00bb#ffffff\u00bb image_icon_background_color=\u00bb#0E122F\u00bb image_icon_width=\u00bb30px\u00bb _builder_version=\u00bb4.27.4&#8243; header_font=\u00bbDidact Gothic|900|||||||\u00bb header_text_color=\u00bb#0c71c3&#8243; header_font_size=\u00bb25px\u00bb body_font=\u00bbDidact Gothic|600|||||||\u00bb body_text_color=\u00bbrgba(14,18,47,0.77)\u00bb body_font_size=\u00bb17px\u00bb body_line_height=\u00bb1.4em\u00bb image_icon_custom_padding=\u00bb25px|25px|25px|25px|false|false\u00bb animation=\u00bboff\u00bb hover_enabled=\u00bb0&#8243; header_font_size_tablet=\u00bb30px\u00bb header_font_size_phone=\u00bb24px\u00bb header_font_size_last_edited=\u00bbon|phone\u00bb border_radii_image=\u00bbon|100%|100%|100%|100%\u00bb icon_font_size=\u00bb30px\u00bb use_circle=\u00bbon\u00bb circle_color=\u00bb#0E122F\u00bb inline_fonts=\u00bbABeeZee\u00bb global_colors_info=\u00bb{}\u00bb image_icon_background_color__sticky_enabled=\u00bb#000133&#8243; image_icon_background_color__sticky=\u00bb#000133&#8243; custom_padding=\u00bb||0px|||\u00bb sticky_enabled=\u00bb0&#8243;]<\/p>\n<h2><strong>Auditoria Tributaria Preventiva<\/strong><\/h2>\n<p>Nuestro servicio de auditor\u00eda tributaria est\u00e1 dise\u00f1ado para garantizar el cumplimiento de las obligaciones y normas tributarias que aplican a su empresa, permitiendo identificar posibles riesgos y oportunidades para optimizar la carga tributaria<\/p>\n<p>Realizamos una revisi\u00f3n y an\u00e1lisis de la correcta aplicaci\u00f3n de las disposiciones tributarias en la determinaci\u00f3n impositiva de las operaciones de su empresa. Nuestro objetivo es detectar y corregir cualquier inconsistencia o error que pueda generar contingencias futuras.<\/p>\n<p>Adoptamos un\u00a0enfoque preventivo orientado a minimizar los riesgos y contingencias tributarias, ofreciendo una evaluaci\u00f3n confiable que fortalece la seguridad tributaria de su empresa. De esta forma, reducimos significativamente la posibilidad de reparos o sanciones derivadas de un proceso de fiscalizaci\u00f3n por parte de la administraci\u00f3n tributaria, asegurando el cumplimiento normativo y la tranquilidad de su negocio.<\/p>\n<p>[\/et_pb_blurb][\/et_pb_column][\/et_pb_row][\/et_pb_section][et_pb_section fb_built=\u00bb1&#8243; _builder_version=\u00bb4.16&#8243; _module_preset=\u00bbdefault\u00bb global_colors_info=\u00bb{}\u00bb][et_pb_row column_structure=\u00bb2_5,3_5&#8243; _builder_version=\u00bb4.16&#8243; _module_preset=\u00bbdefault\u00bb custom_padding=\u00bb0px||0px|||\u00bb global_colors_info=\u00bb{}\u00bb][et_pb_column type=\u00bb2_5&#8243; _builder_version=\u00bb4.16&#8243; _module_preset=\u00bbdefault\u00bb global_colors_info=\u00bb{}\u00bb][et_pb_image src=\u00bbhttps:\/\/www.afi.pe\/wp-content\/uploads\/2020\/11\/tributario-conusltoria-financiera.jpg\u00bb title_text=\u00bbtributario-conusltoria-financiera\u00bb _builder_version=\u00bb4.16&#8243; _module_preset=\u00bbdefault\u00bb background_enable_image=\u00bboff\u00bb global_colors_info=\u00bb{}\u00bb][\/et_pb_image][\/et_pb_column][et_pb_column type=\u00bb3_5&#8243; _builder_version=\u00bb4.16&#8243; _module_preset=\u00bbdefault\u00bb global_colors_info=\u00bb{}\u00bb][et_pb_blurb _builder_version=\u00bb4.27.4&#8243; header_font=\u00bbDidact Gothic|900|||||||\u00bb header_text_color=\u00bb#0c71c3&#8243; header_font_size=\u00bb25px\u00bb body_font=\u00bbDidact Gothic|600|||||||\u00bb body_text_color=\u00bbrgba(14,18,47,0.77)\u00bb body_font_size=\u00bb17px\u00bb body_line_height=\u00bb1.4em\u00bb animation=\u00bboff\u00bb hover_enabled=\u00bb0&#8243; header_font_size_tablet=\u00bb30px\u00bb header_font_size_phone=\u00bb24px\u00bb header_font_size_last_edited=\u00bbon|phone\u00bb inline_fonts=\u00bbABeeZee\u00bb global_colors_info=\u00bb{}\u00bb sticky_enabled=\u00bb0&#8243;]<\/p>\n<h2><strong>Mas servicios de consultor\u00eda Tributaria<\/strong><\/h2>\n<h2><span style=\"font-size: 17px; color: rgba(14, 18, 47, 0.77);\">Ofrecemos asesor\u00eda y consultor\u00eda tributaria especializada para garantizar el cumplimiento normativo y la optimizaci\u00f3n tributaria de su empresa. Nuestros servicios incluyen:<\/span><\/h2>\n<ul>\n<li>Gesti\u00f3n y solicitud de devoluci\u00f3n o compensaci\u00f3n de impuestos ante la SUNAT.<\/li>\n<li>Elaboraci\u00f3n y presentaci\u00f3n de reclamos, apelaciones y quejas tributarias, asegurando la defensa efectiva de sus derechos.<\/li>\n<li>Capacitaci\u00f3n personalizada en temas tributarios, adaptada a las necesidades espec\u00edficas de cada empresa.<\/li>\n<li>Preparaci\u00f3n y presentaci\u00f3n de declaraciones informativas y determinativas, cumpliendo con las obligaciones tributarias vigentes.<\/li>\n<li>An\u00e1lisis exhaustivo de operaciones contingentes para la prevenci\u00f3n y manejo de casos de evasi\u00f3n y elusi\u00f3n tributaria.<\/li>\n<li>Elaboraci\u00f3n de informes t\u00e9cnicos especializados, como precios de transferencia, identificaci\u00f3n del beneficiario final, y otros informes fiscales requeridos por la normativa.<\/li>\n<\/ul>\n<p>Conf\u00ede en nuestra experiencia para optimizar la gesti\u00f3n tributaria y minimizar los riesgos en su organizaci\u00f3n.<\/p>\n<p>[\/et_pb_blurb][\/et_pb_column][\/et_pb_row][\/et_pb_section][et_pb_section fb_built=\u00bb1&#8243; _builder_version=\u00bb4.16&#8243; _module_preset=\u00bbdefault\u00bb background_color=\u00bb#0c71c3&#8243; use_background_color_gradient=\u00bbon\u00bb background_color_gradient_type=\u00bbcircular\u00bb background_color_gradient_stops=\u00bbrgba(43,135,218,0.66) 0%| #0E122F 100%\u00bb background_color_gradient_overlays_image=\u00bbon\u00bb background_color_gradient_start=\u00bbrgba(43,135,218,0.66)\u00bb background_color_gradient_end=\u00bb #0E122F\u00bb background_image=\u00bbhttps:\/\/www.afi.pe\/wp-content\/uploads\/2020\/11\/tech-19.jpg\u00bb custom_padding=\u00bb80px||81px|||\u00bb global_colors_info=\u00bb{}\u00bb][et_pb_row _builder_version=\u00bb4.16&#8243; _module_preset=\u00bbdefault\u00bb background_enable_color=\u00bboff\u00bb custom_margin=\u00bb|auto|-3px|auto||\u00bb custom_padding=\u00bb1px||60px|||\u00bb global_colors_info=\u00bb{}\u00bb][et_pb_column type=\u00bb4_4&#8243; _builder_version=\u00bb4.16&#8243; _module_preset=\u00bbdefault\u00bb background_enable_color=\u00bboff\u00bb global_colors_info=\u00bb{}\u00bb][et_pb_cta title=\u00bbAgenda un cita virtual\u00bb button_text=\u00bbAgendar mi cita\u00bb _builder_version=\u00bb4.16&#8243; _module_preset=\u00bbdefault\u00bb header_font_size=\u00bb35px\u00bb body_font=\u00bb|300|||||||\u00bb body_font_size=\u00bb17px\u00bb body_line_height=\u00bb2.2em\u00bb background_enable_color=\u00bboff\u00bb custom_button=\u00bbon\u00bb button_text_size=\u00bb31px\u00bb button_text_color=\u00bb#ffffff\u00bb button_border_width=\u00bb0px\u00bb button_border_color=\u00bb#ffffff\u00bb button_border_radius=\u00bb0px\u00bb custom_padding=\u00bb63px||4px|||\u00bb global_colors_info=\u00bb{}\u00bb]<\/p>\n<p style=\"text-align: center;\">Nos gustar\u00eda conocer m\u00e1s de su empresa, es por ello que sugerimos reunirnos de manera virtual.<\/p>\n<p>[\/et_pb_cta][et_pb_button button_url=\u00bbhttp:\/\/wa.link\/60jlz7&#8243; url_new_window=\u00bbon\u00bb button_text=\u00bbAgendar mi cita\u00bb button_alignment=\u00bbcenter\u00bb _builder_version=\u00bb4.23.4&#8243; _module_preset=\u00bbdefault\u00bb custom_button=\u00bbon\u00bb button_text_size=\u00bb20px\u00bb button_text_color=\u00bb#0c71c3&#8243; button_bg_color=\u00bb#ffffff\u00bb button_border_width=\u00bb0px\u00bb button_border_radius=\u00bb33px\u00bb global_colors_info=\u00bb{}\u00bb][\/et_pb_button][\/et_pb_column][\/et_pb_row][\/et_pb_section]<\/p>","protected":false},"excerpt":{"rendered":"<p>| Direcci\u00f3n y Gesti\u00f3n TributariaEn AFI Consultores de Empresas, ofrecemos un servicio integral y especializado que garantiza un an\u00e1lisis preciso y oportuno de las implicancias tributarias derivadas de las operaciones econ\u00f3micas de nuestros clientes. Nuestro enfoque permite identificar riesgos tributarios, para dise\u00f1ar e implementar estrategias, procesos y controles personalizados que previenen contingencias tributarias. Nos comprometemos [&hellip;]<\/p>","protected":false},"author":5,"featured_media":0,"parent":0,"menu_order":0,"comment_status":"closed","ping_status":"closed","template":"","meta":{"_et_pb_use_builder":"on","_et_pb_old_content":"","_et_gb_content_width":"","footnotes":""},"class_list":["post-2576","page","type-page","status-publish","hentry"],"jetpack_sharing_enabled":true,"_links":{"self":[{"href":"https:\/\/www.afi.pe\/en\/wp-json\/wp\/v2\/pages\/2576","targetHints":{"allow":["GET"]}}],"collection":[{"href":"https:\/\/www.afi.pe\/en\/wp-json\/wp\/v2\/pages"}],"about":[{"href":"https:\/\/www.afi.pe\/en\/wp-json\/wp\/v2\/types\/page"}],"author":[{"embeddable":true,"href":"https:\/\/www.afi.pe\/en\/wp-json\/wp\/v2\/users\/5"}],"replies":[{"embeddable":true,"href":"https:\/\/www.afi.pe\/en\/wp-json\/wp\/v2\/comments?post=2576"}],"version-history":[{"count":4,"href":"https:\/\/www.afi.pe\/en\/wp-json\/wp\/v2\/pages\/2576\/revisions"}],"predecessor-version":[{"id":3827,"href":"https:\/\/www.afi.pe\/en\/wp-json\/wp\/v2\/pages\/2576\/revisions\/3827"}],"wp:attachment":[{"href":"https:\/\/www.afi.pe\/en\/wp-json\/wp\/v2\/media?parent=2576"}],"curies":[{"name":"wp","href":"https:\/\/api.w.org\/{rel}","templated":true}]}}