{"id":2550,"date":"2020-08-26T06:54:33","date_gmt":"2020-08-26T11:54:33","guid":{"rendered":"https:\/\/www.afi.pe\/?page_id=2550"},"modified":"2025-12-18T19:40:51","modified_gmt":"2025-12-19T00:40:51","slug":"servicios-de-consultoria-financiera-para-empresas","status":"publish","type":"page","link":"https:\/\/www.afi.pe\/en\/servicios-de-consultoria-financiera-para-empresas\/","title":{"rendered":"Servicios de Consultor\u00eda Financiera para empresas"},"content":{"rendered":"<p>[et_pb_section fb_built=\u00bb1&#8243; admin_label=\u00bbHeader\u00bb _builder_version=\u00bb4.16&#8243; use_background_color_gradient=\u00bbon\u00bb background_color_gradient_stops=\u00bbrgba(0,19,46,0.27) 0%|#00132e 100%\u00bb background_color_gradient_overlays_image=\u00bbon\u00bb background_color_gradient_start=\u00bbrgba(0,19,46,0.27)\u00bb background_color_gradient_end=\u00bb#00132e\u00bb background_image=\u00bbhttps:\/\/www.afi.pe\/wp-content\/uploads\/2020\/08\/financial-advisor-46.jpg\u00bb custom_padding=\u00bb||||false|false\u00bb global_colors_info=\u00bb{}\u00bb][et_pb_row _builder_version=\u00bb4.16&#8243; custom_padding=\u00bb||54px|||\u00bb global_colors_info=\u00bb{}\u00bb][et_pb_column type=\u00bb4_4&#8243; _builder_version=\u00bb4.16&#8243; global_colors_info=\u00bb{}\u00bb][et_pb_text _builder_version=\u00bb4.16&#8243; _module_preset=\u00bbdefault\u00bb text_font=\u00bbDidact Gothic|700|||||||\u00bb text_text_color=\u00bb#ffffff\u00bb text_font_size=\u00bb40px\u00bb global_colors_info=\u00bb{}\u00bb]| Direcci\u00f3n y Gesti\u00f3n Financiera[\/et_pb_text][et_pb_text _builder_version=\u00bb4.16&#8243; _module_preset=\u00bbdefault\u00bb text_font=\u00bbDidact Gothic|||on|||||\u00bb text_text_color=\u00bb#ffffff\u00bb text_font_size=\u00bb27px\u00bb global_colors_info=\u00bb{}\u00bb][\/et_pb_text][\/et_pb_column][\/et_pb_row][\/et_pb_section][et_pb_section fb_built=\u00bb1&#8243; _builder_version=\u00bb4.16&#8243; _module_preset=\u00bbdefault\u00bb custom_padding=\u00bb||0px|||\u00bb global_colors_info=\u00bb{}\u00bb][et_pb_row column_structure=\u00bb1_3,1_3,1_3&#8243; _builder_version=\u00bb4.16&#8243; _module_preset=\u00bbdefault\u00bb global_colors_info=\u00bb{}\u00bb][et_pb_column type=\u00bb1_3&#8243; _builder_version=\u00bb4.16&#8243; _module_preset=\u00bbdefault\u00bb global_colors_info=\u00bb{}\u00bb][et_pb_blurb title=\u00bbDirecci\u00f3n y Gesti\u00f3n Financiera para tu empresa\u00bb image=\u00bbhttps:\/\/www.afi.pe\/wp-content\/uploads\/2020\/08\/finanzasx2.png\u00bb _builder_version=\u00bb4.16&#8243; header_level=\u00bbh1&#8243; header_font=\u00bbDidact Gothic|900|||||||\u00bb header_text_align=\u00bbcenter\u00bb header_text_color=\u00bb#171932&#8243; header_font_size=\u00bb36px\u00bb body_font=\u00bbDidact Gothic|600|||||||\u00bb body_text_color=\u00bb#0c71c3&#8243; body_font_size=\u00bb28px\u00bb body_line_height=\u00bb1.4em\u00bb text_orientation=\u00bbcenter\u00bb animation=\u00bboff\u00bb header_font_size_tablet=\u00bb30px\u00bb header_font_size_phone=\u00bb24px\u00bb header_font_size_last_edited=\u00bbon|phone\u00bb inline_fonts=\u00bbABeeZee\u00bb global_colors_info=\u00bb{}\u00bb]\u00bfEn que consiste?[\/et_pb_blurb][\/et_pb_column][et_pb_column type=\u00bb1_3&#8243; _builder_version=\u00bb4.16&#8243; _module_preset=\u00bbdefault\u00bb global_colors_info=\u00bb{}\u00bb][et_pb_text _builder_version=\u00bb4.27.4&#8243; _module_preset=\u00bbdefault\u00bb text_font=\u00bbDidact Gothic||||||||\u00bb text_font_size=\u00bb18px\u00bb inline_fonts=\u00bbABeeZee\u00bb global_colors_info=\u00bb{}\u00bb]<\/p>\n<p>En AFI Consultores de Empresas colaboramos en el desarrollo y la implementaci\u00f3n de las herramientas financieras que su empresa necesita para la toma de decisiones y los an\u00e1lisis previos a la inversi\u00f3n de capital, con el objetivo de maximizar la rentabilidad y minimizar los riesgos asociados. Adem\u00e1s, realizamos los an\u00e1lisis financieros necesarios para evaluar el desempe\u00f1o de la gesti\u00f3n empresarial y garantizar la presentaci\u00f3n adecuada de los estados financieros ante entidades del sector financiero o inversionistas particulares.<\/p>\n<p>[\/et_pb_text][\/et_pb_column][et_pb_column type=\u00bb1_3&#8243; _builder_version=\u00bb4.16&#8243; _module_preset=\u00bbdefault\u00bb global_colors_info=\u00bb{}\u00bb][et_pb_text _builder_version=\u00bb4.27.4&#8243; _module_preset=\u00bbdefault\u00bb text_font=\u00bbDidact Gothic||||||||\u00bb text_font_size=\u00bb18px\u00bb inline_fonts=\u00bbABeeZee\u00bb global_colors_info=\u00bb{}\u00bb]<\/p>\n<p>Tambi\u00e9n brindamos apoyo en el desarrollo, elaboraci\u00f3n y control del flujo de caja, una herramienta fundamental para la gesti\u00f3n financiera. Contar con un control eficiente, su correcta aplicaci\u00f3n y reportes precisos es una funci\u00f3n b\u00e1sica y esencial para cualquier empresa.<\/p>\n<p>Adem\u00e1s, facilitamos las herramientas y estructuras necesarias para el control de costos comerciales, de importaci\u00f3n, de servicios e industriales, junto con el desarrollo de informes financieros y de costos personalizados, adaptados a las necesidades espec\u00edficas de su organizaci\u00f3n.<\/p>\n<p>[\/et_pb_text][\/et_pb_column][\/et_pb_row][\/et_pb_section][et_pb_section fb_built=\u00bb1&#8243; _builder_version=\u00bb4.16&#8243; _module_preset=\u00bbdefault\u00bb background_color=\u00bbrgba(224,224,224,0.78)\u00bb use_background_color_gradient=\u00bbon\u00bb background_color_gradient_direction=\u00bb221deg\u00bb background_color_gradient_stops=\u00bb#ffffff 0%|rgba(255,255,255,0.88) 100%\u00bb background_color_gradient_overlays_image=\u00bbon\u00bb background_color_gradient_start=\u00bb#ffffff\u00bb background_color_gradient_end=\u00bbrgba(255,255,255,0.88)\u00bb background_image=\u00bbhttps:\/\/www.afi.pe\/wp-content\/uploads\/2020\/08\/servicios-afi.jpg\u00bb custom_padding=\u00bb30px|||||\u00bb global_colors_info=\u00bb{}\u00bb][et_pb_row _builder_version=\u00bb4.16&#8243; _module_preset=\u00bbdefault\u00bb custom_padding=\u00bb||4px|||\u00bb global_colors_info=\u00bb{}\u00bb][et_pb_column type=\u00bb4_4&#8243; _builder_version=\u00bb4.16&#8243; _module_preset=\u00bbdefault\u00bb global_colors_info=\u00bb{}\u00bb][et_pb_text _builder_version=\u00bb4.16&#8243; _module_preset=\u00bbdefault\u00bb text_font=\u00bb|700|||||||\u00bb text_text_color=\u00bb#0E122F\u00bb text_font_size=\u00bb35px\u00bb global_colors_info=\u00bb{}\u00bb]<\/p>\n<p style=\"text-align: center;\">\u00bfComo trabajamos?<\/p>\n<p>[\/et_pb_text][et_pb_text _builder_version=\u00bb4.16&#8243; _module_preset=\u00bbdefault\u00bb text_font=\u00bbDidact Gothic||||||||\u00bb text_text_color=\u00bb#545454&#8243; text_font_size=\u00bb20px\u00bb global_colors_info=\u00bb{}\u00bb]<\/p>\n<p style=\"text-align: center;\">Llevamos a tu empresa al siguiente nivel en 3 etapas<\/p>\n<p>[\/et_pb_text][\/et_pb_column][\/et_pb_row][et_pb_row column_structure=\u00bb1_3,1_3,1_3&#8243; _builder_version=\u00bb4.16&#8243; _module_preset=\u00bbdefault\u00bb global_colors_info=\u00bb{}\u00bb][et_pb_column type=\u00bb1_3&#8243; _builder_version=\u00bb4.16&#8243; _module_preset=\u00bbdefault\u00bb global_colors_info=\u00bb{}\u00bb][et_pb_blurb title=\u00bbEtapa 1&#8243; use_icon=\u00bbon\u00bb font_icon=\u00bb&#x68;||divi||400&#8243; icon_color=\u00bb#ffffff\u00bb image_icon_background_color=\u00bb#0E122F\u00bb image_icon_width=\u00bb30px\u00bb _builder_version=\u00bb4.16&#8243; header_level=\u00bbh1&#8243; header_font=\u00bbDidact Gothic|900||on|||||\u00bb header_text_color=\u00bb#0c71c3&#8243; header_font_size=\u00bb25px\u00bb body_font=\u00bbDidact Gothic|600|||||||\u00bb body_text_color=\u00bbrgba(14,18,47,0.77)\u00bb body_font_size=\u00bb17px\u00bb body_line_height=\u00bb1.4em\u00bb image_icon_custom_padding=\u00bb25px|25px|25px|25px|false|false\u00bb animation=\u00bboff\u00bb header_font_size_tablet=\u00bb30px\u00bb header_font_size_phone=\u00bb24px\u00bb header_font_size_last_edited=\u00bbon|phone\u00bb border_radii_image=\u00bbon|100%|100%|100%|100%\u00bb icon_font_size=\u00bb30px\u00bb use_circle=\u00bbon\u00bb circle_color=\u00bb#0E122F\u00bb inline_fonts=\u00bbABeeZee\u00bb global_colors_info=\u00bb{}\u00bb image_icon_background_color__sticky_enabled=\u00bb#000133&#8243; image_icon_background_color__sticky=\u00bb#000133&#8243;]<\/p>\n<h2 style=\"text-align: left;\">Evaluaci\u00f3n y An\u00e1lisis Financiero Integral<\/h2>\n<p>&nbsp;<\/p>\n<p>En esta primera etapa, realizamos un diagn\u00f3stico detallado de la salud financiera y operativa de la organizaci\u00f3n, basado en m\u00e9todos rigurosos y personalizados.<\/p>\n<ul>\n<li>An\u00e1lisis exhaustivo de los estados financieros para identificar fortalezas, debilidades y oportunidades de mejora.<\/li>\n<li>Aplicaci\u00f3n de un cuestionario especializado dise\u00f1ado para evaluar y controlar los procesos financieros, contables y administrativos.<\/li>\n<li>Validaci\u00f3n rigurosa de la documentaci\u00f3n mediante revisi\u00f3n aleatoria que garantice la consistencia y confiabilidad de la informaci\u00f3n presentada.<\/li>\n<\/ul>\n<p>Este enfoque nos brinda una visi\u00f3n clara y precisa que fundamenta el dise\u00f1o y la implementaci\u00f3n de estructuras, herramientas y controles financieros estrat\u00e9gicos, que servir\u00e1n de base para la mejora continua que impulsa el crecimiento sostenible y la eficiencia de la organizaci\u00f3n.<\/p>\n<p>[\/et_pb_blurb][\/et_pb_column][et_pb_column type=\u00bb1_3&#8243; _builder_version=\u00bb4.16&#8243; _module_preset=\u00bbdefault\u00bb global_colors_info=\u00bb{}\u00bb][et_pb_blurb title=\u00bbETAPA 2&#8243; use_icon=\u00bbon\u00bb font_icon=\u00bb&#xe0e9;||divi||400&#8243; icon_color=\u00bb#ffffff\u00bb image_icon_background_color=\u00bb#0E122F\u00bb image_icon_width=\u00bb30px\u00bb _builder_version=\u00bb4.16&#8243; header_font=\u00bbDidact Gothic|900|||||||\u00bb header_text_color=\u00bb#0c71c3&#8243; header_font_size=\u00bb25px\u00bb body_font=\u00bbDidact Gothic|600|||||||\u00bb body_text_color=\u00bbrgba(14,18,47,0.77)\u00bb body_font_size=\u00bb17px\u00bb body_line_height=\u00bb1.4em\u00bb image_icon_custom_padding=\u00bb25px|25px|25px|25px|false|false\u00bb animation=\u00bboff\u00bb header_font_size_tablet=\u00bb30px\u00bb header_font_size_phone=\u00bb24px\u00bb header_font_size_last_edited=\u00bbon|phone\u00bb border_radii_image=\u00bbon|100%|100%|100%|100%\u00bb icon_font_size=\u00bb30px\u00bb use_circle=\u00bbon\u00bb circle_color=\u00bb#0E122F\u00bb inline_fonts=\u00bbABeeZee\u00bb global_colors_info=\u00bb{}\u00bb image_icon_background_color__sticky_enabled=\u00bb#000133&#8243; image_icon_background_color__sticky=\u00bb#000133&#8243;]<\/p>\n<h2>Desarrollo e Implementaci\u00f3n de Controles y Herramientas Financieras<\/h2>\n<p>En esta fase, nos enfocamos en:<\/p>\n<ul>\n<li>Dise\u00f1ar y establecer una estructura financiera s\u00f3lida y alineada a las necesidades espec\u00edficas de su organizaci\u00f3n.<\/li>\n<li>Elaborar las pol\u00edticas y procedimientos financieros claros y efectivos que respalden dicha estructura.<\/li>\n<li>Desarrollar e implementar las herramientas y controles financieros personalizados que optimizan la gesti\u00f3n, el cumplimiento y la transparencia en todas las operaciones financieras.<\/li>\n<\/ul>\n<p>&nbsp;<\/p>\n<p>[\/et_pb_blurb][\/et_pb_column][et_pb_column type=\u00bb1_3&#8243; _builder_version=\u00bb4.16&#8243; _module_preset=\u00bbdefault\u00bb global_colors_info=\u00bb{}\u00bb][et_pb_blurb title=\u00bbETAPA 3&#8243; use_icon=\u00bbon\u00bb font_icon=\u00bb&#xe0ec;||divi||400&#8243; icon_color=\u00bb#ffffff\u00bb image_icon_background_color=\u00bb#0E122F\u00bb image_icon_width=\u00bb30px\u00bb _builder_version=\u00bb4.16&#8243; header_font=\u00bbDidact Gothic|900|||||||\u00bb header_text_color=\u00bb#0c71c3&#8243; header_font_size=\u00bb25px\u00bb body_font=\u00bbDidact Gothic|600|||||||\u00bb body_text_color=\u00bbrgba(14,18,47,0.77)\u00bb body_font_size=\u00bb17px\u00bb body_line_height=\u00bb1.4em\u00bb image_icon_custom_padding=\u00bb25px|25px|25px|25px|false|false\u00bb animation=\u00bboff\u00bb header_font_size_tablet=\u00bb30px\u00bb header_font_size_phone=\u00bb24px\u00bb header_font_size_last_edited=\u00bbon|phone\u00bb border_radii_image=\u00bbon|100%|100%|100%|100%\u00bb icon_font_size=\u00bb30px\u00bb use_circle=\u00bbon\u00bb circle_color=\u00bb#0E122F\u00bb inline_fonts=\u00bbABeeZee\u00bb global_colors_info=\u00bb{}\u00bb image_icon_background_color__sticky_enabled=\u00bb#000133&#8243; image_icon_background_color__sticky=\u00bb#000133&#8243;]<\/p>\n<h2>Consultor\u00eda en Direcci\u00f3n Financiera <strong class=\"Yjhzub\" jscontroller=\"zYmgkd\" jsuid=\"kddu3_9\">a trav\u00e9s<\/strong> del Comit\u00e9 de Finanzas<\/h2>\n<p>En esta etapa, trabajamos en conjunto con la Gerencia y el Staff de Finanzas para fortalecer la gesti\u00f3n financiera alineada con el plan estrat\u00e9gico de la organizaci\u00f3n. Los principales objetivos son:<\/p>\n<ul>\n<li>Definir y establecer objetivos financieros claros y congruentes con la visi\u00f3n y misi\u00f3n corporativa.<\/li>\n<li>Dise\u00f1ar y desarrollar un mapa integral de riesgos financieros, identificando posibles impactos y costos asociados.<\/li>\n<li>Crear indicadores financieros clave que permitan medir el desempe\u00f1o, la rentabilidad y la eficiencia de la gesti\u00f3n.<\/li>\n<li>Implementar un sistema continuo de seguimiento y control de estos indicadores para garantizar la toma de decisiones informada y oportuna.<\/li>\n<\/ul>\n<p>Nuestro enfoque asegura una direcci\u00f3n financiera s\u00f3lida que impulsa la sostenibilidad y el crecimiento empresarial.<\/p>\n<ul><\/ul>\n<p>[\/et_pb_blurb][\/et_pb_column][\/et_pb_row][et_pb_row column_structure=\u00bb1_2,1_2&#8243; _builder_version=\u00bb4.16&#8243; _module_preset=\u00bbdefault\u00bb global_colors_info=\u00bb{}\u00bb][et_pb_column type=\u00bb1_2&#8243; _builder_version=\u00bb4.16&#8243; _module_preset=\u00bbdefault\u00bb global_colors_info=\u00bb{}\u00bb][et_pb_blurb image_icon_background_color=\u00bb#0E122F\u00bb image_icon_width=\u00bb30px\u00bb _builder_version=\u00bb4.27.4&#8243; header_level=\u00bbh1&#8243; header_font=\u00bbDidact Gothic|900||on|||||\u00bb header_text_color=\u00bb#0c71c3&#8243; header_font_size=\u00bb25px\u00bb body_font=\u00bbDidact Gothic|600|||||||\u00bb body_text_color=\u00bbrgba(14,18,47,0.77)\u00bb body_font_size=\u00bb17px\u00bb body_line_height=\u00bb1.4em\u00bb image_icon_custom_padding=\u00bb25px|25px|25px|25px|false|false\u00bb animation=\u00bboff\u00bb header_font_size_tablet=\u00bb30px\u00bb header_font_size_phone=\u00bb24px\u00bb header_font_size_last_edited=\u00bbon|phone\u00bb border_radii_image=\u00bbon|100%|100%|100%|100%\u00bb icon_font_size=\u00bb30px\u00bb use_circle=\u00bbon\u00bb circle_color=\u00bb#0E122F\u00bb inline_fonts=\u00bbABeeZee\u00bb global_colors_info=\u00bb{}\u00bb image_icon_background_color__sticky_enabled=\u00bb#000133&#8243; image_icon_background_color__sticky=\u00bb#000133&#8243;]<\/p>\n<h2><strong>Desarrollo de Presupuestos y Proyectos de Inversi\u00f3n<\/strong><\/h2>\n<p>Ofrecemos un servicio integral que consiste en la cuantificaci\u00f3n detallada del plan estrat\u00e9gico del proyecto mediante la elaboraci\u00f3n y an\u00e1lisis de presupuestos precisos. Adem\u00e1s, evaluamos y estructuramos la informaci\u00f3n financiera de los proyectos de inversi\u00f3n, sustentada en estudios t\u00e9cnicos previos y rigurosos. Esto facilita a inversionistas y directivos una base s\u00f3lida para la toma de decisiones informadas, asegurando la viabilidad y rentabilidad de cada proyecto.<\/p>\n<p>[\/et_pb_blurb][\/et_pb_column][et_pb_column type=\u00bb1_2&#8243; _builder_version=\u00bb4.16&#8243; _module_preset=\u00bbdefault\u00bb global_colors_info=\u00bb{}\u00bb][et_pb_blurb image_icon_background_color=\u00bb#0E122F\u00bb image_icon_width=\u00bb30px\u00bb _builder_version=\u00bb4.27.4&#8243; header_level=\u00bbh1&#8243; header_font=\u00bbDidact Gothic|900||on|||||\u00bb header_text_color=\u00bb#0c71c3&#8243; header_font_size=\u00bb25px\u00bb body_font=\u00bbDidact Gothic|600|||||||\u00bb body_text_color=\u00bbrgba(14,18,47,0.77)\u00bb body_font_size=\u00bb17px\u00bb body_line_height=\u00bb1.4em\u00bb image_icon_custom_padding=\u00bb25px|25px|25px|25px|false|false\u00bb animation=\u00bboff\u00bb header_font_size_tablet=\u00bb30px\u00bb header_font_size_phone=\u00bb24px\u00bb header_font_size_last_edited=\u00bbon|phone\u00bb border_radii_image=\u00bbon|100%|100%|100%|100%\u00bb icon_font_size=\u00bb30px\u00bb use_circle=\u00bbon\u00bb circle_color=\u00bb#0E122F\u00bb inline_fonts=\u00bbABeeZee\u00bb global_colors_info=\u00bb{}\u00bb image_icon_background_color__sticky_enabled=\u00bb#000133&#8243; image_icon_background_color__sticky=\u00bb#000133&#8243;]<\/p>\n<h2><strong>An\u00e1lisis y Desarrollo de Estructura de Costos<\/strong><\/h2>\n<p>En un entorno competitivo, comprender y optimizar la estructura de costos es fundamental para garantizar la rentabilidad y sostenibilidad de tu negocio. Nuestro servicio de An\u00e1lisis y Desarrollo de Estructura de Costos est\u00e1 dise\u00f1ado para ofrecerte una visi\u00f3n integral, precisa y estrat\u00e9gica de todos los elementos que influyen en tus costos operativos.<\/p>\n<p>A trav\u00e9s de una metodolog\u00eda rigurosa, identificamos, clasificamos y evaluamos cada componente que impacta en tus costos. Esto te permite:<\/p>\n<ul>\n<li>Identificar erogaciones y provisiones que representen costos y gastos<\/li>\n<li>Determinar y asignar costos directos e indirectos, fijos y variables<\/li>\n<li>Determinar el sistema y estructura de costeo a implementar<\/li>\n<li>Desarrollar procesos efectivos para el control y seguimiento de costos<\/li>\n<li>Elaborar e implementar reportes de costos para la toma de decisiones<\/li>\n<li>Analizar y corregir de forma oportuna las variaciones en los costos<\/li>\n<\/ul>\n<p>Nuestro enfoque se adapta a las particularidades de tu sector y modelo de negocio, ofreciendo soluciones personalizadas basadas en datos confiables. As\u00ed, potenciamos la eficiencia operativa, optimizamos recursos y contribuimos a maximizar tu rentabilidad y crecimiento sostenible.<\/p>\n<p>[\/et_pb_blurb][\/et_pb_column][\/et_pb_row][\/et_pb_section][et_pb_section fb_built=\u00bb1&#8243; _builder_version=\u00bb4.16&#8243; _module_preset=\u00bbdefault\u00bb global_colors_info=\u00bb{}\u00bb][et_pb_row _builder_version=\u00bb4.16&#8243; _module_preset=\u00bbdefault\u00bb custom_padding=\u00bb||4px|||\u00bb global_colors_info=\u00bb{}\u00bb][et_pb_column type=\u00bb4_4&#8243; _builder_version=\u00bb4.16&#8243; _module_preset=\u00bbdefault\u00bb global_colors_info=\u00bb{}\u00bb][et_pb_text _builder_version=\u00bb4.16&#8243; _module_preset=\u00bbdefault\u00bb text_font=\u00bb|700|||||||\u00bb text_text_color=\u00bb#0E122F\u00bb text_font_size=\u00bb35px\u00bb global_colors_info=\u00bb{}\u00bb]<\/p>\n<p style=\"text-align: center;\">Mas servicios<\/p>\n<p>[\/et_pb_text][\/et_pb_column][\/et_pb_row][et_pb_row _builder_version=\u00bb4.16&#8243; _module_preset=\u00bbdefault\u00bb global_colors_info=\u00bb{}\u00bb][et_pb_column type=\u00bb4_4&#8243; _builder_version=\u00bb4.16&#8243; _module_preset=\u00bbdefault\u00bb global_colors_info=\u00bb{}\u00bb][et_pb_blurb title=\u00bbDesarrollo de Presupuestos y Proyectos de Inversi\u00f3n\u00bb use_icon=\u00bbon\u00bb font_icon=\u00bb&#xe0ef;||divi||400&#8243; icon_color=\u00bb#ffffff\u00bb image_icon_background_color=\u00bb#0E122F\u00bb image_icon_width=\u00bb30px\u00bb _builder_version=\u00bb4.16&#8243; header_font=\u00bbDidact Gothic|900|||||||\u00bb header_text_align=\u00bbcenter\u00bb header_text_color=\u00bb#0E122F\u00bb header_font_size=\u00bb25px\u00bb body_font=\u00bbDidact Gothic|600|||||||\u00bb body_text_color=\u00bbrgba(14,18,47,0.77)\u00bb body_font_size=\u00bb17px\u00bb body_line_height=\u00bb1.4em\u00bb image_icon_custom_padding=\u00bb25px|25px|25px|25px|false|false\u00bb animation=\u00bboff\u00bb header_font_size_tablet=\u00bb30px\u00bb header_font_size_phone=\u00bb24px\u00bb header_font_size_last_edited=\u00bbon|phone\u00bb border_radii_image=\u00bbon|100%|100%|100%|100%\u00bb icon_font_size=\u00bb30px\u00bb use_circle=\u00bbon\u00bb circle_color=\u00bb#0E122F\u00bb inline_fonts=\u00bbABeeZee\u00bb global_colors_info=\u00bb{}\u00bb image_icon_background_color__sticky_enabled=\u00bb#000133&#8243; image_icon_background_color__sticky=\u00bb#000133&#8243;]<\/p>\n<p style=\"text-align: center;\">Nuestro servicio consta en la elaboraci\u00f3n del presupuesto proyectado, tomando como base los lineamientos del plan estrat\u00e9gico de la organizaci\u00f3n, asimismo, evaluamos y elaboramos la informaci\u00f3n financiera de los proyectos de inversi\u00f3n acorde con los estudios t\u00e9cnicos realizados previamente.<\/p>\n<p>[\/et_pb_blurb][\/et_pb_column][\/et_pb_row][\/et_pb_section][et_pb_section fb_built=\u00bb1&#8243; _builder_version=\u00bb4.16&#8243; _module_preset=\u00bbdefault\u00bb background_color=\u00bb#0c71c3&#8243; use_background_color_gradient=\u00bbon\u00bb background_color_gradient_type=\u00bbcircular\u00bb background_color_gradient_stops=\u00bbrgba(43,135,218,0.66) 0%| #0E122F 100%\u00bb background_color_gradient_overlays_image=\u00bbon\u00bb background_color_gradient_start=\u00bbrgba(43,135,218,0.66)\u00bb background_color_gradient_end=\u00bb #0E122F\u00bb background_image=\u00bbhttps:\/\/www.afi.pe\/wp-content\/uploads\/2020\/11\/tech-19.jpg\u00bb custom_padding=\u00bb80px||81px|||\u00bb global_colors_info=\u00bb{}\u00bb][et_pb_row _builder_version=\u00bb4.16&#8243; _module_preset=\u00bbdefault\u00bb background_enable_color=\u00bboff\u00bb custom_margin=\u00bb|auto|-3px|auto||\u00bb custom_padding=\u00bb1px||60px|||\u00bb global_colors_info=\u00bb{}\u00bb][et_pb_column type=\u00bb4_4&#8243; _builder_version=\u00bb4.16&#8243; _module_preset=\u00bbdefault\u00bb background_enable_color=\u00bboff\u00bb global_colors_info=\u00bb{}\u00bb][et_pb_cta title=\u00bbAgenda un cita virtual\u00bb button_text=\u00bbAgendar mi cita\u00bb _builder_version=\u00bb4.16&#8243; _module_preset=\u00bbdefault\u00bb header_font_size=\u00bb35px\u00bb body_font=\u00bb|300|||||||\u00bb body_font_size=\u00bb17px\u00bb body_line_height=\u00bb2.2em\u00bb background_enable_color=\u00bboff\u00bb custom_button=\u00bbon\u00bb button_text_size=\u00bb31px\u00bb button_text_color=\u00bb#ffffff\u00bb button_border_width=\u00bb0px\u00bb button_border_color=\u00bb#ffffff\u00bb button_border_radius=\u00bb0px\u00bb custom_padding=\u00bb63px||4px|||\u00bb global_colors_info=\u00bb{}\u00bb]<\/p>\n<p style=\"text-align: center;\">Nos gustar\u00eda conocer m\u00e1s de su empresa, es por ello que sugerimos reunirnos de manera virtual.<\/p>\n<p>[\/et_pb_cta][et_pb_button button_url=\u00bbhttp:\/\/wa.link\/60jlz7&#8243; url_new_window=\u00bbon\u00bb button_text=\u00bbAgendar mi cita\u00bb button_alignment=\u00bbcenter\u00bb _builder_version=\u00bb4.27.4&#8243; _module_preset=\u00bbdefault\u00bb custom_button=\u00bbon\u00bb button_text_size=\u00bb20px\u00bb button_text_color=\u00bb#0c71c3&#8243; button_bg_color=\u00bb#ffffff\u00bb button_border_width=\u00bb0px\u00bb button_border_radius=\u00bb33px\u00bb global_colors_info=\u00bb{}\u00bb][\/et_pb_button][\/et_pb_column][\/et_pb_row][\/et_pb_section]<\/p>","protected":false},"excerpt":{"rendered":"<p>| Direcci\u00f3n y Gesti\u00f3n Financiera\u00bfEn que consiste?En AFI Consultores de Empresas colaboramos en el desarrollo y la implementaci\u00f3n de las herramientas financieras que su empresa necesita para la toma de decisiones y los an\u00e1lisis previos a la inversi\u00f3n de capital, con el objetivo de maximizar la rentabilidad y minimizar los riesgos asociados. Adem\u00e1s, realizamos los [&hellip;]<\/p>","protected":false},"author":5,"featured_media":0,"parent":0,"menu_order":1,"comment_status":"closed","ping_status":"closed","template":"","meta":{"_et_pb_use_builder":"on","_et_pb_old_content":"","_et_gb_content_width":"","footnotes":""},"class_list":["post-2550","page","type-page","status-publish","hentry"],"jetpack_sharing_enabled":true,"_links":{"self":[{"href":"https:\/\/www.afi.pe\/en\/wp-json\/wp\/v2\/pages\/2550","targetHints":{"allow":["GET"]}}],"collection":[{"href":"https:\/\/www.afi.pe\/en\/wp-json\/wp\/v2\/pages"}],"about":[{"href":"https:\/\/www.afi.pe\/en\/wp-json\/wp\/v2\/types\/page"}],"author":[{"embeddable":true,"href":"https:\/\/www.afi.pe\/en\/wp-json\/wp\/v2\/users\/5"}],"replies":[{"embeddable":true,"href":"https:\/\/www.afi.pe\/en\/wp-json\/wp\/v2\/comments?post=2550"}],"version-history":[{"count":5,"href":"https:\/\/www.afi.pe\/en\/wp-json\/wp\/v2\/pages\/2550\/revisions"}],"predecessor-version":[{"id":3828,"href":"https:\/\/www.afi.pe\/en\/wp-json\/wp\/v2\/pages\/2550\/revisions\/3828"}],"wp:attachment":[{"href":"https:\/\/www.afi.pe\/en\/wp-json\/wp\/v2\/media?parent=2550"}],"curies":[{"name":"wp","href":"https:\/\/api.w.org\/{rel}","templated":true}]}}