{"id":2503,"date":"2020-08-25T21:35:11","date_gmt":"2020-08-25T21:35:11","guid":{"rendered":"https:\/\/www.afi.pe\/?page_id=2503"},"modified":"2025-12-18T17:26:22","modified_gmt":"2025-12-18T22:26:22","slug":"servicios","status":"publish","type":"page","link":"https:\/\/www.afi.pe\/en\/servicios\/","title":{"rendered":"Services"},"content":{"rendered":"<p>[et_pb_section fb_built=\u00bb1&#8243; admin_label=\u00bbHeader\u00bb _builder_version=\u00bb4.16&#8243; use_background_color_gradient=\u00bbon\u00bb background_color_gradient_stops=\u00bbrgba(0,19,46,0.81) 0%|#00132e 100%\u00bb background_color_gradient_overlays_image=\u00bbon\u00bb background_color_gradient_start=\u00bbrgba(0,19,46,0.81)\u00bb background_color_gradient_end=\u00bb#00132e\u00bb background_image=\u00bbhttps:\/\/www.afi.pe\/wp-content\/uploads\/2020\/08\/servicios-afi.jpg\u00bb custom_padding=\u00bb||||false|false\u00bb global_colors_info=\u00bb{}\u00bb][et_pb_row _builder_version=\u00bb4.16&#8243; global_colors_info=\u00bb{}\u00bb][et_pb_column type=\u00bb4_4&#8243; _builder_version=\u00bb4.16&#8243; global_colors_info=\u00bb{}\u00bb][et_pb_text _builder_version=\u00bb4.16&#8243; _module_preset=\u00bbdefault\u00bb text_font=\u00bbDidact Gothic|700|||||||\u00bb text_text_color=\u00bb#ffffff\u00bb text_font_size=\u00bb40px\u00bb header_text_color=\u00bb#ffffff\u00bb header_font_size=\u00bb40px\u00bb text_orientation=\u00bbcenter\u00bb global_colors_info=\u00bb{}\u00bb]<\/p>\n<h1>Servicios de Consultor\u00eda para Empresas<\/h1>\n<p>[\/et_pb_text][\/et_pb_column][\/et_pb_row][\/et_pb_section][et_pb_section fb_built=\u00bb1&#8243; admin_label=\u00bbServices\u00bb _builder_version=\u00bb4.16&#8243; global_colors_info=\u00bb{}\u00bb][et_pb_row column_structure=\u00bb1_2,1_2&#8243; _builder_version=\u00bb4.16&#8243; global_colors_info=\u00bb{}\u00bb][et_pb_column type=\u00bb1_2&#8243; _builder_version=\u00bb4.16&#8243; global_colors_info=\u00bb{}\u00bb][et_pb_blurb title=\u00bbDirecci\u00f3n y Gesti\u00f3n Financiera\u00bb image=\u00bbhttps:\/\/www.afi.pe\/wp-content\/uploads\/2020\/08\/finanzas-1.png\u00bb icon_placement=\u00bbleft\u00bb image_icon_width=\u00bb64px\u00bb content_max_width=\u00bb100%\u00bb image_icon_width_tablet=\u00bb64px\u00bb image_icon_width_phone=\u00bb32px\u00bb image_icon_width_last_edited=\u00bbon|tablet\u00bb _builder_version=\u00bb4.27.4&#8243; header_font=\u00bbDidact Gothic|900|||||||\u00bb header_font_size=\u00bb22px\u00bb header_line_height=\u00bb1.4em\u00bb body_font=\u00bbDarker Grotesque|600|||||||\u00bb body_font_size=\u00bb18px\u00bb body_line_height=\u00bb1.4em\u00bb background_color=\u00bbrgba(214,214,214,0.43)\u00bb custom_padding=\u00bb40px|20px|40px|20px|true|true\u00bb animation=\u00bboff\u00bb link_option_url=\u00bb#\u00bb hover_enabled=\u00bb0&#8243; image_max_width=\u00bb64px\u00bb image_max_width_tablet=\u00bb\u00bb image_max_width_phone=\u00bb32px\u00bb image_max_width_last_edited=\u00bbon|tablet\u00bb global_colors_info=\u00bb{}\u00bb sticky_enabled=\u00bb0&#8243;]<\/p>\n<p>Las finanzas son la base para el desarrollo y crecimiento sostenible de toda organizaci\u00f3n, generando valor, a trav\u00e9s, de un presupuesto estrat\u00e9gico, la implementaci\u00f3n de herramientas, controles e indicadores financieros\u00a0indispensables para una correcta toma de decisiones, salvaguardando la rentabilidad y mitigando los riesgos de la empresa.<\/p>\n<p>[\/et_pb_blurb][et_pb_button button_url=\u00bbhttps:\/\/www.afi.pe\/servicios-de-consultoria-financiera-para-empresas\/\u00bb button_text=\u00bbMas Informaci\u00f3n\u00bb _builder_version=\u00bb4.16&#8243; _module_preset=\u00bbdefault\u00bb custom_button=\u00bbon\u00bb button_text_color=\u00bb#ffffff\u00bb button_bg_color=\u00bb#171932&#8243; button_border_radius=\u00bb25px\u00bb button_font=\u00bbDidact Gothic||||||||\u00bb button_icon=\u00bb&#x6c;||divi||400&#8243; global_colors_info=\u00bb{}\u00bb][\/et_pb_button][\/et_pb_column][et_pb_column type=\u00bb1_2&#8243; _builder_version=\u00bb4.16&#8243; global_colors_info=\u00bb{}\u00bb][et_pb_blurb title=\u00bbDirecci\u00f3n y Gesti\u00f3n Tributaria\u00bb image=\u00bbhttps:\/\/www.afi.pe\/wp-content\/uploads\/2020\/08\/Tributario.png\u00bb icon_placement=\u00bbleft\u00bb image_icon_width=\u00bb64px\u00bb content_max_width=\u00bb100%\u00bb image_icon_width_tablet=\u00bb64px\u00bb image_icon_width_phone=\u00bb32px\u00bb image_icon_width_last_edited=\u00bbon|tablet\u00bb _builder_version=\u00bb4.27.4&#8243; header_level=\u00bbh3&#8243; header_font=\u00bbDidact Gothic|900|||||||\u00bb header_font_size=\u00bb22px\u00bb header_line_height=\u00bb1.4em\u00bb body_font=\u00bbDarker Grotesque|600|||||||\u00bb body_font_size=\u00bb18px\u00bb body_line_height=\u00bb1.4em\u00bb background_color=\u00bbrgba(214,214,214,0.43)\u00bb min_height=\u00bb241px\u00bb custom_padding=\u00bb40px|20px|40px|20px|true|true\u00bb animation=\u00bboff\u00bb link_option_url=\u00bb#\u00bb hover_enabled=\u00bb0&#8243; image_max_width=\u00bb64px\u00bb image_max_width_tablet=\u00bb\u00bb image_max_width_phone=\u00bb32px\u00bb image_max_width_last_edited=\u00bbon|tablet\u00bb locked=\u00bboff\u00bb global_colors_info=\u00bb{}\u00bb sticky_enabled=\u00bb0&#8243;]<\/p>\n<p>Todas las operaciones y actividades empresariales generan implicancias tributarias que impactan directamente en el patrimonio y la continuidad del negocio. Por ello, es fundamental llevar a cabo ex\u00e1menes y an\u00e1lisis oportunos y exhaustivos que permitan identificar posibles omisiones, riesgos o incumplimientos tributarios.<\/p>\n<p>[\/et_pb_blurb][et_pb_button button_url=\u00bbhttps:\/\/www.afi.pe\/servicios-de-consultoria-tributaria\/\u00bb button_text=\u00bbMas Informaci\u00f3n\u00bb _builder_version=\u00bb4.16&#8243; _module_preset=\u00bbdefault\u00bb custom_button=\u00bbon\u00bb button_text_color=\u00bb#ffffff\u00bb button_bg_color=\u00bb#171932&#8243; button_border_radius=\u00bb25px\u00bb button_font=\u00bbDidact Gothic||||||||\u00bb button_icon=\u00bb&#x6c;||divi||400&#8243; global_colors_info=\u00bb{}\u00bb][\/et_pb_button][\/et_pb_column][\/et_pb_row][et_pb_row column_structure=\u00bb1_2,1_2&#8243; _builder_version=\u00bb4.16&#8243; global_colors_info=\u00bb{}\u00bb][et_pb_column type=\u00bb1_2&#8243; _builder_version=\u00bb4.16&#8243; global_colors_info=\u00bb{}\u00bb][et_pb_blurb title=\u00bbAsesor\u00eda y Consultor\u00eda Societaria\u00bb image=\u00bbhttps:\/\/www.afi.pe\/wp-content\/uploads\/2020\/08\/contabilidad.png\u00bb icon_placement=\u00bbleft\u00bb image_icon_width=\u00bb64px\u00bb content_max_width=\u00bb100%\u00bb image_icon_width_tablet=\u00bb64px\u00bb image_icon_width_phone=\u00bb32px\u00bb image_icon_width_last_edited=\u00bbon|tablet\u00bb _builder_version=\u00bb4.16&#8243; header_level=\u00bbh3&#8243; header_font=\u00bbDidact Gothic|900|||||||\u00bb header_font_size=\u00bb22px\u00bb header_line_height=\u00bb1.4em\u00bb body_font=\u00bbDarker Grotesque|600|||||||\u00bb body_font_size=\u00bb18px\u00bb body_line_height=\u00bb1.4em\u00bb background_color=\u00bbrgba(214,214,214,0.43)\u00bb custom_padding=\u00bb40px|20px|40px|20px|true|true\u00bb animation=\u00bboff\u00bb link_option_url=\u00bb#\u00bb hover_enabled=\u00bb0&#8243; image_max_width=\u00bb64px\u00bb image_max_width_tablet=\u00bb\u00bb image_max_width_phone=\u00bb32px\u00bb image_max_width_last_edited=\u00bbon|tablet\u00bb locked=\u00bboff\u00bb global_colors_info=\u00bb{}\u00bb sticky_enabled=\u00bb0&#8243;]<\/p>\n<p>La correcta aplicaci\u00f3n de las normas legales es fundamental para la constituci\u00f3n y operaci\u00f3n eficiente de cualquier organizaci\u00f3n, as\u00ed como para la apertura de sucursales de empresas extranjeras. Para ello, es imprescindible cumplir con las disposiciones establecidas en la Ley General de Sociedades, C\u00f3digo Civil, entre otras normas complementarias que permitan definir con precisi\u00f3n la forma jur\u00eddica m\u00e1s adecuada para entidad a constituirse, as\u00ed como, la redacci\u00f3n del estatuto que regule su funcionamiento. las responsabilidades y competencias de los \u00f3rganos de direcci\u00f3n y administraci\u00f3n.<\/p>\n<p>[\/et_pb_blurb][et_pb_button button_url=\u00bbhttps:\/\/www.afi.pe\/servicios-de-direccion-y-gestion-contable-societaria\/\u00bb button_text=\u00bbMas Informaci\u00f3n\u00bb _builder_version=\u00bb4.16&#8243; _module_preset=\u00bbdefault\u00bb custom_button=\u00bbon\u00bb button_text_color=\u00bb#ffffff\u00bb button_bg_color=\u00bb#171932&#8243; button_border_radius=\u00bb25px\u00bb button_font=\u00bbDidact Gothic||||||||\u00bb button_icon=\u00bb&#x6c;||divi||400&#8243; global_colors_info=\u00bb{}\u00bb][\/et_pb_button][\/et_pb_column][et_pb_column type=\u00bb1_2&#8243; _builder_version=\u00bb4.16&#8243; global_colors_info=\u00bb{}\u00bb][et_pb_blurb title=\u00bbDirecci\u00f3n Laboral\u00bb image=\u00bbhttps:\/\/www.afi.pe\/wp-content\/uploads\/2020\/08\/laboral.png\u00bb icon_placement=\u00bbleft\u00bb image_icon_width=\u00bb64px\u00bb content_max_width=\u00bb100%\u00bb image_icon_width_tablet=\u00bb64px\u00bb image_icon_width_phone=\u00bb32px\u00bb image_icon_width_last_edited=\u00bbon|tablet\u00bb _builder_version=\u00bb4.27.4&#8243; header_level=\u00bbh3&#8243; header_font=\u00bbDidact Gothic|900|||||||\u00bb header_font_size=\u00bb22px\u00bb header_line_height=\u00bb1.4em\u00bb body_font=\u00bbDarker Grotesque|600|||||||\u00bb body_font_size=\u00bb18px\u00bb body_line_height=\u00bb1.4em\u00bb background_color=\u00bbrgba(214,214,214,0.43)\u00bb custom_padding=\u00bb40px|20px|40px|20px|true|true\u00bb animation=\u00bboff\u00bb link_option_url=\u00bb#\u00bb hover_enabled=\u00bb0&#8243; image_max_width=\u00bb64px\u00bb image_max_width_tablet=\u00bb\u00bb image_max_width_phone=\u00bb32px\u00bb image_max_width_last_edited=\u00bbon|tablet\u00bb global_colors_info=\u00bb{}\u00bb sticky_enabled=\u00bb0&#8243;]<\/p>\n<p>La correcta aplicaci\u00f3n de las normativas laborales vigentes fortalece las relaciones entre empleadores y colaboradores, contribuyendo a maximizar la rentabilidad empresarial y a prevenir posibles controversias y multas laborales.<\/p>\n<p>[\/et_pb_blurb][et_pb_button button_url=\u00bbhttps:\/\/www.afi.pe\/servicios-de-consultoria-laboral\/\u00bb button_text=\u00bbMas Informaci\u00f3n\u00bb _builder_version=\u00bb4.27.4&#8243; _module_preset=\u00bbdefault\u00bb custom_button=\u00bbon\u00bb button_text_color=\u00bb#ffffff\u00bb button_bg_color=\u00bb#171932&#8243; button_border_radius=\u00bb25px\u00bb button_font=\u00bbDidact Gothic||||||||\u00bb button_icon=\u00bb&#x6c;||divi||400&#8243; hover_enabled=\u00bb0&#8243; global_colors_info=\u00bb{}\u00bb sticky_enabled=\u00bb0&#8243;][\/et_pb_button][\/et_pb_column][\/et_pb_row][et_pb_row column_structure=\u00bb1_2,1_2&#8243; _builder_version=\u00bb4.16&#8243; global_colors_info=\u00bb{}\u00bb][et_pb_column type=\u00bb1_2&#8243; _builder_version=\u00bb4.16&#8243; global_colors_info=\u00bb{}\u00bb][et_pb_blurb title=\u00bbAuditor\u00eda Financiera\u00bb image=\u00bbhttps:\/\/www.afi.pe\/wp-content\/uploads\/2020\/08\/auditoria.png\u00bb icon_placement=\u00bbleft\u00bb image_icon_width=\u00bb64px\u00bb content_max_width=\u00bb100%\u00bb image_icon_width_tablet=\u00bb64px\u00bb image_icon_width_phone=\u00bb32px\u00bb image_icon_width_last_edited=\u00bbon|tablet\u00bb _builder_version=\u00bb4.27.4&#8243; header_level=\u00bbh3&#8243; header_font=\u00bbDidact Gothic|900|||||||\u00bb header_font_size=\u00bb22px\u00bb header_line_height=\u00bb1.4em\u00bb body_font=\u00bbDarker Grotesque|600|||||||\u00bb body_font_size=\u00bb18px\u00bb body_line_height=\u00bb1.4em\u00bb background_color=\u00bbrgba(214,214,214,0.43)\u00bb custom_padding=\u00bb40px|20px|40px|20px|true|true\u00bb animation=\u00bboff\u00bb link_option_url=\u00bb#\u00bb hover_enabled=\u00bb0&#8243; image_max_width=\u00bb64px\u00bb image_max_width_tablet=\u00bb\u00bb image_max_width_phone=\u00bb32px\u00bb image_max_width_last_edited=\u00bbon|tablet\u00bb locked=\u00bboff\u00bb global_colors_info=\u00bb{}\u00bb sticky_enabled=\u00bb0&#8243;]<\/p>\n<p>La auditor\u00eda financiera genera valor a la organizaci\u00f3n empresarial, mediante la realizaci\u00f3n de un examen objetivo e imparcial se valida que los estados financieros reflejan de manera razonable la situaci\u00f3n econ\u00f3mica y financiera de la empresa. Esto proporciona a los usuarios externos, como inversores, entidades financieras, acreedores y reguladores, la seguridad y confianza necesaria para tomar decisiones informados. Adem\u00e1s, la auditor\u00eda identifica oportunidades para fortalecer el control interno, optimizando procesos y reduciendo riesgos operativos, lo que contribuye al crecimiento y la sostenibilidad del negocio.<\/p>\n<p>[\/et_pb_blurb][et_pb_button button_url=\u00bbhttps:\/\/www.afi.pe\/servicios-de-auditoria-financiera\/\u00bb button_text=\u00bbMas Informaci\u00f3n\u00bb _builder_version=\u00bb4.16&#8243; _module_preset=\u00bbdefault\u00bb custom_button=\u00bbon\u00bb button_text_color=\u00bb#ffffff\u00bb button_bg_color=\u00bb#171932&#8243; button_border_radius=\u00bb25px\u00bb button_font=\u00bbDidact Gothic||||||||\u00bb button_icon=\u00bb&#x6c;||divi||400&#8243; global_colors_info=\u00bb{}\u00bb][\/et_pb_button][\/et_pb_column][et_pb_column type=\u00bb1_2&#8243; _builder_version=\u00bb4.16&#8243; global_colors_info=\u00bb{}\u00bb][et_pb_blurb title=\u00bbDirecci\u00f3n y Gesti\u00f3n Contable\u00bb image=\u00bbhttps:\/\/www.afi.pe\/wp-content\/uploads\/2020\/08\/contabilidad.png\u00bb icon_placement=\u00bbleft\u00bb image_icon_width=\u00bb64px\u00bb content_max_width=\u00bb100%\u00bb image_icon_width_tablet=\u00bb64px\u00bb image_icon_width_phone=\u00bb32px\u00bb image_icon_width_last_edited=\u00bbon|tablet\u00bb _builder_version=\u00bb4.27.4&#8243; header_level=\u00bbh3&#8243; header_font=\u00bbDidact Gothic|900|||||||\u00bb header_font_size=\u00bb22px\u00bb header_line_height=\u00bb1.4em\u00bb body_font=\u00bbDarker Grotesque|600|||||||\u00bb body_font_size=\u00bb18px\u00bb body_line_height=\u00bb1.4em\u00bb background_color=\u00bbrgba(214,214,214,0.43)\u00bb custom_padding=\u00bb40px|20px|40px|20px|true|true\u00bb animation=\u00bboff\u00bb link_option_url=\u00bb#\u00bb hover_enabled=\u00bb0&#8243; image_max_width=\u00bb64px\u00bb image_max_width_tablet=\u00bb\u00bb image_max_width_phone=\u00bb32px\u00bb image_max_width_last_edited=\u00bbon|tablet\u00bb global_colors_info=\u00bb{}\u00bb title_text=\u00bbcontabilidad\u00bb sticky_enabled=\u00bb0&#8243;]<\/p>\n<p>La contabilidad es un proceso por el cual se clasifica, registra, analiza e interpreta la informaci\u00f3n de los diferentes hechos econ\u00f3micos de una organizaci\u00f3n, con la finalidad de elaborar estados financieros que permitan contar con informaci\u00f3n suficiente y relevante a los interesados en una correcta toma de decisiones estrat\u00e9gica, sin informaci\u00f3n financiera no se podr\u00eda gestionar de forma adecuada una empresa.<\/p>\n<p>[\/et_pb_blurb][et_pb_button button_url=\u00bbhttps:\/\/www.afi.pe\/servicios-de-direccion-y-gestion-contable-societaria\/\u00bb button_text=\u00bbMas Informaci\u00f3n\u00bb _builder_version=\u00bb4.27.4&#8243; _module_preset=\u00bbdefault\u00bb custom_button=\u00bbon\u00bb button_text_color=\u00bb#ffffff\u00bb button_bg_color=\u00bb#171932&#8243; button_border_radius=\u00bb25px\u00bb button_font=\u00bbDidact Gothic||||||||\u00bb button_icon=\u00bb&#x6c;||divi||400&#8243; hover_enabled=\u00bb0&#8243; global_colors_info=\u00bb{}\u00bb sticky_enabled=\u00bb0&#8243;][\/et_pb_button][\/et_pb_column][\/et_pb_row][et_pb_row column_structure=\u00bb1_2,1_2&#8243; _builder_version=\u00bb4.16&#8243; global_colors_info=\u00bb{}\u00bb][et_pb_column type=\u00bb1_2&#8243; _builder_version=\u00bb4.16&#8243; global_colors_info=\u00bb{}\u00bb][et_pb_blurb title=\u00bbDise\u00f1o Organizacional y Procesos\u00bb image=\u00bbhttps:\/\/www.afi.pe\/wp-content\/uploads\/2020\/08\/proceso-organizacional.png\u00bb icon_placement=\u00bbleft\u00bb image_icon_width=\u00bb64px\u00bb content_max_width=\u00bb100%\u00bb image_icon_width_tablet=\u00bb64px\u00bb image_icon_width_phone=\u00bb32px\u00bb image_icon_width_last_edited=\u00bbon|tablet\u00bb _builder_version=\u00bb4.16&#8243; header_level=\u00bbh3&#8243; header_font=\u00bbDidact Gothic|900|||||||\u00bb header_font_size=\u00bb22px\u00bb header_line_height=\u00bb1.4em\u00bb body_font=\u00bbDarker Grotesque|600|||||||\u00bb body_font_size=\u00bb18px\u00bb body_line_height=\u00bb1.4em\u00bb background_color=\u00bbrgba(214,214,214,0.43)\u00bb custom_padding=\u00bb40px|20px|40px|20px|true|true\u00bb animation=\u00bboff\u00bb link_option_url=\u00bb#\u00bb image_max_width=\u00bb64px\u00bb image_max_width_tablet=\u00bb\u00bb image_max_width_phone=\u00bb32px\u00bb image_max_width_last_edited=\u00bbon|tablet\u00bb global_colors_info=\u00bb{}\u00bb]<\/p>\n<p>Nos encargamos del desarrollo del organigrama que su organizaci\u00f3n requiere, el mismo que representa la estructura interna de la empresa, donde se indica la forma en que se interrelacionan diversas tareas o funciones.<\/p>\n<p>[\/et_pb_blurb][et_pb_button button_url=\u00bbhttps:\/\/www.afi.pe\/servicios-de-diseno-organizacional-y-de-procesos\/\u00bb button_text=\u00bbMas Informaci\u00f3n\u00bb _builder_version=\u00bb4.27.4&#8243; _module_preset=\u00bbdefault\u00bb custom_button=\u00bbon\u00bb button_text_color=\u00bb#ffffff\u00bb button_bg_color=\u00bb#171932&#8243; button_border_radius=\u00bb25px\u00bb button_font=\u00bbDidact Gothic||||||||\u00bb button_icon=\u00bb&#x6c;||divi||400&#8243; hover_enabled=\u00bb0&#8243; global_colors_info=\u00bb{}\u00bb sticky_enabled=\u00bb0&#8243;][\/et_pb_button][\/et_pb_column][et_pb_column type=\u00bb1_2&#8243; _builder_version=\u00bb4.16&#8243; global_colors_info=\u00bb{}\u00bb][\/et_pb_column][\/et_pb_row][\/et_pb_section][et_pb_section fb_built=\u00bb1&#8243; _builder_version=\u00bb4.16&#8243; _module_preset=\u00bbdefault\u00bb background_color=\u00bb#0c71c3&#8243; use_background_color_gradient=\u00bbon\u00bb background_color_gradient_type=\u00bbcircular\u00bb background_color_gradient_stops=\u00bbrgba(43,135,218,0.66) 0%| #0E122F 100%\u00bb background_color_gradient_overlays_image=\u00bbon\u00bb background_color_gradient_start=\u00bbrgba(43,135,218,0.66)\u00bb background_color_gradient_end=\u00bb #0E122F\u00bb background_image=\u00bbhttps:\/\/www.afi.pe\/wp-content\/uploads\/2020\/11\/tech-19.jpg\u00bb custom_padding=\u00bb80px||81px|||\u00bb global_colors_info=\u00bb{}\u00bb][et_pb_row _builder_version=\u00bb4.16&#8243; _module_preset=\u00bbdefault\u00bb background_enable_color=\u00bboff\u00bb custom_margin=\u00bb|auto|-3px|auto||\u00bb custom_padding=\u00bb1px||60px|||\u00bb global_colors_info=\u00bb{}\u00bb][et_pb_column type=\u00bb4_4&#8243; _builder_version=\u00bb4.16&#8243; _module_preset=\u00bbdefault\u00bb background_enable_color=\u00bboff\u00bb global_colors_info=\u00bb{}\u00bb][et_pb_cta title=\u00bbAgenda un cita virtual\u00bb button_text=\u00bbAgendar mi cita\u00bb _builder_version=\u00bb4.27.4&#8243; _module_preset=\u00bbdefault\u00bb header_font_size=\u00bb35px\u00bb body_font=\u00bb|300|||||||\u00bb body_font_size=\u00bb17px\u00bb body_line_height=\u00bb2.2em\u00bb background_enable_color=\u00bboff\u00bb custom_button=\u00bbon\u00bb button_text_size=\u00bb31px\u00bb button_text_color=\u00bb#ffffff\u00bb button_border_width=\u00bb0px\u00bb button_border_color=\u00bb#ffffff\u00bb button_border_radius=\u00bb0px\u00bb custom_padding=\u00bb63px||4px|||\u00bb hover_enabled=\u00bb0&#8243; global_colors_info=\u00bb{}\u00bb sticky_enabled=\u00bb0&#8243;]<\/p>\n<p style=\"text-align: center;\">Nos gustar\u00eda conocer m\u00e1s de su empresa, es por ello que sugerimos reunirnos de manera virtual .<\/p>\n<p>[\/et_pb_cta][et_pb_button button_url=\u00bbhttp:\/\/wa.link\/60jlz7&#8243; button_text=\u00bbAgendar mi cita\u00bb button_alignment=\u00bbcenter\u00bb _builder_version=\u00bb4.23.4&#8243; _module_preset=\u00bbdefault\u00bb custom_button=\u00bbon\u00bb button_text_size=\u00bb20px\u00bb button_text_color=\u00bb#0c71c3&#8243; button_bg_color=\u00bb#ffffff\u00bb button_border_width=\u00bb0px\u00bb button_border_radius=\u00bb33px\u00bb hover_enabled=\u00bb0&#8243; global_colors_info=\u00bb{}\u00bb sticky_enabled=\u00bb0&#8243;][\/et_pb_button][\/et_pb_column][\/et_pb_row][\/et_pb_section][et_pb_section fb_built=\u00bb1&#8243; admin_label=\u00bbFooter\u00bb _builder_version=\u00bb4.16&#8243; background_enable_color=\u00bboff\u00bb use_background_color_gradient=\u00bbon\u00bb background_color_gradient_stops=\u00bbrgba(0,85,174,0.75) 0%|rgba(0,85,174,0.75) 100%\u00bb background_color_gradient_overlays_image=\u00bbon\u00bb background_color_gradient_start=\u00bbrgba(0,85,174,0.75)\u00bb background_color_gradient_end=\u00bbrgba(0,85,174,0.75)\u00bb background_image=\u00bbhttps:\/\/www.afi.pe\/wp-content\/uploads\/2020\/08\/contacto-afi.jpg\u00bb custom_padding=\u00bb86px||80px|||\u00bb locked=\u00bboff\u00bb global_colors_info=\u00bb{}\u00bb][et_pb_row _builder_version=\u00bb4.16&#8243; _module_preset=\u00bbdefault\u00bb custom_padding=\u00bb30px|||||\u00bb global_colors_info=\u00bb{}\u00bb][et_pb_column type=\u00bb4_4&#8243; _builder_version=\u00bb4.16&#8243; _module_preset=\u00bbdefault\u00bb global_colors_info=\u00bb{}\u00bb][et_pb_text _builder_version=\u00bb4.16&#8243; _module_preset=\u00bbdefault\u00bb text_font=\u00bbDidact Gothic||||||||\u00bb text_text_color=\u00bb#ffffff\u00bb text_font_size=\u00bb30px\u00bb header_font=\u00bb|700|||||||\u00bb header_font_size=\u00bb35px\u00bb text_orientation=\u00bbcenter\u00bb global_colors_info=\u00bb{}\u00bb]\u00bfTienes alguna consulta?[\/et_pb_text][\/et_pb_column][\/et_pb_row][et_pb_row column_structure=\u00bb1_4,1_4,1_4,1_4&#8243; _builder_version=\u00bb4.16&#8243; custom_padding=\u00bb4px||0px|||\u00bb locked=\u00bboff\u00bb global_colors_info=\u00bb{}\u00bb][et_pb_column type=\u00bb1_4&#8243; _builder_version=\u00bb4.16&#8243; global_colors_info=\u00bb{}\u00bb][et_pb_image src=\u00bbhttps:\/\/www.afi.pe\/wp-content\/uploads\/2020\/08\/isotipo-AFI-2.png\u00bb title_text=\u00bbisotipo-AFI-2&#8243; align=\u00bbcenter\u00bb _builder_version=\u00bb4.16&#8243; global_colors_info=\u00bb{}\u00bb][\/et_pb_image][\/et_pb_column][et_pb_column type=\u00bb1_4&#8243; _builder_version=\u00bb4.16&#8243; global_colors_info=\u00bb{}\u00bb][et_pb_text _builder_version=\u00bb4.23.4&#8243; text_font=\u00bbDidact Gothic|600|||||||\u00bb text_text_color=\u00bb#ffffff\u00bb text_font_size=\u00bb20px\u00bb text_line_height=\u00bb1.4em\u00bb header_4_font=\u00bbDarker Grotesque|900|||||||\u00bb header_4_font_size=\u00bb22px\u00bb header_4_line_height=\u00bb1.4em\u00bb text_orientation=\u00bbcenter\u00bb global_colors_info=\u00bb{}\u00bb]<\/p>\n<p>Whatsapp<br \/>+51 <span>946 758 213<\/span><\/p>\n<p>[\/et_pb_text][\/et_pb_column][et_pb_column type=\u00bb1_4&#8243; _builder_version=\u00bb4.16&#8243; custom_padding=\u00bb|50px|||false|false\u00bb custom_padding_tablet=\u00bb|0px|||false|false\u00bb custom_padding_phone=\u00bb\u00bb custom_padding_last_edited=\u00bbon|tablet\u00bb global_colors_info=\u00bb{}\u00bb][et_pb_text _builder_version=\u00bb4.16&#8243; text_font=\u00bbDidact Gothic|600|||||||\u00bb text_text_color=\u00bb#ffffff\u00bb text_font_size=\u00bb20px\u00bb text_line_height=\u00bb1.4em\u00bb header_4_font=\u00bbDarker Grotesque|900|||||||\u00bb header_4_font_size=\u00bb22px\u00bb header_4_line_height=\u00bb1.4em\u00bb text_orientation=\u00bbcenter\u00bb link_option_url=\u00bbmailto:contacto@afi.pe\u00bb global_colors_info=\u00bb{}\u00bb]Email<br \/>\ncontacto@afi.pe[\/et_pb_text][\/et_pb_column][et_pb_column type=\u00bb1_4&#8243; _builder_version=\u00bb4.16&#8243; custom_padding=\u00bb|50px|||false|false\u00bb custom_padding_tablet=\u00bb|0px|||false|false\u00bb custom_padding_phone=\u00bb\u00bb custom_padding_last_edited=\u00bbon|tablet\u00bb global_colors_info=\u00bb{}\u00bb][et_pb_text _builder_version=\u00bb4.16&#8243; text_font=\u00bbDidact Gothic|600|||||||\u00bb text_text_color=\u00bb#ffffff\u00bb text_font_size=\u00bb20px\u00bb text_line_height=\u00bb1.4em\u00bb header_4_font=\u00bbDarker Grotesque|900|||||||\u00bb header_4_font_size=\u00bb22px\u00bb header_4_line_height=\u00bb1.4em\u00bb text_orientation=\u00bbcenter\u00bb hover_enabled=\u00bb0&#8243; global_colors_info=\u00bb{}\u00bb sticky_enabled=\u00bb0&#8243;]Ubicaci\u00f3n<br \/>\nLima &#8211; Per\u00fa[\/et_pb_text][\/et_pb_column][\/et_pb_row][\/et_pb_section]<\/p>","protected":false},"excerpt":{"rendered":"<p>Servicios de Consultor\u00eda para EmpresasLas finanzas son la base para el desarrollo y crecimiento sostenible de toda organizaci\u00f3n, generando valor, a trav\u00e9s, de un presupuesto estrat\u00e9gico, la implementaci\u00f3n de herramientas, controles e indicadores financieros\u00a0indispensables para una correcta toma de decisiones, salvaguardando la rentabilidad y mitigando los riesgos de la empresa.Todas las operaciones y actividades empresariales [&hellip;]<\/p>","protected":false},"author":5,"featured_media":0,"parent":0,"menu_order":0,"comment_status":"closed","ping_status":"closed","template":"","meta":{"_et_pb_use_builder":"on","_et_pb_old_content":"","_et_gb_content_width":"","footnotes":""},"class_list":["post-2503","page","type-page","status-publish","hentry"],"jetpack_sharing_enabled":true,"_links":{"self":[{"href":"https:\/\/www.afi.pe\/en\/wp-json\/wp\/v2\/pages\/2503","targetHints":{"allow":["GET"]}}],"collection":[{"href":"https:\/\/www.afi.pe\/en\/wp-json\/wp\/v2\/pages"}],"about":[{"href":"https:\/\/www.afi.pe\/en\/wp-json\/wp\/v2\/types\/page"}],"author":[{"embeddable":true,"href":"https:\/\/www.afi.pe\/en\/wp-json\/wp\/v2\/users\/5"}],"replies":[{"embeddable":true,"href":"https:\/\/www.afi.pe\/en\/wp-json\/wp\/v2\/comments?post=2503"}],"version-history":[{"count":5,"href":"https:\/\/www.afi.pe\/en\/wp-json\/wp\/v2\/pages\/2503\/revisions"}],"predecessor-version":[{"id":3797,"href":"https:\/\/www.afi.pe\/en\/wp-json\/wp\/v2\/pages\/2503\/revisions\/3797"}],"wp:attachment":[{"href":"https:\/\/www.afi.pe\/en\/wp-json\/wp\/v2\/media?parent=2503"}],"curies":[{"name":"wp","href":"https:\/\/api.w.org\/{rel}","templated":true}]}}