{"id":2392,"date":"2020-08-24T04:52:31","date_gmt":"2020-08-24T04:52:31","guid":{"rendered":"https:\/\/www.afi.pe\/?page_id=2392"},"modified":"2025-12-18T17:08:46","modified_gmt":"2025-12-18T22:08:46","slug":"nosotros","status":"publish","type":"page","link":"https:\/\/www.afi.pe\/en\/nosotros\/","title":{"rendered":"About"},"content":{"rendered":"<p>[et_pb_section fb_built=\u00bb1&#8243; admin_label=\u00bbHeader\u00bb _builder_version=\u00bb4.16&#8243; use_background_color_gradient=\u00bbon\u00bb background_color_gradient_stops=\u00bbrgba(0,19,46,0.48) 0%|rgba(0,19,46,0.55) 100%\u00bb background_color_gradient_overlays_image=\u00bbon\u00bb background_color_gradient_start=\u00bbrgba(0,19,46,0.48)\u00bb background_color_gradient_end=\u00bbrgba(0,19,46,0.55)\u00bb background_image=\u00bbhttps:\/\/www.afi.pe\/wp-content\/uploads\/2020\/08\/nosotros-afi-2.jpg\u00bb custom_padding=\u00bb||||false|false\u00bb global_colors_info=\u00bb{}\u00bb][et_pb_row _builder_version=\u00bb4.16&#8243; global_colors_info=\u00bb{}\u00bb][et_pb_column type=\u00bb4_4&#8243; _builder_version=\u00bb4.16&#8243; global_colors_info=\u00bb{}\u00bb][et_pb_text _builder_version=\u00bb4.16&#8243; _module_preset=\u00bbdefault\u00bb text_font=\u00bbDidact Gothic|700|||||||\u00bb text_text_color=\u00bb#ffffff\u00bb text_font_size=\u00bb40px\u00bb global_colors_info=\u00bb{}\u00bb]| Nosotros[\/et_pb_text][\/et_pb_column][\/et_pb_row][\/et_pb_section][et_pb_section fb_built=\u00bb1&#8243; admin_label=\u00bbAbout\u00bb _builder_version=\u00bb4.16&#8243; background_image=\u00bbhttps:\/\/www.afi.pe\/wp-content\/uploads\/2020\/08\/financial-AFI.png\u00bb background_size=\u00bbinitial\u00bb background_position=\u00bbtop_center\u00bb custom_padding=\u00bb||0px|||\u00bb global_colors_info=\u00bb{}\u00bb background__hover_enabled=\u00bbon|desktop\u00bb][et_pb_row _builder_version=\u00bb4.16&#8243; custom_padding=\u00bb0px||1px|||\u00bb global_colors_info=\u00bb{}\u00bb][et_pb_column type=\u00bb4_4&#8243; _builder_version=\u00bb4.16&#8243; global_colors_info=\u00bb{}\u00bb][et_pb_text _builder_version=\u00bb4.16&#8243; text_font=\u00bbDidact Gothic|700|||||||\u00bb text_text_color=\u00bb#0E122F\u00bb text_font_size=\u00bb29px\u00bb text_line_height=\u00bb1.8em\u00bb quote_font=\u00bbDidact Gothic||on||||||\u00bb quote_font_size=\u00bb35px\u00bb header_font=\u00bbDidact Gothic||||||||\u00bb header_2_font=\u00bbDarker Grotesque|900|||||||\u00bb header_2_font_size=\u00bb60px\u00bb max_width=\u00bb700px\u00bb header_2_font_size_tablet=\u00bb42px\u00bb header_2_font_size_phone=\u00bb30px\u00bb header_2_font_size_last_edited=\u00bbon|phone\u00bb global_colors_info=\u00bb{}\u00bb]<\/p>\n<blockquote>\n<p>Trabajamos en la b\u00fasqueda de la eficiencia y maximizaci\u00f3n del valor de las empresas<\/p>\n<\/blockquote>\n<p>[\/et_pb_text][\/et_pb_column][\/et_pb_row][et_pb_row _builder_version=\u00bb4.16&#8243; _module_preset=\u00bbdefault\u00bb global_colors_info=\u00bb{}\u00bb][et_pb_column type=\u00bb4_4&#8243; _builder_version=\u00bb4.16&#8243; _module_preset=\u00bbdefault\u00bb global_colors_info=\u00bb{}\u00bb][et_pb_text _builder_version=\u00bb4.16&#8243; text_font=\u00bb|800|||||||\u00bb text_text_color=\u00bb#0E122F\u00bb text_font_size=\u00bb35px\u00bb header_2_font=\u00bbDarker Grotesque|900|||||||\u00bb header_2_font_size=\u00bb60px\u00bb max_width=\u00bb700px\u00bb text_font_size_tablet=\u00bb\u00bb text_font_size_phone=\u00bb18px\u00bb text_font_size_last_edited=\u00bbon|phone\u00bb header_2_font_size_tablet=\u00bb42px\u00bb header_2_font_size_phone=\u00bb30px\u00bb header_2_font_size_last_edited=\u00bbon|phone\u00bb locked=\u00bboff\u00bb inline_fonts=\u00bbABeeZee\u00bb global_colors_info=\u00bb{}\u00bb]Sobre nosotros[\/et_pb_text][\/et_pb_column][\/et_pb_row][et_pb_row column_structure=\u00bb1_2,1_2&#8243; custom_padding_last_edited=\u00bbon|desktop\u00bb _builder_version=\u00bb4.16&#8243; custom_padding=\u00bb0px|220px|||false|false\u00bb custom_padding_tablet=\u00bb|0px|||false|false\u00bb custom_padding_phone=\u00bb\u00bb global_colors_info=\u00bb{}\u00bb][et_pb_column type=\u00bb1_2&#8243; _builder_version=\u00bb4.16&#8243; global_colors_info=\u00bb{}\u00bb][et_pb_text _builder_version=\u00bb4.27.4&#8243; text_font=\u00bbDidact Gothic|600|||||||\u00bb text_font_size=\u00bb18px\u00bb text_line_height=\u00bb1.4em\u00bb hover_enabled=\u00bb0&#8243; global_colors_info=\u00bb{}\u00bb sticky_enabled=\u00bb0&#8243;]<\/p>\n<p>AFI Consultores de Empresas\u00a0es un equipo de profesionales comprometidos en colaborar con el logro de objetivos, generaci\u00f3n de valor y maximizaci\u00f3n de la rentabilidad de las empresas, mediante el servicio de consultor\u00eda en direcci\u00f3n y gesti\u00f3n de \u00e1reas fundamentales que constituyen la base, soporte y sustento para el desarrollo de las organizaciones.<\/p>\n<p>[\/et_pb_text][\/et_pb_column][et_pb_column type=\u00bb1_2&#8243; _builder_version=\u00bb4.16&#8243; global_colors_info=\u00bb{}\u00bb][et_pb_text _builder_version=\u00bb4.16&#8243; text_font=\u00bbDidact Gothic|600|||||||\u00bb text_font_size=\u00bb18px\u00bb text_line_height=\u00bb1.4em\u00bb locked=\u00bboff\u00bb global_colors_info=\u00bb{}\u00bb]Nuestra consultor\u00eda tiene como metodolog\u00eda la evaluaci\u00f3n, an\u00e1lisis, planteamiento y desarrollo de soluciones, para luego capacitar a sus colaboradores, evitando se vuelvan a presentar aquellas dificultades que generan contratiempos e incertidumbre en su organizaci\u00f3n.[\/et_pb_text][\/et_pb_column][\/et_pb_row][\/et_pb_section][et_pb_section fb_built=\u00bb1&#8243; specialty=\u00bbon\u00bb _builder_version=\u00bb4.16&#8243; _module_preset=\u00bbdefault\u00bb background_color=\u00bbrgba(14,18,47,0.03)\u00bb custom_padding=\u00bb0px||0px|||\u00bb global_colors_info=\u00bb{}\u00bb][et_pb_column type=\u00bb1_4&#8243; _builder_version=\u00bb4.16&#8243; custom_padding=\u00bb|||\u00bb global_colors_info=\u00bb{}\u00bb custom_padding__hover=\u00bb|||\u00bb][et_pb_image src=\u00bbhttps:\/\/www.afi.pe\/wp-content\/uploads\/2020\/08\/afi-favicon-1.gif\u00bb title_text=\u00bbafi-favicon-1&#8243; _builder_version=\u00bb4.16&#8243; _module_preset=\u00bbdefault\u00bb global_colors_info=\u00bb{}\u00bb][\/et_pb_image][\/et_pb_column][et_pb_column type=\u00bb3_4&#8243; specialty_columns=\u00bb3&#8243; _builder_version=\u00bb4.16&#8243; custom_padding=\u00bb|||\u00bb global_colors_info=\u00bb{}\u00bb custom_padding__hover=\u00bb|||\u00bb][et_pb_row_inner column_structure=\u00bb1_2,1_2&#8243; _builder_version=\u00bb4.16&#8243; _module_preset=\u00bbdefault\u00bb global_colors_info=\u00bb{}\u00bb][et_pb_column_inner type=\u00bb1_2&#8243; saved_specialty_column_type=\u00bb3_4&#8243; _builder_version=\u00bb4.16&#8243; _module_preset=\u00bbdefault\u00bb global_colors_info=\u00bb{}\u00bb][et_pb_cta title=\u00bbVisi\u00f3n\u00bb _builder_version=\u00bb4.27.4&#8243; _module_preset=\u00bbdefault\u00bb background_color=\u00bb#0c71c3&#8243; custom_padding=\u00bb77px|||||\u00bb hover_enabled=\u00bb0&#8243; global_colors_info=\u00bb{}\u00bb sticky_enabled=\u00bb0&#8243;]<\/p>\n<p>Posicionarnos como la firma de consultor\u00eda l\u00edder en la regi\u00f3n, reconocida por impulsar la eficiencia y maximizaci\u00f3n del valor empresarial de nuestros clientes.<\/p>\n<p>&nbsp;<\/p>\n<p>[\/et_pb_cta][\/et_pb_column_inner][et_pb_column_inner type=\u00bb1_2&#8243; saved_specialty_column_type=\u00bb3_4&#8243; _builder_version=\u00bb4.16&#8243; _module_preset=\u00bbdefault\u00bb global_colors_info=\u00bb{}\u00bb][et_pb_cta title=\u00bbMisi\u00f3n\u00bb _builder_version=\u00bb4.27.4&#8243; _module_preset=\u00bbdefault\u00bb hover_enabled=\u00bb0&#8243; global_colors_info=\u00bb{}\u00bb sticky_enabled=\u00bb0&#8243;]<\/p>\n<p>Contribuir activamente en la b\u00fasqueda y desarrollo de soluciones que logren maximizar la rentabilidad de las empresas, a trav\u00e9s de una adecuada consultor\u00eda y asesor\u00eda empresarial, con visi\u00f3n integral de la organizaci\u00f3n, que garantice el cumplimiento de los objetivos y promuevan el crecimiento sostenible de las organizaciones.<\/p>\n<p>[\/et_pb_cta][\/et_pb_column_inner][\/et_pb_row_inner][et_pb_row_inner _builder_version=\u00bb4.16&#8243; _module_preset=\u00bbdefault\u00bb custom_padding=\u00bb0px||2px|||\u00bb global_colors_info=\u00bb{}\u00bb][et_pb_column_inner saved_specialty_column_type=\u00bb3_4&#8243; _builder_version=\u00bb4.16&#8243; _module_preset=\u00bbdefault\u00bb global_colors_info=\u00bb{}\u00bb][et_pb_cta title=\u00bbValores\u00bb _builder_version=\u00bb4.27.4&#8243; _module_preset=\u00bbdefault\u00bb background_color=\u00bb#bcbcbc\u00bb text_orientation=\u00bbleft\u00bb custom_padding=\u00bb29px||0px|||\u00bb hover_enabled=\u00bb0&#8243; global_colors_info=\u00bb{}\u00bb sticky_enabled=\u00bb0&#8243;]<\/p>\n<ul>\n<li>Compromiso con cada uno de los trabajos asignados.<\/li>\n<li>Confidencialidad en el manejo de la informaci\u00f3n de nuestros clientes.<\/li>\n<li>Responsabilidad e integridad en todas nuestras actividades.<\/li>\n<li>Excelencia en el desempe\u00f1o de nuestras funciones.<\/li>\n<li>Honestidad y transparencia con nuestros stakeholders.<\/li>\n<li>Creatividad e innovaci\u00f3n para proporcionar servicios diferenciados de alta calidad y valor.<\/li>\n<\/ul>\n<p>[\/et_pb_cta][\/et_pb_column_inner][\/et_pb_row_inner][\/et_pb_column][\/et_pb_section][et_pb_section fb_built=\u00bb1&#8243; admin_label=\u00bbFeatures\u00bb _builder_version=\u00bb4.16&#8243; background_enable_image=\u00bboff\u00bb background_size=\u00bbinitial\u00bb background_position=\u00bbbottom_center\u00bb width=\u00bb100%\u00bb max_width=\u00bb100%\u00bb module_alignment=\u00bbcenter\u00bb min_height=\u00bb100px\u00bb custom_margin=\u00bb||||false|false\u00bb custom_padding=\u00bb||||false|false\u00bb module_alignment_tablet=\u00bbcenter\u00bb module_alignment_last_edited=\u00bboff|tablet\u00bb locked=\u00bboff\u00bb global_colors_info=\u00bb{}\u00bb][et_pb_row column_structure=\u00bb1_3,2_3&#8243; _builder_version=\u00bb4.16&#8243; min_height=\u00bb759px\u00bb custom_margin=\u00bb|auto|-2px|auto||\u00bb custom_padding=\u00bb||0px|||\u00bb global_colors_info=\u00bb{}\u00bb][et_pb_column type=\u00bb1_3&#8243; _builder_version=\u00bb4.16&#8243; global_colors_info=\u00bb{}\u00bb][et_pb_image src=\u00bbhttps:\/\/www.afi.pe\/wp-content\/uploads\/2020\/08\/contacto-2.jpg\u00bb title_text=\u00bbcontacto-2&#8243; _builder_version=\u00bb4.16&#8243; custom_margin=\u00bb-64px|-8vw||-10vw|false|false\u00bb custom_margin_tablet=\u00bb0px|0vw||0vw|false|false\u00bb custom_margin_phone=\u00bb\u00bb custom_margin_last_edited=\u00bbon|tablet\u00bb custom_padding=\u00bb|0px||||\u00bb global_colors_info=\u00bb{}\u00bb][\/et_pb_image][\/et_pb_column][et_pb_column type=\u00bb2_3&#8243; _builder_version=\u00bb4.16&#8243; background_color=\u00bb#0E122F\u00bb custom_padding=\u00bb120px|60px|120px|60px|true|true\u00bb custom_padding_tablet=\u00bb30px|30px|30px|30px|true|true\u00bb custom_padding_phone=\u00bb30px|20px|30px|20px|true|true\u00bb custom_padding_last_edited=\u00bbon|phone\u00bb global_colors_info=\u00bb{}\u00bb][et_pb_text _builder_version=\u00bb4.16&#8243; text_font=\u00bbDidact Gothic|700|||||||\u00bb text_text_color=\u00bb#ffffff\u00bb text_font_size=\u00bb35px\u00bb header_2_font=\u00bbDarker Grotesque|900|||||||\u00bb header_2_font_size=\u00bb60px\u00bb max_width=\u00bb700px\u00bb text_font_size_tablet=\u00bb\u00bb text_font_size_phone=\u00bb18px\u00bb text_font_size_last_edited=\u00bbon|phone\u00bb header_2_font_size_tablet=\u00bb42px\u00bb header_2_font_size_phone=\u00bb30px\u00bb header_2_font_size_last_edited=\u00bbon|phone\u00bb locked=\u00bboff\u00bb inline_fonts=\u00bbABeeZee\u00bb global_colors_info=\u00bb{}\u00bb]\u00bfPor qu\u00e9 elegirnos?[\/et_pb_text][et_pb_text _builder_version=\u00bb4.27.4&#8243; text_font=\u00bbDidact Gothic|600|||||||\u00bb text_text_color=\u00bb#ffffff\u00bb text_font_size=\u00bb18px\u00bb ul_line_height=\u00bb1.5em\u00bb hover_enabled=\u00bb0&#8243; text_font_size_tablet=\u00bb\u00bb text_font_size_phone=\u00bb18px\u00bb text_font_size_last_edited=\u00bbon|phone\u00bb locked=\u00bboff\u00bb global_colors_info=\u00bb{}\u00bb sticky_enabled=\u00bb0&#8243;]<\/p>\n<ul>\n<li>\n<p>Brindamos un servicio personalizado e integral, constituy\u00e9ndonos en un importante soporte para el desarrollo eficiente de la gesti\u00f3n empresarial.<\/p>\n<\/li>\n<\/ul>\n<p>[\/et_pb_text][et_pb_text _builder_version=\u00bb4.27.4&#8243; text_font=\u00bbDidact Gothic|600|||||||\u00bb text_text_color=\u00bb#ffffff\u00bb text_font_size=\u00bb18px\u00bb ul_line_height=\u00bb1.5em\u00bb hover_enabled=\u00bb0&#8243; text_font_size_tablet=\u00bb\u00bb text_font_size_phone=\u00bb18px\u00bb text_font_size_last_edited=\u00bbon|phone\u00bb locked=\u00bboff\u00bb global_colors_info=\u00bb{}\u00bb sticky_enabled=\u00bb0&#8243;]<\/p>\n<ul>\n<li>\n<p>Contamos con un equipo de profesionales altamente capacitados, experimentados y multidisciplinarios que nos permite ofrecer un servicio de asesor\u00eda y consultor\u00eda en Direcci\u00f3n y Gesti\u00f3n Financiera, Tributaria, Societaria, Laboral y Contable.<\/p>\n<\/li>\n<\/ul>\n<p>[\/et_pb_text][et_pb_text _builder_version=\u00bb4.27.4&#8243; text_font=\u00bbDidact Gothic|600|||||||\u00bb text_text_color=\u00bb#ffffff\u00bb text_font_size=\u00bb18px\u00bb ul_line_height=\u00bb1.5em\u00bb hover_enabled=\u00bb0&#8243; text_font_size_tablet=\u00bb\u00bb text_font_size_phone=\u00bb18px\u00bb text_font_size_last_edited=\u00bbon|phone\u00bb locked=\u00bboff\u00bb global_colors_info=\u00bb{}\u00bb sticky_enabled=\u00bb0&#8243;]<\/p>\n<ul>\n<li>\n<p>Nuestros servicios tambi\u00e9n incluyen Auditor\u00eda Financiera, Precios de Transferencia, Dise\u00f1o Organizacional y de Procesos, todo ello fundamentado en principios de seguridad y confianza.<\/p>\n<\/li>\n<\/ul>\n<p>[\/et_pb_text][et_pb_text _builder_version=\u00bb4.27.4&#8243; text_font=\u00bbDidact Gothic|600|||||||\u00bb text_text_color=\u00bb#ffffff\u00bb text_font_size=\u00bb18px\u00bb ul_line_height=\u00bb1.5em\u00bb hover_enabled=\u00bb0&#8243; text_font_size_tablet=\u00bb\u00bb text_font_size_phone=\u00bb18px\u00bb text_font_size_last_edited=\u00bbon|phone\u00bb locked=\u00bboff\u00bb global_colors_info=\u00bb{}\u00bb sticky_enabled=\u00bb0&#8243;]<\/p>\n<ul>\n<li>\n<p>Garantizamos la m\u00e1s absoluta reserva en el procesamiento de la informaci\u00f3n de nuestros clientes, as\u00ed como en el cumplimiento de objetivos y metas acordadas.<\/p>\n<\/li>\n<\/ul>\n<p>[\/et_pb_text][\/et_pb_column][\/et_pb_row][\/et_pb_section]<\/p>","protected":false},"excerpt":{"rendered":"<p>| Nosotros Trabajamos en la b\u00fasqueda de la eficiencia y maximizaci\u00f3n del valor de las empresas Sobre nosotrosAFI Consultores de Empresas\u00a0es un equipo de profesionales comprometidos en colaborar con el logro de objetivos, generaci\u00f3n de valor y maximizaci\u00f3n de la rentabilidad de las empresas, mediante el servicio de consultor\u00eda en direcci\u00f3n y gesti\u00f3n de \u00e1reas [&hellip;]<\/p>","protected":false},"author":5,"featured_media":0,"parent":0,"menu_order":0,"comment_status":"closed","ping_status":"closed","template":"","meta":{"_et_pb_use_builder":"on","_et_pb_old_content":"","_et_gb_content_width":"","footnotes":""},"class_list":["post-2392","page","type-page","status-publish","hentry"],"jetpack_sharing_enabled":true,"_links":{"self":[{"href":"https:\/\/www.afi.pe\/en\/wp-json\/wp\/v2\/pages\/2392","targetHints":{"allow":["GET"]}}],"collection":[{"href":"https:\/\/www.afi.pe\/en\/wp-json\/wp\/v2\/pages"}],"about":[{"href":"https:\/\/www.afi.pe\/en\/wp-json\/wp\/v2\/types\/page"}],"author":[{"embeddable":true,"href":"https:\/\/www.afi.pe\/en\/wp-json\/wp\/v2\/users\/5"}],"replies":[{"embeddable":true,"href":"https:\/\/www.afi.pe\/en\/wp-json\/wp\/v2\/comments?post=2392"}],"version-history":[{"count":4,"href":"https:\/\/www.afi.pe\/en\/wp-json\/wp\/v2\/pages\/2392\/revisions"}],"predecessor-version":[{"id":3789,"href":"https:\/\/www.afi.pe\/en\/wp-json\/wp\/v2\/pages\/2392\/revisions\/3789"}],"wp:attachment":[{"href":"https:\/\/www.afi.pe\/en\/wp-json\/wp\/v2\/media?parent=2392"}],"curies":[{"name":"wp","href":"https:\/\/api.w.org\/{rel}","templated":true}]}}